{"id":1056,"date":"2019-07-29T12:46:39","date_gmt":"2019-07-29T10:46:39","guid":{"rendered":"http:\/\/www.kananas.com\/77asac\/?page_id=1056"},"modified":"2024-09-03T18:02:07","modified_gmt":"2024-09-03T16:02:07","slug":"les-membres-du-bureau-2","status":"publish","type":"page","link":"https:\/\/www.kananas.com\/77asac\/les-membres-du-bureau-2\/","title":{"rendered":"Les Membres du Bureau"},"content":{"rendered":"<p><strong>Pr\u00e9sidente<\/strong> : Catherine Chatelain<br \/>\n<strong>Tr\u00e9sorier<\/strong> : Jean Yves Chatelain<br \/>\n<strong>Secr\u00e9taire<\/strong> : Evelyne Legrand-Moullier<\/p>\n<p><strong>Adjoint Tr\u00e9sorier <\/strong>: Ginette Burnicat<br \/>\n<strong>Responsable du buffet<\/strong>\u00a0: Michel Hauet<\/p>\n<p><strong>Responsable du\u00a0 Rock : <\/strong>Jean Christophe Frederic<\/p>\n<p>&nbsp;<\/p>\n<p><img loading=\"lazy\" decoding=\"async\" class=\"alignnone size-medium wp-image-1425\" src=\"https:\/\/www.kananas.com\/77asac\/wp-content\/uploads\/sites\/30\/2023\/09\/le-bureau-595x423.jpg\" alt=\"\" width=\"595\" height=\"423\" srcset=\"https:\/\/www.kananas.com\/77asac\/wp-content\/uploads\/sites\/30\/2023\/09\/le-bureau-595x423.jpg 595w, https:\/\/www.kananas.com\/77asac\/wp-content\/uploads\/sites\/30\/2023\/09\/le-bureau-960x683.jpg 960w, https:\/\/www.kananas.com\/77asac\/wp-content\/uploads\/sites\/30\/2023\/09\/le-bureau-768x546.jpg 768w, https:\/\/www.kananas.com\/77asac\/wp-content\/uploads\/sites\/30\/2023\/09\/le-bureau.jpg 1080w\" sizes=\"auto, (max-width: 595px) 100vw, 595px\" \/><\/p>\n","protected":false},"excerpt":{"rendered":"<p>Pr\u00e9sidente : Catherine Chatelain Tr\u00e9sorier : Jean Yves Chatelain Secr\u00e9taire : Evelyne Legrand-Moullier Adjoint Tr\u00e9sorier : Ginette Burnicat Responsable du buffet\u00a0: Michel Hauet Responsable du\u00a0 Rock : Jean Christophe Frederic &nbsp;<\/p>\n","protected":false},"author":30,"featured_media":0,"parent":0,"menu_order":0,"comment_status":"closed","ping_status":"closed","template":"","meta":{"_crdt_document":"","footnotes":""},"class_list":["post-1056","page","type-page","status-publish","hentry"],"_links":{"self":[{"href":"https:\/\/www.kananas.com\/77asac\/wp-json\/wp\/v2\/pages\/1056","targetHints":{"allow":["GET"]}}],"collection":[{"href":"https:\/\/www.kananas.com\/77asac\/wp-json\/wp\/v2\/pages"}],"about":[{"href":"https:\/\/www.kananas.com\/77asac\/wp-json\/wp\/v2\/types\/page"}],"author":[{"embeddable":true,"href":"https:\/\/www.kananas.com\/77asac\/wp-json\/wp\/v2\/users\/30"}],"replies":[{"embeddable":true,"href":"https:\/\/www.kananas.com\/77asac\/wp-json\/wp\/v2\/comments?post=1056"}],"version-history":[{"count":12,"href":"https:\/\/www.kananas.com\/77asac\/wp-json\/wp\/v2\/pages\/1056\/revisions"}],"predecessor-version":[{"id":1531,"href":"https:\/\/www.kananas.com\/77asac\/wp-json\/wp\/v2\/pages\/1056\/revisions\/1531"}],"wp:attachment":[{"href":"https:\/\/www.kananas.com\/77asac\/wp-json\/wp\/v2\/media?parent=1056"}],"curies":[{"name":"wp","href":"https:\/\/api.w.org\/{rel}","templated":true}]}}