{"id":108,"date":"2016-07-12T16:22:45","date_gmt":"2016-07-12T14:22:45","guid":{"rendered":"http:\/\/www.kananas.com\/monassociation\/?page_id=108"},"modified":"2024-09-24T22:05:09","modified_gmt":"2024-09-24T20:05:09","slug":"cours-horaires","status":"publish","type":"page","link":"https:\/\/www.kananas.com\/77asac\/cours-horaires\/","title":{"rendered":"COURS"},"content":{"rendered":"<p><span style=\"color: #000000\">Vous avez toujours r\u00eav\u00e9 de r\u00e9veiller le(la) danseur(euse) qui sommeille en vous ? Alors venez profiter de nos cours avec nos g\u00e9niaux professeurs qui sauront vous transmettre tout leur savoir dans la joie et la bonne humeur !<\/span><\/p>\n<p><span style=\"color: #000000\">D\u00e9couvrez nos :<\/span><\/p>\n<ul style=\"list-style-type: disc\">\n<li><\/li>\n<li><a href=\"https:\/\/www.kananas.com\/77asac\/cours-horaires\/rock\/\"><span style=\"color: #3366ff\"><strong>Cours de Rock a<\/strong><\/span><span style=\"color: #3366ff\"><strong>vec Vania et Linda le mardi \u00e0 partir de 19h30<\/strong><\/span><\/a><\/li>\n<li><\/li>\n<li><a href=\"https:\/\/www.kananas.com\/77asac\/cours-horaires\/west-coast-swing\/\"><span style=\"color: #3366ff\"><strong>Cours de West Coast Swing avec Olivier le jeudi \u00e0 partir de 19h30<\/strong><\/span><\/a><\/li>\n<li><\/li>\n<\/ul>\n<p><span style=\"color: #000000\">En plus de nos cours, nous vous proposons tout au long de la saison des <strong>trainings inter-\u00e9coles<\/strong>, des <strong>soir\u00e9es r\u00e9serv\u00e9es aux adh\u00e9rents<\/strong> et des <strong>stages toutes danses<\/strong>. Tenez vous inform\u00e9(e) des dates en consultant notre calendrier.<\/span><\/p>\n<p>&nbsp;<\/p>\n<p><em><span style=\"color: #000000\"><span style=\"color: #000000\">Pour rappel, tous nos cours sont dispens\u00e9s \u00e0 l&rsquo;Espace Multiculturelle\u00a0de Chartrettes (43, rue Georges Cl\u00e9menceau 77590 CHARTRETTES).<\/span><\/span><\/em><\/p>\n","protected":false},"excerpt":{"rendered":"<p>Vous avez toujours r\u00eav\u00e9 de r\u00e9veiller le(la) danseur(euse) qui sommeille en vous ? Alors venez profiter de nos cours avec nos g\u00e9niaux professeurs qui sauront vous transmettre tout leur savoir dans la joie et la bonne humeur ! D\u00e9couvrez nos<\/p>\n","protected":false},"author":30,"featured_media":0,"parent":0,"menu_order":2,"comment_status":"closed","ping_status":"closed","template":"","meta":{"_crdt_document":"","footnotes":""},"class_list":["post-108","page","type-page","status-publish","hentry"],"_links":{"self":[{"href":"https:\/\/www.kananas.com\/77asac\/wp-json\/wp\/v2\/pages\/108","targetHints":{"allow":["GET"]}}],"collection":[{"href":"https:\/\/www.kananas.com\/77asac\/wp-json\/wp\/v2\/pages"}],"about":[{"href":"https:\/\/www.kananas.com\/77asac\/wp-json\/wp\/v2\/types\/page"}],"author":[{"embeddable":true,"href":"https:\/\/www.kananas.com\/77asac\/wp-json\/wp\/v2\/users\/30"}],"replies":[{"embeddable":true,"href":"https:\/\/www.kananas.com\/77asac\/wp-json\/wp\/v2\/comments?post=108"}],"version-history":[{"count":78,"href":"https:\/\/www.kananas.com\/77asac\/wp-json\/wp\/v2\/pages\/108\/revisions"}],"predecessor-version":[{"id":1540,"href":"https:\/\/www.kananas.com\/77asac\/wp-json\/wp\/v2\/pages\/108\/revisions\/1540"}],"wp:attachment":[{"href":"https:\/\/www.kananas.com\/77asac\/wp-json\/wp\/v2\/media?parent=108"}],"curies":[{"name":"wp","href":"https:\/\/api.w.org\/{rel}","templated":true}]}}