{"id":331,"date":"2016-09-07T09:34:04","date_gmt":"2016-09-07T07:34:04","guid":{"rendered":"http:\/\/www.kananas.com\/77asac\/?page_id=331"},"modified":"2025-08-26T16:48:26","modified_gmt":"2025-08-26T14:48:26","slug":"tarifs","status":"publish","type":"page","link":"https:\/\/www.kananas.com\/77asac\/tarifs\/","title":{"rendered":"Adh\u00e9sion &amp; tarifs"},"content":{"rendered":"<p style=\"text-align: left\"><img loading=\"lazy\" decoding=\"async\" class=\"alignnone size-medium wp-image-1556\" src=\"https:\/\/www.kananas.com\/77asac\/wp-content\/uploads\/sites\/30\/2025\/08\/TARIF-SITE-WEB-595x335.png\" alt=\"\" width=\"595\" height=\"335\" srcset=\"https:\/\/www.kananas.com\/77asac\/wp-content\/uploads\/sites\/30\/2025\/08\/TARIF-SITE-WEB-595x335.png 595w, https:\/\/www.kananas.com\/77asac\/wp-content\/uploads\/sites\/30\/2025\/08\/TARIF-SITE-WEB-960x540.png 960w, https:\/\/www.kananas.com\/77asac\/wp-content\/uploads\/sites\/30\/2025\/08\/TARIF-SITE-WEB-768x432.png 768w, https:\/\/www.kananas.com\/77asac\/wp-content\/uploads\/sites\/30\/2025\/08\/TARIF-SITE-WEB-1536x864.png 1536w, https:\/\/www.kananas.com\/77asac\/wp-content\/uploads\/sites\/30\/2025\/08\/TARIF-SITE-WEB-50x28.png 50w, https:\/\/www.kananas.com\/77asac\/wp-content\/uploads\/sites\/30\/2025\/08\/TARIF-SITE-WEB-1600x900.png 1600w, https:\/\/www.kananas.com\/77asac\/wp-content\/uploads\/sites\/30\/2025\/08\/TARIF-SITE-WEB.png 1920w\" sizes=\"auto, (max-width: 595px) 100vw, 595px\" \/><\/p>\n<p style=\"text-align: left\"><a href=\"https:\/\/www.kananas.com\/77asac\/wp-content\/uploads\/sites\/30\/2024\/09\/Bulletin-adhesion-2024-2025.pdf\">Bulletin adh\u00e9sion 2025<\/a><a href=\"https:\/\/www.kananas.com\/77asac\/wp-content\/uploads\/sites\/30\/2024\/09\/Bulletin-adhesion-2024-2025.pdf\">-2026<\/a><\/p>\n<p>&nbsp;<\/p>\n<p><span style=\"color: #000000\">Pour participer \u00e0 nos cours, il est obligatoire d&rsquo;adh\u00e9rer \u00e0 notre association. Cette adh\u00e9sion est \u00e0 renouveler \u00e0 chaque saison (de septembre \u00e0 juin).<\/span><\/p>\n<table style=\"border-collapse: collapse;width: 100%;height: 72px\" border=\"1\">\n<tbody>\n<tr style=\"height: 24px\">\n<td style=\"width: 50%;height: 24px\"><span style=\"color: #000000\">Adh\u00e9sion chartrettois(e)<\/span><\/td>\n<td style=\"width: 50%;text-align: center;height: 24px\"><span style=\"color: #000000\">10 \u20ac \/ saison<\/span><\/td>\n<\/tr>\n<tr style=\"height: 24px\">\n<td style=\"width: 50%;height: 24px\"><span style=\"color: #000000\">Adh\u00e9sion non chartrettois(e)<\/span><\/td>\n<td style=\"width: 50%;text-align: center;height: 24px\"><span style=\"color: #000000\">20 \u20ac \/ saison<\/span><\/td>\n<\/tr>\n<tr style=\"height: 24px\">\n<td style=\"width: 50%;height: 24px\"><span style=\"color: #000000\">Licence FSD (obligatoire)<\/span><\/td>\n<td style=\"width: 50%;text-align: center;height: 24px\"><span style=\"color: #000000\">10 \u20ac \/ saison<\/span><\/td>\n<\/tr>\n<\/tbody>\n<\/table>\n<p>&nbsp;<\/p>\n","protected":false},"excerpt":{"rendered":"<p>Bulletin adh\u00e9sion 2025-2026 &nbsp; Pour participer \u00e0 nos cours, il est obligatoire d&rsquo;adh\u00e9rer \u00e0 notre association. Cette adh\u00e9sion est \u00e0 renouveler \u00e0 chaque saison (de septembre \u00e0 juin). Adh\u00e9sion chartrettois(e) 10 \u20ac \/ saison Adh\u00e9sion non chartrettois(e) 20 \u20ac \/<\/p>\n","protected":false},"author":30,"featured_media":0,"parent":0,"menu_order":7,"comment_status":"closed","ping_status":"closed","template":"","meta":{"_crdt_document":"","footnotes":""},"class_list":["post-331","page","type-page","status-publish","hentry"],"_links":{"self":[{"href":"https:\/\/www.kananas.com\/77asac\/wp-json\/wp\/v2\/pages\/331","targetHints":{"allow":["GET"]}}],"collection":[{"href":"https:\/\/www.kananas.com\/77asac\/wp-json\/wp\/v2\/pages"}],"about":[{"href":"https:\/\/www.kananas.com\/77asac\/wp-json\/wp\/v2\/types\/page"}],"author":[{"embeddable":true,"href":"https:\/\/www.kananas.com\/77asac\/wp-json\/wp\/v2\/users\/30"}],"replies":[{"embeddable":true,"href":"https:\/\/www.kananas.com\/77asac\/wp-json\/wp\/v2\/comments?post=331"}],"version-history":[{"count":10,"href":"https:\/\/www.kananas.com\/77asac\/wp-json\/wp\/v2\/pages\/331\/revisions"}],"predecessor-version":[{"id":1559,"href":"https:\/\/www.kananas.com\/77asac\/wp-json\/wp\/v2\/pages\/331\/revisions\/1559"}],"wp:attachment":[{"href":"https:\/\/www.kananas.com\/77asac\/wp-json\/wp\/v2\/media?parent=331"}],"curies":[{"name":"wp","href":"https:\/\/api.w.org\/{rel}","templated":true}]}}