{"id":897,"date":"2018-08-26T21:40:21","date_gmt":"2018-08-26T19:40:21","guid":{"rendered":"http:\/\/www.kananas.com\/77asac\/?page_id=897"},"modified":"2024-03-26T17:25:10","modified_gmt":"2024-03-26T16:25:10","slug":"west-coast-swing","status":"publish","type":"page","link":"https:\/\/www.kananas.com\/77asac\/cours-horaires\/west-coast-swing\/","title":{"rendered":"West Coast Swing 3 niveaux"},"content":{"rendered":"<p><span style=\"color: #000000\">Vous souhaitez d\u00e9couvrir ou am\u00e9liorer votre technique en West Coast Swing ? Alors nos cours sont faits pour vous !<\/span><\/p>\n<p><span style=\"color: #000000\"><strong>Notre supe<\/strong><strong>r professeur:<\/strong> Olivier RIO<\/span><\/p>\n<p><span style=\"color: #000000\">Les cours ont lieu <strong>tous les jeudis<\/strong>\u00a0:<\/span><\/p>\n<table style=\"border-collapse: collapse;width: 100%\" border=\"1\">\n<tbody>\n<tr>\n<td style=\"width: 50%;text-align: center\"><strong><span style=\"color: #000000\">Niveau<\/span><\/strong><\/td>\n<td style=\"width: 50%;text-align: center\"><strong><span style=\"color: #000000\">Horaires<\/span><\/strong><\/td>\n<\/tr>\n<tr>\n<td style=\"width: 50%;text-align: center\"><span style=\"color: #000000\">D\u00e9butants<\/span><\/td>\n<td style=\"width: 50%;text-align: center\"><span style=\"color: #000000\">19h30-20h30<\/span><\/td>\n<\/tr>\n<tr>\n<td style=\"width: 50%;text-align: center\"><span style=\"color: #000000\">Interm\u00e9diaires<\/span><\/td>\n<td style=\"width: 50%;text-align: center\"><span style=\"color: #000000\">20h30-21h30<\/span><\/td>\n<\/tr>\n<tr>\n<td style=\"width: 50%;text-align: center\"><span style=\"color: #000000\">Confirm\u00e9s<\/span><\/td>\n<td style=\"width: 50%;text-align: center\"><span style=\"color: #000000\">21h30-22h30<\/span><\/td>\n<\/tr>\n<\/tbody>\n<\/table>\n<p><span style=\"color: #000000\">Vous souhaitez en savoir plus sur cette danse ? Voici une belle d\u00e9monstration avec nos professeurs !<\/span><\/p>\n<p><a href=\"https:\/\/www.youtube.com\/watch?v=8B-qdsLZoJE\">https:\/\/www.youtube.com\/watch?v=8B-qdsLZoJE<\/a><\/p>\n<p>&nbsp;<\/p>\n<p style=\"text-align: center\"><img loading=\"lazy\" decoding=\"async\" class=\"alignnone size-full wp-image-1196\" src=\"https:\/\/www.kananas.com\/77asac\/wp-content\/uploads\/sites\/30\/2021\/08\/99425032_10158392527634655_5104992694891970560_n.jpg\" alt=\"\" width=\"363\" height=\"550\" \/><\/p>\n","protected":false},"excerpt":{"rendered":"<p>Vous souhaitez d\u00e9couvrir ou am\u00e9liorer votre technique en West Coast Swing ? Alors nos cours sont faits pour vous ! Notre super professeur: Olivier RIO Les cours ont lieu tous les jeudis\u00a0: Niveau Horaires D\u00e9butants 19h30-20h30 Interm\u00e9diaires 20h30-21h30 Confirm\u00e9s 21h30-22h30<\/p>\n","protected":false},"author":30,"featured_media":0,"parent":108,"menu_order":2,"comment_status":"closed","ping_status":"closed","template":"","meta":{"_crdt_document":"","footnotes":""},"class_list":["post-897","page","type-page","status-publish","hentry"],"_links":{"self":[{"href":"https:\/\/www.kananas.com\/77asac\/wp-json\/wp\/v2\/pages\/897","targetHints":{"allow":["GET"]}}],"collection":[{"href":"https:\/\/www.kananas.com\/77asac\/wp-json\/wp\/v2\/pages"}],"about":[{"href":"https:\/\/www.kananas.com\/77asac\/wp-json\/wp\/v2\/types\/page"}],"author":[{"embeddable":true,"href":"https:\/\/www.kananas.com\/77asac\/wp-json\/wp\/v2\/users\/30"}],"replies":[{"embeddable":true,"href":"https:\/\/www.kananas.com\/77asac\/wp-json\/wp\/v2\/comments?post=897"}],"version-history":[{"count":8,"href":"https:\/\/www.kananas.com\/77asac\/wp-json\/wp\/v2\/pages\/897\/revisions"}],"predecessor-version":[{"id":1463,"href":"https:\/\/www.kananas.com\/77asac\/wp-json\/wp\/v2\/pages\/897\/revisions\/1463"}],"up":[{"embeddable":true,"href":"https:\/\/www.kananas.com\/77asac\/wp-json\/wp\/v2\/pages\/108"}],"wp:attachment":[{"href":"https:\/\/www.kananas.com\/77asac\/wp-json\/wp\/v2\/media?parent=897"}],"curies":[{"name":"wp","href":"https:\/\/api.w.org\/{rel}","templated":true}]}}