{"id":997,"date":"2019-07-28T09:30:28","date_gmt":"2019-07-28T07:30:28","guid":{"rendered":"http:\/\/www.kananas.com\/77asac\/?page_id=997"},"modified":"2025-11-28T11:54:21","modified_gmt":"2025-11-28T10:54:21","slug":"manifestion-saison-2022-2023","status":"publish","type":"page","link":"https:\/\/www.kananas.com\/77asac\/manifestion-saison-2022-2023\/","title":{"rendered":"Calendrier Saison 2025-2026"},"content":{"rendered":"<p><strong><u>Programme 77ASAC Saison 2025-2026<\/u><\/strong><\/p>\n<p><em>Sous r\u00e9serve selon la disponibilit\u00e9 des salles et la r\u00e9glementation gouvernementale et communale\u00a0<\/em><\/p>\n<p><em>Les horaires peuvent changer selon la disponibilit\u00e9 des professeurs<\/em><\/p>\n<table style=\"width: 100.24%;height: 602px\">\n<tbody>\n<tr style=\"height: 30px\">\n<td style=\"width: 24.8915%;height: 30px\" width=\"179\"><span style=\"color: #ff0000\"><strong>Septembre 2025<\/strong><\/span><\/td>\n<td style=\"width: 25.3217%;height: 30px\" width=\"176\"><span style=\"color: #ff0000\"><strong>\u00a0Octobre 2025<\/strong><\/span><\/td>\n<td style=\"width: 25.0192%;height: 30px\" width=\"176\"><span style=\"color: #ff0000\"><strong>\u00a0Novembre 2025<\/strong><\/span><\/td>\n<td style=\"width: 23.8993%;height: 30px\" width=\"176\"><span style=\"color: #ff0000\"><strong>D\u00e9cembr<\/strong><strong style=\"font-family: inherit;font-size: inherit\">e 2025<\/strong><strong><br \/>\n<\/strong><\/span><\/td>\n<\/tr>\n<tr style=\"height: 248px\">\n<td style=\"width: 24.8915%;height: 248px\" width=\"179\"><strong><span style=\"color: #000000\">Samedi 13 Septembre :<\/span><\/strong><strong><span style=\"color: #ff0000\">Initiation ROCK<\/span><\/strong><strong><span style=\"color: #ff0000\">Initiation WCS <\/span><\/strong><\/p>\n<p><strong><span style=\"color: #ff0000\">TRAINING ROCK &amp; WCS<\/span><\/strong><\/p>\n<p>Cours Inter avec linda-Vania et Olivier<\/td>\n<td style=\"width: 25.3217%;height: 248px\" width=\"176\"><\/td>\n<td style=\"width: 25.0192%;height: 248px\" width=\"176\"><span style=\"color: #000000\"><strong>Vendredi\u00a0 14 novembre :<\/strong><\/span>Cours Inter avec linda-Vania<span style=\"color: #ff0000\"><strong>TRAINING ROCK\u00a0<\/strong><\/span><\/p>\n<p><span style=\"color: #000000\"><strong>Dimanche 16 <\/strong><\/span><span style=\"color: #ff0000\"><strong><span style=\"color: #000000\">novembre :<\/span><\/strong><\/span><\/p>\n<p><span style=\"color: #ff0000\"><strong>STAGES WCS <\/strong><\/span><span style=\"color: #000000\"><strong><em><span style=\"color: #ff0000\">\u00a0avec Sylvain Pel\u00e9<\/span><\/em><\/strong><\/span><\/p>\n<p>Stage d\u00e9butant<\/p>\n<p>Stage inter-Avanc\u00e9<\/p>\n<p>danse<\/td>\n<td style=\"width: 23.8993%;height: 248px\" width=\"176\"><span style=\"color: #000000\"><strong>Vendredi 12 D\u00e9cembre:<\/strong><\/span>Cours Inter avec linda-Vania<span style=\"color: #ff0000\"><strong>TRAINING ROCK\u00a0<\/strong><\/span><\/td>\n<\/tr>\n<tr style=\"height: 30px\">\n<td style=\"width: 24.8915%;height: 30px\" width=\"179\"><span style=\"color: #ff0000\"><strong>\u00a0Janvier 2026<\/strong><\/span><\/td>\n<td style=\"width: 25.3217%;height: 30px\" width=\"176\"><span style=\"color: #ff0000\"><strong>\u00a0F\u00e9vrier 2026<\/strong><\/span><\/td>\n<td style=\"width: 25.0192%;height: 30px\" width=\"176\"><span style=\"color: #ff0000\"><strong>Mars 2026<\/strong><\/span><\/td>\n<td style=\"width: 23.8993%;height: 30px\" width=\"176\"><span style=\"color: #ff0000\"><strong>\u00a0Avril 2026<\/strong><\/span><\/td>\n<\/tr>\n<tr style=\"height: 183px\">\n<td style=\"width: 24.8915%;height: 62px\" width=\"179\"><span style=\"color: #000000;background-color: #ffffff\"><strong>Samedi 17 janvier :<\/strong><\/span><span style=\"color: #ff0000;background-color: #ffffff\"><strong>STAGES WCS <\/strong><strong><em>\u00a0avec G\u00e9rald\u00a0<\/em><\/strong><\/span><\/p>\n<p><span style=\"color: #000000;background-color: #ffffff\"><em>\u00a0S<\/em>tage d\u00e9butant<\/span><\/p>\n<p><span style=\"color: #000000;background-color: #ffffff\">Stage inter-Avanc\u00e9<\/span><\/p>\n<p><span style=\"color: #ff0000;background-color: #ffffff\"><strong>TRAINING\u00a0 WCS\u00a0<\/strong><\/span><\/p>\n<p><span style=\"color: #000000;background-color: #ffffff\">Cours Inter avec G\u00e9rald<\/span><\/td>\n<td style=\"width: 25.3217%;height: 62px\" width=\"176\"><strong><span style=\"color: #000000\"><span style=\"background-color: #ffffff\">Vendredi 06<\/span> f\u00e9vrier\u00a0<\/span><\/strong>Cours Inter avec linda-Vania<span style=\"color: #ff0000\"><strong>TRAINING ROCK\u00a0<\/strong><\/span><\/p>\n<p>Dimanche 15 f\u00e9vrier<\/p>\n<p><span style=\"color: #ff0000\"><strong>STAGES\u00a0 WCS avec Alex et Melissa Sutjipto<\/strong><\/span><\/p>\n<p>Stage d\u00e9butant<\/p>\n<p>Stage inter-Avanc\u00e9<\/p>\n<p>Danse<em><span style=\"color: #ff0000\">\u00a0 \u00a0 \u00a0 <\/span><\/em><\/p>\n<p><em><span style=\"color: #ff0000\">\u00a0 \u00a0\u00a0<\/span><\/em><\/td>\n<td style=\"width: 25.0192%;height: 62px\" width=\"176\"><\/td>\n<td style=\"width: 23.8993%;height: 62px\" width=\"176\"><span style=\"color: #000000\"><strong>Jeudi 2 &#8211; 9 et 16 Avril <\/strong><\/span><span style=\"color: #000000\">Ateliers avec Marina<\/span><\/p>\n<p><span style=\"color: #000000\"><strong>Vendredi 10Avril :<\/strong><\/span><\/p>\n<p>Cours Inter avec linda-Vania<\/p>\n<p><span style=\"color: #ff0000\"><strong>TRAINING ROCK\u00a0<\/strong><\/span><\/td>\n<\/tr>\n<tr style=\"height: 31px\">\n<td style=\"width: 24.8915%;height: 49px\" width=\"179\"><span style=\"color: #ff0000\"><strong>\u00a0Mai 2025<\/strong><\/span><\/td>\n<td style=\"width: 25.3217%;height: 49px\" width=\"176\">\u00a0<strong><span style=\"color: #ff0000\">Juin 2026<\/span><\/strong><\/td>\n<td style=\"width: 25.0192%;height: 49px\" width=\"176\"><strong><span style=\"color: #ff0000\">Juillet 2026<\/span><\/strong><\/td>\n<td style=\"width: 23.8993%;height: 49px\" width=\"176\"><strong><span style=\"color: #ff0000\">Aout 2026<\/span><\/strong><\/td>\n<\/tr>\n<tr style=\"height: 183px\">\n<td style=\"width: 24.8915%;height: 183px\" width=\"179\"><\/td>\n<td style=\"width: 25.3217%;height: 183px\" width=\"176\">Vendredi 19 juinCours Inter avec linda-Vania<span style=\"color: #ff0000\"><strong>TRAINING ROCK -WCS<\/strong><\/span><\/td>\n<td style=\"width: 25.0192%;height: 183px\" width=\"176\"><\/td>\n<td style=\"width: 23.8993%;height: 183px\" width=\"176\">En cours<\/td>\n<\/tr>\n<\/tbody>\n<\/table>\n<p><strong>Cours : Tous les Lundis, Mardis et Jeudis : <\/strong>1er essai gratuit tout le long de l&rsquo;ann\u00e9e<\/p>\n<p><strong>Cours portes ouvertes\u00a0 : le mardi 09 septembre 2025 Rock<\/strong><\/p>\n<p><strong>\u00a0 \u00a0 \u00a0 \u00a0 \u00a0 \u00a0 \u00a0 \u00a0 \u00a0 \u00a0 \u00a0 \u00a0 \u00a0 \u00a0 \u00a0 \u00a0 \u00a0 \u00a0 \u00a0 \u00a0 \u00a0 \u00a0 \u00a0 \u00a0: le jeudi 11 septembre 2025 West Coast Swing <\/strong><strong>\u00a0 \u00a0 \u00a0<\/strong><\/p>\n<p><strong>Tous les jeudis \u00e0 partir de 19h30 pratiques et r\u00e9vision danse pour les adh\u00e9rents de 77ASAC<\/strong><\/p>\n<p><span style=\"color: #ff0000\"><em>A partir du mois d&rsquo;avril cours solo swing et Wcs niveau 4 avec Marina Motronenko<\/em><\/span><\/p>\n","protected":false},"excerpt":{"rendered":"<p>Programme 77ASAC Saison 2025-2026 Sous r\u00e9serve selon la disponibilit\u00e9 des salles et la r\u00e9glementation gouvernementale et communale\u00a0 Les horaires peuvent changer selon la disponibilit\u00e9 des professeurs Septembre 2025 \u00a0Octobre 2025 \u00a0Novembre 2025 D\u00e9cembre 2025 Samedi 13 Septembre :Initiation ROCKInitiation WCS<\/p>\n","protected":false},"author":30,"featured_media":0,"parent":0,"menu_order":0,"comment_status":"closed","ping_status":"closed","template":"","meta":{"_crdt_document":"","footnotes":""},"class_list":["post-997","page","type-page","status-publish","hentry"],"_links":{"self":[{"href":"https:\/\/www.kananas.com\/77asac\/wp-json\/wp\/v2\/pages\/997","targetHints":{"allow":["GET"]}}],"collection":[{"href":"https:\/\/www.kananas.com\/77asac\/wp-json\/wp\/v2\/pages"}],"about":[{"href":"https:\/\/www.kananas.com\/77asac\/wp-json\/wp\/v2\/types\/page"}],"author":[{"embeddable":true,"href":"https:\/\/www.kananas.com\/77asac\/wp-json\/wp\/v2\/users\/30"}],"replies":[{"embeddable":true,"href":"https:\/\/www.kananas.com\/77asac\/wp-json\/wp\/v2\/comments?post=997"}],"version-history":[{"count":9,"href":"https:\/\/www.kananas.com\/77asac\/wp-json\/wp\/v2\/pages\/997\/revisions"}],"predecessor-version":[{"id":1573,"href":"https:\/\/www.kananas.com\/77asac\/wp-json\/wp\/v2\/pages\/997\/revisions\/1573"}],"wp:attachment":[{"href":"https:\/\/www.kananas.com\/77asac\/wp-json\/wp\/v2\/media?parent=997"}],"curies":[{"name":"wp","href":"https:\/\/api.w.org\/{rel}","templated":true}]}}