{"id":2,"date":"2026-01-11T23:29:01","date_gmt":"2026-01-11T22:29:01","guid":{"rendered":"https:\/\/www.kananas.com\/academiefootballcubmaci11489\/?page_id=2"},"modified":"2026-01-18T00:16:19","modified_gmt":"2026-01-18T00:16:19","slug":"page-d-exemple","status":"publish","type":"page","link":"https:\/\/www.kananas.com\/academiefootballcubmaci11489\/page-d-exemple\/","title":{"rendered":"Pr\u00e9sentation"},"content":{"rendered":"\n<p class=\"wp-block-paragraph\">L\u2019<strong>Acad\u00e9mie Football MACI (AFM)<\/strong> est une institution sportive et \u00e9ducative d\u00e9di\u00e9e \u00e0 la <strong>formation int\u00e9grale des jeunes par le football<\/strong>. Fond\u00e9e sur une vision acad\u00e9mique, elle place le sport au c\u0153ur de l\u2019\u00e9ducation, de la citoyennet\u00e9 et du d\u00e9veloppement humain durable.<\/p>\n\n\n\n<p class=\"wp-block-paragraph\">L\u2019Acad\u00e9mie a pour vocation de <strong>d\u00e9tecter, encadrer et accompagner les jeunes talents<\/strong>, tout en leur offrant un cadre structur\u00e9, s\u00e9curis\u00e9 et \u00e9thique. \u00c0 travers des programmes sportifs rigoureux et un encadrement qualifi\u00e9, l\u2019AFM vise l\u2019excellence, la discipline et la performance, sans jamais dissocier la r\u00e9ussite sportive de la formation humaine.<\/p>\n\n\n\n<p class=\"wp-block-paragraph\">Guid\u00e9e par des valeurs de <strong>respect, d\u2019int\u00e9grit\u00e9, d\u2019inclusion et de protection des mineurs<\/strong>, l\u2019Acad\u00e9mie Football MACI agit \u00e9galement comme un <strong>acteur social<\/strong>, contribuant \u00e0 la lutte contre l\u2019oisivet\u00e9, la d\u00e9linquance juv\u00e9nile et l\u2019exclusion, tout en favorisant l\u2019insertion sociale et professionnelle des jeunes.<\/p>\n\n\n\n<p class=\"wp-block-paragraph\">Fid\u00e8le \u00e0 sa devise, <strong>\u00ab Mission Acad\u00e9mique pour la Comp\u00e9titivit\u00e9 et l\u2019Innovation \u00bb<\/strong>, l\u2019AFM s\u2019inscrit dans une dynamique de gouvernance transparente, de partenariats responsables et d\u2019innovation continue, avec l\u2019ambition de devenir une <strong>r\u00e9f\u00e9rence nationale et internationale<\/strong> en mati\u00e8re de formation sportive et citoyenne.<\/p>\n","protected":false},"excerpt":{"rendered":"<p>L\u2019Acad\u00e9mie Football MACI (AFM) est une institution sportive et \u00e9ducative d\u00e9di\u00e9e \u00e0 la formation int\u00e9grale des jeunes par le football. Fond\u00e9e sur une vision acad\u00e9mique, elle place le sport au c\u0153ur de l\u2019\u00e9ducation, de la citoyennet\u00e9 et du d\u00e9veloppement humain durable. L\u2019Acad\u00e9mie a pour vocation de d\u00e9tecter, encadrer et accompagner les jeunes talents, tout en [&hellip;]<\/p>\n","protected":false},"author":2562,"featured_media":0,"parent":0,"menu_order":0,"comment_status":"closed","ping_status":"open","template":"","meta":{"_crdt_document":"","footnotes":""},"class_list":["post-2","page","type-page","status-publish","hentry"],"_links":{"self":[{"href":"https:\/\/www.kananas.com\/academiefootballcubmaci11489\/wp-json\/wp\/v2\/pages\/2","targetHints":{"allow":["GET"]}}],"collection":[{"href":"https:\/\/www.kananas.com\/academiefootballcubmaci11489\/wp-json\/wp\/v2\/pages"}],"about":[{"href":"https:\/\/www.kananas.com\/academiefootballcubmaci11489\/wp-json\/wp\/v2\/types\/page"}],"author":[{"embeddable":true,"href":"https:\/\/www.kananas.com\/academiefootballcubmaci11489\/wp-json\/wp\/v2\/users\/2562"}],"replies":[{"embeddable":true,"href":"https:\/\/www.kananas.com\/academiefootballcubmaci11489\/wp-json\/wp\/v2\/comments?post=2"}],"version-history":[{"count":2,"href":"https:\/\/www.kananas.com\/academiefootballcubmaci11489\/wp-json\/wp\/v2\/pages\/2\/revisions"}],"predecessor-version":[{"id":138,"href":"https:\/\/www.kananas.com\/academiefootballcubmaci11489\/wp-json\/wp\/v2\/pages\/2\/revisions\/138"}],"wp:attachment":[{"href":"https:\/\/www.kananas.com\/academiefootballcubmaci11489\/wp-json\/wp\/v2\/media?parent=2"}],"curies":[{"name":"wp","href":"https:\/\/api.w.org\/{rel}","templated":true}]}}