{"id":23,"date":"2026-01-12T11:04:55","date_gmt":"2026-01-12T10:04:55","guid":{"rendered":"https:\/\/www.kananas.com\/academiefootballcubmaci11489\/?page_id=23"},"modified":"2026-01-12T12:51:14","modified_gmt":"2026-01-12T11:51:14","slug":"mission-vision","status":"publish","type":"page","link":"https:\/\/www.kananas.com\/academiefootballcubmaci11489\/mission-vision\/","title":{"rendered":"Mission &amp; Vision"},"content":{"rendered":"\n<h3 class=\"wp-block-heading\"><strong>Notre Mission<\/strong><\/h3>\n\n\n\n<p class=\"wp-block-paragraph\">L\u2019<strong>Acad\u00e9mie Football MACI<\/strong> a pour mission de <strong>former des jeunes footballeurs complets<\/strong>, aussi bien sur le plan sportif que humain, en utilisant le football comme <strong>outil d\u2019\u00e9ducation, d\u2019insertion sociale et de d\u00e9veloppement personnel<\/strong>.<\/p>\n\n\n\n<p class=\"wp-block-paragraph\">\u00c0 travers une approche acad\u00e9mique structur\u00e9e, l\u2019Acad\u00e9mie s\u2019engage \u00e0 :<\/p>\n\n\n\n<ul class=\"wp-block-list\">\n<li>offrir une <strong>formation sportive de qualit\u00e9<\/strong>, fond\u00e9e sur la discipline, la rigueur et l\u2019excellence ;<\/li>\n\n\n\n<li>accompagner les jeunes dans leur <strong>\u00e9ducation citoyenne<\/strong>, morale et sociale ;<\/li>\n\n\n\n<li>lutter activement contre l\u2019oisivet\u00e9, la d\u00e9linquance juv\u00e9nile et l\u2019exclusion sociale ;<\/li>\n\n\n\n<li>promouvoir des valeurs fortes telles que le <strong>respect, l\u2019int\u00e9grit\u00e9, l\u2019\u00e9galit\u00e9 des chances et la protection des mineurs<\/strong> ;<\/li>\n\n\n\n<li>cr\u00e9er un environnement sain, s\u00e9curis\u00e9 et inclusif, favorable \u00e0 l\u2019\u00e9panouissement des talents.<\/li>\n<\/ul>\n\n\n\n<p class=\"wp-block-paragraph\">L\u2019Acad\u00e9mie Football MACI \u0153uvre ainsi pour r\u00e9v\u00e9ler le potentiel de chaque jeune, en lui donnant les moyens de r\u00e9ussir <strong>sur le terrain comme dans la vie<\/strong>.<\/p>\n\n\n\n<hr class=\"wp-block-separator has-alpha-channel-opacity\" \/>\n\n\n\n<h3 class=\"wp-block-heading\">\ud83c\udf0d <strong>Notre Vision<\/strong><\/h3>\n\n\n\n<p class=\"wp-block-paragraph\">La vision de l\u2019Acad\u00e9mie Football MACI est de devenir une <strong>r\u00e9f\u00e9rence acad\u00e9mique et sportive durable<\/strong>, reconnue pour la qualit\u00e9 de sa formation, son impact social et son engagement en faveur de la jeunesse.<\/p>\n\n\n\n<p class=\"wp-block-paragraph\">\u00c0 moyen et long terme, l\u2019Acad\u00e9mie ambitionne de :<\/p>\n\n\n\n<ul class=\"wp-block-list\">\n<li>s\u2019imposer comme un <strong>p\u00f4le d\u2019excellence dans la formation des jeunes talents<\/strong> ;<\/li>\n\n\n\n<li>former des joueurs capables d\u2019int\u00e9grer des clubs professionnels, tout en \u00e9tant des <strong>citoyens responsables et exemplaires<\/strong> ;<\/li>\n\n\n\n<li>contribuer au d\u00e9veloppement du football \u00e0 l\u2019\u00e9chelle locale, nationale et internationale ;<\/li>\n\n\n\n<li>b\u00e2tir un mod\u00e8le acad\u00e9mique fond\u00e9 sur la <strong>comp\u00e9titivit\u00e9, l\u2019innovation et la gouvernance responsable<\/strong> ;<\/li>\n\n\n\n<li>devenir un acteur cr\u00e9dible de partenariat avec les institutions sportives, \u00e9ducatives et sociales.<\/li>\n<\/ul>\n\n\n\n<h3 class=\"wp-block-heading\"> Une ambition claire<\/h3>\n\n\n\n<p class=\"wp-block-paragraph\">L\u2019Acad\u00e9mie Football MACI ne se limite pas \u00e0 former des joueurs.<br>Elle s\u2019engage \u00e0 <strong>former une g\u00e9n\u00e9ration disciplin\u00e9e, comp\u00e9tente et consciente de ses responsabilit\u00e9s<\/strong>, pr\u00eate \u00e0 relever les d\u00e9fis sportifs, sociaux et humains de demain.<\/p>\n\n\n\n<p class=\"wp-block-paragraph\"><strong>Acad\u00e9mie Football MACI<\/strong><br><em>Former aujourd\u2019hui \u2013 Inspirer demain \u2013 B\u00e2tir l\u2019avenir<\/em><\/p>\n","protected":false},"excerpt":{"rendered":"<p>Notre Mission L\u2019Acad\u00e9mie Football MACI a pour mission de former des jeunes footballeurs complets, aussi bien sur le plan sportif que humain, en utilisant le football comme outil d\u2019\u00e9ducation, d\u2019insertion sociale et de d\u00e9veloppement personnel. \u00c0 travers une approche acad\u00e9mique structur\u00e9e, l\u2019Acad\u00e9mie s\u2019engage \u00e0 : L\u2019Acad\u00e9mie Football MACI \u0153uvre ainsi pour r\u00e9v\u00e9ler le potentiel de [&hellip;]<\/p>\n","protected":false},"author":2562,"featured_media":0,"parent":0,"menu_order":0,"comment_status":"closed","ping_status":"closed","template":"","meta":{"_crdt_document":"","footnotes":""},"class_list":["post-23","page","type-page","status-publish","hentry"],"_links":{"self":[{"href":"https:\/\/www.kananas.com\/academiefootballcubmaci11489\/wp-json\/wp\/v2\/pages\/23","targetHints":{"allow":["GET"]}}],"collection":[{"href":"https:\/\/www.kananas.com\/academiefootballcubmaci11489\/wp-json\/wp\/v2\/pages"}],"about":[{"href":"https:\/\/www.kananas.com\/academiefootballcubmaci11489\/wp-json\/wp\/v2\/types\/page"}],"author":[{"embeddable":true,"href":"https:\/\/www.kananas.com\/academiefootballcubmaci11489\/wp-json\/wp\/v2\/users\/2562"}],"replies":[{"embeddable":true,"href":"https:\/\/www.kananas.com\/academiefootballcubmaci11489\/wp-json\/wp\/v2\/comments?post=23"}],"version-history":[{"count":2,"href":"https:\/\/www.kananas.com\/academiefootballcubmaci11489\/wp-json\/wp\/v2\/pages\/23\/revisions"}],"predecessor-version":[{"id":45,"href":"https:\/\/www.kananas.com\/academiefootballcubmaci11489\/wp-json\/wp\/v2\/pages\/23\/revisions\/45"}],"wp:attachment":[{"href":"https:\/\/www.kananas.com\/academiefootballcubmaci11489\/wp-json\/wp\/v2\/media?parent=23"}],"curies":[{"name":"wp","href":"https:\/\/api.w.org\/{rel}","templated":true}]}}