{"id":134,"date":"2019-11-07T17:52:49","date_gmt":"2019-11-07T16:52:49","guid":{"rendered":"http:\/\/www.kananas.com\/actuelxv1235\/?page_id=134"},"modified":"2025-12-01T09:51:08","modified_gmt":"2025-12-01T08:51:08","slug":"marche","status":"publish","type":"page","link":"https:\/\/www.kananas.com\/actuelxv1235\/marche\/","title":{"rendered":"Marche"},"content":{"rendered":"<p><span style=\"font-size: 14pt\"><span style=\"color: #0000ff\"><strong>RANDONNEE\u00a0<\/strong><\/span> \u00a0<\/span> \u00a0 \u00a0 \u00a0<span style=\"font-size: 14pt\"> \u00a0<span style=\"color: #0000ff\"> <strong>50 \u20ac<\/strong><\/span>\u00a0<\/span> cotisation annuelle incluant licence FFR et assurance<\/p>\n<p>Section affili\u00e9e \u00e0 la f\u00e9d\u00e9ration fran\u00e7aise de randonn\u00e9e<\/p>\n<table style=\"border-collapse: collapse;width: 100%\">\n<tbody>\n<tr>\n<td style=\"width: 50%\"><span style=\"color: #ff0000\">Certificat obligatoire \u00e0 l&rsquo;inscription<\/span><\/td>\n<td style=\"width: 50%\"><a href=\"https:\/\/www.kananas.com\/actuelxv1235\/wp-content\/uploads\/sites\/358\/2023\/06\/RANDONNEE-questionnaire-sante-attestation.pdf\" target=\"_blank\" rel=\"noopener\"><span style=\"color: #ff0000\"><strong>Questionnaire sant\u00e9 &#8211; attestation<\/strong><\/span><\/a><\/td>\n<\/tr>\n<\/tbody>\n<\/table>\n<p>Sorties : 3 dimanches par mois &#8211; un week-end par an &#8211; une semaine par an<\/p>\n<p>Prochaines dates de randonn\u00e9e<\/p>\n<table style=\"border-collapse: collapse;width: 114.222%;height: 45px\">\n<tbody>\n<tr>\n<td style=\"width: 16.842%;text-align: left\">\u00a0<\/td>\n<td style=\"width: 16.491%\">\u00a0<\/td>\n<td style=\"width: 17.2104%\">\u00a0<\/td>\n<td style=\"width: 17.1709%\"><strong>7-d\u00e9c<\/strong><\/td>\n<td style=\"width: 17.1341%\"><strong>14-d\u00e9c<\/strong><\/td>\n<\/tr>\n<tr>\n<td style=\"width: 16.842%;text-align: left\"><strong>21-d\u00e9c<\/strong><\/td>\n<td style=\"width: 16.491%\">\u00a0<\/td>\n<td style=\"width: 17.2104%\">\u00a0<\/td>\n<td style=\"width: 17.1709%\">\u00a0<\/td>\n<td style=\"width: 17.1341%\">\u00a0<\/td>\n<\/tr>\n<\/tbody>\n<\/table>\n<p>Sorties de d\u00e9cembre : voir programme ci-dessous<\/p>\n<p><span style=\"font-size: 14pt\"><span style=\"color: #0000ff\"><strong>PROMENADE NATURE<\/strong><\/span>\u00a0 \u00a0<\/span> \u00a0 \u00a0 \u00a0 \u00a0 <span style=\"font-size: 14pt\">\u00a0 <span style=\"color: #0000ff\"><strong>gratuit<\/strong><\/span><\/span><\/p>\n<p>Lundi ou jeudi 2 fois par mois &#8211; marche facile de 8 kilom\u00e8tres accessible aux seniors Les personnes inscrites re\u00e7oivent le programme d\u00e9taill\u00e9 par mail<\/p>\n<p>Prochaines dates de promenade<\/p>\n<table style=\"border-collapse: collapse;width: 116.605%;height: 45px\">\n<tbody>\n<tr style=\"height: 24px\">\n<td style=\"width: 16.6667%;height: 21px;text-align: left\">\u00a0<\/td>\n<td style=\"width: 16.6667%;height: 21px;text-align: left\">\u00a0<\/td>\n<td style=\"width: 18.9977%;height: 21px;text-align: left\">\u00a0<\/td>\n<td style=\"width: 16.5325%;height: 21px;text-align: left\"><strong>8-d\u00e9c<\/strong><\/td>\n<td style=\"width: 16.9944%;height: 21px;text-align: left\"><strong>18-d\u00e9c<\/strong><\/td>\n<td style=\"width: 29.9141%;height: 21px;text-align: left\">\u00a0<\/td>\n<\/tr>\n<tr style=\"height: 24px\">\n<td style=\"width: 16.6667%;text-align: left;height: 24px\"><strong>\u00a0<\/strong><\/td>\n<td style=\"width: 16.6667%;text-align: left;height: 24px\">\u00a0<\/td>\n<td style=\"width: 18.9977%;text-align: left;height: 24px\">\u00a0<\/td>\n<td style=\"width: 16.5325%;text-align: left;height: 24px\">\u00a0<\/td>\n<td style=\"width: 16.9944%;text-align: left;height: 24px\">\u00a0<\/td>\n<td style=\"width: 29.9141%;text-align: left;height: 24px\">\u00a0<\/td>\n<\/tr>\n<\/tbody>\n<\/table>\n<p>Photos de r\u00e9centes sorties<\/p>\n<table style=\"border-collapse: collapse;width: 77.5011%;height: 46px\">\n<tbody>\n<tr style=\"height: 22px\">\n<td style=\"width: 10.5735%;text-align: left;vertical-align: middle;height: 22px\"><a href=\"https:\/\/www.kananas.com\/actuelxv1235\/wp-content\/uploads\/sites\/358\/2025\/10\/Photos-2025.pdf\">Photos 2025<\/a><\/td>\n<td style=\"width: 7.4964%;text-align: left;vertical-align: middle;height: 22px\">\u00a0<\/td>\n<\/tr>\n<tr style=\"height: 24px\">\n<td style=\"width: 10.5735%;text-align: left;vertical-align: middle;height: 24px\">\u00a0<\/td>\n<td style=\"width: 7.4964%;text-align: left;vertical-align: middle;height: 24px\">\u00a0<\/td>\n<\/tr>\n<\/tbody>\n<\/table>\n\n\n<div data-wp-interactive=\"core\/file\" class=\"wp-block-file\"><object data-wp-bind--hidden=\"!state.hasPdfPreview\" hidden class=\"wp-block-file__embed\" data=\"https:\/\/www.kananas.com\/actuelxv1235\/wp-content\/uploads\/sites\/358\/2025\/12\/2025-T4-c.pdf\" type=\"application\/pdf\" style=\"width:100%;height:600px\" aria-label=\"Contenu embarqu\u00e9 2025-T4-c.\"><\/object><a id=\"wp-block-file--media-7cac190c-b93a-4b19-8618-b828c67513ec\" href=\"https:\/\/www.kananas.com\/actuelxv1235\/wp-content\/uploads\/sites\/358\/2025\/12\/2025-T4-c.pdf\">2025-T4-c<\/a><a href=\"https:\/\/www.kananas.com\/actuelxv1235\/wp-content\/uploads\/sites\/358\/2025\/12\/2025-T4-c.pdf\" class=\"wp-block-file__button wp-element-button\" download aria-describedby=\"wp-block-file--media-7cac190c-b93a-4b19-8618-b828c67513ec\">T\u00e9l\u00e9charger<\/a><\/div>\n","protected":false},"excerpt":{"rendered":"<p>RANDONNEE\u00a0 \u00a0 \u00a0 \u00a0 \u00a0 \u00a0 50 \u20ac\u00a0 cotisation annuelle incluant licence FFR et assurance Section affili\u00e9e \u00e0 la f\u00e9d\u00e9ration fran\u00e7aise de randonn\u00e9e Certificat obligatoire \u00e0 l&rsquo;inscription Questionnaire sant\u00e9 &#8211; attestation Sorties : 3 dimanches par mois &#8211; un week-end &hellip; <a href=\"https:\/\/www.kananas.com\/actuelxv1235\/marche\/\">Continuer la lecture <span class=\"meta-nav\">&rarr;<\/span><\/a><\/p>\n","protected":false},"author":368,"featured_media":201,"parent":0,"menu_order":0,"comment_status":"closed","ping_status":"closed","template":"onecolumn-page.php","meta":{"_crdt_document":"","footnotes":""},"class_list":["post-134","page","type-page","status-publish","has-post-thumbnail","hentry"],"_links":{"self":[{"href":"https:\/\/www.kananas.com\/actuelxv1235\/wp-json\/wp\/v2\/pages\/134","targetHints":{"allow":["GET"]}}],"collection":[{"href":"https:\/\/www.kananas.com\/actuelxv1235\/wp-json\/wp\/v2\/pages"}],"about":[{"href":"https:\/\/www.kananas.com\/actuelxv1235\/wp-json\/wp\/v2\/types\/page"}],"author":[{"embeddable":true,"href":"https:\/\/www.kananas.com\/actuelxv1235\/wp-json\/wp\/v2\/users\/368"}],"replies":[{"embeddable":true,"href":"https:\/\/www.kananas.com\/actuelxv1235\/wp-json\/wp\/v2\/comments?post=134"}],"version-history":[{"count":9,"href":"https:\/\/www.kananas.com\/actuelxv1235\/wp-json\/wp\/v2\/pages\/134\/revisions"}],"predecessor-version":[{"id":1138,"href":"https:\/\/www.kananas.com\/actuelxv1235\/wp-json\/wp\/v2\/pages\/134\/revisions\/1138"}],"wp:featuredmedia":[{"embeddable":true,"href":"https:\/\/www.kananas.com\/actuelxv1235\/wp-json\/wp\/v2\/media\/201"}],"wp:attachment":[{"href":"https:\/\/www.kananas.com\/actuelxv1235\/wp-json\/wp\/v2\/media?parent=134"}],"curies":[{"name":"wp","href":"https:\/\/api.w.org\/{rel}","templated":true}]}}