{"id":136,"date":"2019-05-08T16:39:31","date_gmt":"2019-05-08T14:39:31","guid":{"rendered":"http:\/\/www.kananas.com\/actuelxv1235\/?page_id=136"},"modified":"2025-09-02T09:22:21","modified_gmt":"2025-09-02T07:22:21","slug":"loisirs","status":"publish","type":"page","link":"https:\/\/www.kananas.com\/actuelxv1235\/loisirs\/","title":{"rendered":"Loisirs"},"content":{"rendered":"<p>Les jeux de soci\u00e9t\u00e9 en <strong>parties libres<\/strong> ont lieu au si\u00e8ge d&rsquo;Actuel XV\u00a0 Paris 15e<\/p>\n<table style=\"height: 52px;width: 107%;border-collapse: collapse\">\n<tbody>\n<tr style=\"height: 28px\">\n<td style=\"width: 10.5849%;height: 28px\"><span style=\"color: #000000\"><span style=\"font-size: 14pt\"><strong>BRIDGE<\/strong><\/span><\/span><\/td>\n<td style=\"width: 6.62726%;height: 28px\"><span style=\"color: #0000ff;font-size: 14pt\"><strong>50 \u20ac<\/strong><\/span><\/td>\n<td style=\"width: 40.3068%;height: 28px\">mardi &#8211; mercredi &#8211; jeudi\u00a0 14 h &#8211; 18 h \/ 11e \u00e9tage<\/td>\n<\/tr>\n<tr>\n<td style=\"width: 10.5849%\"><span style=\"color: #000000\"><span style=\"font-size: 14pt\"><strong>SCRABBLE<\/strong><\/span><\/span><\/td>\n<td style=\"width: 6.62726%\"><span style=\"color: #0000ff;font-size: 14pt\"><strong>40 \u20ac<\/strong><\/span><\/td>\n<td style=\"width: 40.3068%\">mardi &#8211; vendredi 14 h &#8211; 18 j \/ 7e \u00e9tage<\/td>\n<\/tr>\n<\/tbody>\n<\/table>\n<p><span style=\"font-size: 12pt\"><strong>Cours de bridge pour table de 4 joueurs : 15 \u20ac par personne<br \/>\n<\/strong><\/span><\/p>\n<p><span style=\"font-size: 14pt\"><strong>VISITES-CONFERENCES<\/strong><\/span> en partenariat avec d&rsquo;autres associations<\/p>\n<table style=\"border-collapse: collapse;width: 120.938%;height: 47px\">\n<tbody>\n<tr style=\"height: 47px\">\n<td style=\"width: 34.3669%;height: 47px\">Prix de la visite-conf\u00e9rence<\/td>\n<td style=\"width: 29.5866%;height: 47px\"><span style=\"font-size: 14pt\"><strong><span style=\"color: #0000ff\">15 \u20ac<\/span><\/strong><\/span><\/td>\n<td style=\"width: 56.9839%;height: 47px\">+ entr\u00e9e payante le cas \u00e9ch\u00e9ant<\/td>\n<\/tr>\n<\/tbody>\n<\/table>\n<p>&nbsp;<\/p>\n<p>&nbsp;<\/p>\n","protected":false},"excerpt":{"rendered":"<p>Les jeux de soci\u00e9t\u00e9 en parties libres ont lieu au si\u00e8ge d&rsquo;Actuel XV\u00a0 Paris 15e BRIDGE 50 \u20ac mardi &#8211; mercredi &#8211; jeudi\u00a0 14 h &#8211; 18 h \/ 11e \u00e9tage SCRABBLE 40 \u20ac mardi &#8211; vendredi 14 h &#8211; &hellip; <a href=\"https:\/\/www.kananas.com\/actuelxv1235\/loisirs\/\">Continuer la lecture <span class=\"meta-nav\">&rarr;<\/span><\/a><\/p>\n","protected":false},"author":368,"featured_media":0,"parent":0,"menu_order":0,"comment_status":"closed","ping_status":"closed","template":"onecolumn-page.php","meta":{"_crdt_document":"","footnotes":""},"class_list":["post-136","page","type-page","status-publish","hentry"],"_links":{"self":[{"href":"https:\/\/www.kananas.com\/actuelxv1235\/wp-json\/wp\/v2\/pages\/136","targetHints":{"allow":["GET"]}}],"collection":[{"href":"https:\/\/www.kananas.com\/actuelxv1235\/wp-json\/wp\/v2\/pages"}],"about":[{"href":"https:\/\/www.kananas.com\/actuelxv1235\/wp-json\/wp\/v2\/types\/page"}],"author":[{"embeddable":true,"href":"https:\/\/www.kananas.com\/actuelxv1235\/wp-json\/wp\/v2\/users\/368"}],"replies":[{"embeddable":true,"href":"https:\/\/www.kananas.com\/actuelxv1235\/wp-json\/wp\/v2\/comments?post=136"}],"version-history":[{"count":10,"href":"https:\/\/www.kananas.com\/actuelxv1235\/wp-json\/wp\/v2\/pages\/136\/revisions"}],"predecessor-version":[{"id":1123,"href":"https:\/\/www.kananas.com\/actuelxv1235\/wp-json\/wp\/v2\/pages\/136\/revisions\/1123"}],"wp:attachment":[{"href":"https:\/\/www.kananas.com\/actuelxv1235\/wp-json\/wp\/v2\/media?parent=136"}],"curies":[{"name":"wp","href":"https:\/\/api.w.org\/{rel}","templated":true}]}}