{"id":51,"date":"2019-05-05T19:11:26","date_gmt":"2019-05-05T17:11:26","guid":{"rendered":"http:\/\/www.kananas.com\/actuelxv1235\/?page_id=51"},"modified":"2025-10-28T08:43:03","modified_gmt":"2025-10-28T07:43:03","slug":"autres-sports","status":"publish","type":"page","link":"https:\/\/www.kananas.com\/actuelxv1235\/autres-sports\/","title":{"rendered":"Yoga"},"content":{"rendered":"<p style=\"text-align: center\"><span style=\"color: #0000ff\"><strong>Apporter son tapis pour des raisons d&rsquo;hygi\u00e8ne<\/strong><\/span><\/p>\n<p style=\"padding-left: 40px\"><em>Gymnase Sablonni\u00e8re<\/em> :\u00a0<a style=\"color: #ff4b33\" href=\"https:\/\/www.google.fr\/maps\/place\/62+Rue+Cambronne,+75015+Paris\/@48.8440416,2.2997415,17z\/data=!3m1!4b1!4m5!3m4!1s0x47e6703c5615e28f:0x40c64231bbd4af7a!8m2!3d48.8440381!4d2.3019355\" target=\"_blank\" rel=\"noopener noreferrer\">62 rue Cambronne &#8211; Paris 15e<\/a><\/p>\n<table style=\"height: 116px;width: 122.051%;border-collapse: collapse\" border=\"1\">\n<tbody>\n<tr style=\"height: 24px\">\n<td style=\"width: 52.8982%;height: 24px\"><span style=\"color: #000000;font-size: 14pt\"><strong>Yoga doux<\/strong><\/span><\/td>\n<td style=\"width: 17.9921%;height: 24px\"><span style=\"color: #0000ff;font-size: 14pt\"><strong>270 \u20ac<\/strong><\/span><\/td>\n<td style=\"width: 49.4532%;height: 24px\">mardi 18 h &#8211; 19 h<\/td>\n<\/tr>\n<tr style=\"height: 28px\">\n<td style=\"width: 52.8982%;height: 28px\"><span style=\"color: #000000;font-size: 14pt\"><strong>Hatha yoga<\/strong><\/span><\/td>\n<td style=\"width: 17.9921%;height: 28px\"><span style=\"color: #0000ff;font-size: 14pt\"><strong>270 \u20ac<\/strong><\/span><\/td>\n<td style=\"width: 49.4532%;height: 28px\">mardi 19 h &#8211; 20 h<\/td>\n<\/tr>\n<tr style=\"height: 24px\">\n<td style=\"width: 52.8982%;height: 18px\"><span style=\"color: #000000;font-size: 14pt\"><strong>\u00a0Yogalates (yoga\/Pilates)<br \/>\n<\/strong><\/span><\/td>\n<td style=\"width: 17.9921%;height: 18px\"><span style=\"color: #0000ff;font-size: 14pt\"><strong>270 \u20ac<br \/>\n<\/strong><\/span><\/td>\n<td style=\"width: 49.4532%;height: 18px\">jeudi 18 h &#8211; 19 h<\/td>\n<\/tr>\n<tr style=\"height: 24px\">\n<td style=\"width: 52.8982%;height: 24px\"><span style=\"color: #000000;font-size: 14pt\"><strong>Ashtanga yoga <\/strong>1 heure 30<\/span><\/td>\n<td style=\"width: 17.9921%;height: 24px\"><span style=\"color: #0000ff;font-size: 14pt\"><strong>330 \u20ac<br \/>\n<\/strong><\/span><\/td>\n<td style=\"width: 49.4532%;height: 24px\">jeudi 19 h &#8211; 20 h 30<\/td>\n<\/tr>\n<tr style=\"height: 24px\">\n<td style=\"width: 52.8982%;height: 22px;text-align: center\">les 2 cours par semaine au choix<\/td>\n<td style=\"width: 17.9921%;height: 22px\"><span style=\"color: #0000ff;font-size: 14pt\"><strong>390 \u20ac<\/strong><\/span><\/td>\n<td style=\"width: 49.4532%;height: 22px\"><\/td>\n<\/tr>\n<\/tbody>\n<\/table>\n<p><strong>Yoga doux<\/strong> : travail de tout le corps combin\u00e9 \u00e0 une respiration adapt\u00e9e \u00e0 chaque posture ; il permet de retrouver au fil des cours, souplesse mais aussi force et confiance, bien \u00eatre, calme et paix int\u00e9rieure.<\/p>\n<p><strong>Yogalates<\/strong> : <span class=\"\">un m\u00e9lange de yoga et Pilates, il est compos\u00e9 d\u2019exercices de\u00a0<\/span><strong>renforcement musculaire<\/strong><span class=\"\">. Venez le d\u00e9couvrir pour renforcer le centre, am\u00e9liorer la posture et lib\u00e9rer les tensions du dos.<\/span><\/p>\n<div><span style=\"font-size: 12pt\"><strong>Ashtanga yoga<\/strong> : un yoga dynamique, ou les postures et transitions s&rsquo;encha\u00eenent. Cette pratique renforce le corps et apaise l&rsquo;esprit dans un ordre sp\u00e9cifique en synchronisant la respiration. Il augmente l\u2019endurance et la flexibilit\u00e9. Tout le corps se d\u00e9toxifie et cette discipline d\u00e9veloppe la force, la souplesse et la clart\u00e9 mentale<\/span><\/div>\n","protected":false},"excerpt":{"rendered":"<p>Apporter son tapis pour des raisons d&rsquo;hygi\u00e8ne Gymnase Sablonni\u00e8re :\u00a062 rue Cambronne &#8211; Paris 15e Yoga doux 270 \u20ac mardi 18 h &#8211; 19 h Hatha yoga 270 \u20ac mardi 19 h &#8211; 20 h \u00a0Yogalates (yoga\/Pilates) 270 \u20ac jeudi &hellip; <a href=\"https:\/\/www.kananas.com\/actuelxv1235\/autres-sports\/\">Continuer la lecture <span class=\"meta-nav\">&rarr;<\/span><\/a><\/p>\n","protected":false},"author":368,"featured_media":205,"parent":0,"menu_order":0,"comment_status":"closed","ping_status":"closed","template":"onecolumn-page.php","meta":{"_crdt_document":"","footnotes":""},"class_list":["post-51","page","type-page","status-publish","has-post-thumbnail","hentry"],"_links":{"self":[{"href":"https:\/\/www.kananas.com\/actuelxv1235\/wp-json\/wp\/v2\/pages\/51","targetHints":{"allow":["GET"]}}],"collection":[{"href":"https:\/\/www.kananas.com\/actuelxv1235\/wp-json\/wp\/v2\/pages"}],"about":[{"href":"https:\/\/www.kananas.com\/actuelxv1235\/wp-json\/wp\/v2\/types\/page"}],"author":[{"embeddable":true,"href":"https:\/\/www.kananas.com\/actuelxv1235\/wp-json\/wp\/v2\/users\/368"}],"replies":[{"embeddable":true,"href":"https:\/\/www.kananas.com\/actuelxv1235\/wp-json\/wp\/v2\/comments?post=51"}],"version-history":[{"count":9,"href":"https:\/\/www.kananas.com\/actuelxv1235\/wp-json\/wp\/v2\/pages\/51\/revisions"}],"predecessor-version":[{"id":1127,"href":"https:\/\/www.kananas.com\/actuelxv1235\/wp-json\/wp\/v2\/pages\/51\/revisions\/1127"}],"wp:featuredmedia":[{"embeddable":true,"href":"https:\/\/www.kananas.com\/actuelxv1235\/wp-json\/wp\/v2\/media\/205"}],"wp:attachment":[{"href":"https:\/\/www.kananas.com\/actuelxv1235\/wp-json\/wp\/v2\/media?parent=51"}],"curies":[{"name":"wp","href":"https:\/\/api.w.org\/{rel}","templated":true}]}}