{"id":1092,"date":"2018-09-05T21:01:17","date_gmt":"2018-09-05T19:01:17","guid":{"rendered":"http:\/\/www.kananas.com\/adal2085\/?page_id=1092"},"modified":"2020-06-20T22:49:33","modified_gmt":"2020-06-20T20:49:33","slug":"historique-de-la-chorale","status":"publish","type":"page","link":"https:\/\/www.kananas.com\/adal2085\/historique-de-la-chorale\/","title":{"rendered":"Historique de la Chorale"},"content":{"rendered":"<h5><img loading=\"lazy\" decoding=\"async\" class=\"aligncenter\" src=\"http:\/\/adal78.pagesperso-orange.fr\/images\/Chorale_DSC_0144.jpg\" width=\"480\" height=\"300\" border=\"1\" \/><\/h5>\n<h5 style=\"padding-left: 30px\"><em><strong><span style=\"font-size: 18pt;font-family: comic sans ms, sans-serif\"><span style=\"color: #000080\">La chorale de l&rsquo;ADAL : 1998 &#8211; xxxx<\/span><\/span><\/strong><\/em><\/h5>\n<h5 style=\"padding-left: 30px\"><em><strong><span style=\"font-family: comic sans ms, sans-serif;font-size: 12pt\">&#8230;est n\u00e9e de l&rsquo;id\u00e9e de deux randonneurs, pratiquant par ailleurs le chant choral. Se souviennent-ils des paysages de cette journ\u00e9e de randonn\u00e9e?&#8230; Toujours est-il qu&rsquo;\u00e0 la fin de leur conversation, leur id\u00e9e avait pris forme et leur projet \u00e9tait arr\u00eat\u00e9, pas moins (!) : il y aurait s\u00fbrement des amateurs de chant et Joseph ayant d\u00e9j\u00e0 une longue pratique du chant choral en tant que choriste ferait bien le chef de choeur&#8230;<\/span><\/strong><\/em><\/h5>\n<p><em><strong><span style=\"font-family: comic sans ms, sans-serif;font-size: 12pt\">Joseph refusa tout net, puis se laissa convaincre de r\u00e9fl\u00e9chir \u00e0 l&rsquo;entreprise pour finalement accepter de se lancer dans cette nouvelle aventure&#8230; Tout cela se d\u00e9cida \u00e0 l&rsquo;automne 1997.<\/span><\/strong><\/em><\/p>\n<p><em><strong><span style=\"font-family: comic sans ms, sans-serif;font-size: 12pt\">Et la chorale prit le d\u00e9part le 5 janvier 1998, avec 9 personnes&#8230; Nous nous demandons encore comment nous avons pu tenir&#8230;<\/span><\/strong><\/em><\/p>\n<h5 style=\"padding-left: 30px\"><em><strong><span style=\"font-size: 14pt\">\u00a0&#8211; Objectifs<\/span><\/strong><\/em><\/h5>\n<p><em><strong><span style=\"font-family: comic sans ms, sans-serif\">Nos ambitions, si elles sont modestes pour tenir compte des niveaux de chacun, tr\u00e8s variables, ne sont pas moins motiv\u00e9es.<\/span><\/strong><\/em><\/p>\n<p><em><strong><span style=\"font-family: comic sans ms, sans-serif\">Nous cherchons \u00e0 toucher du coeur le ressenti que peut apporter l&rsquo;expression r\u00e9ussie en totalit\u00e9 et\/ou en partie dans le rendu de la po\u00e9sie des chansons que nous nous proposons et que nous proposons au public.<\/span><\/strong><\/em><\/p>\n<p><em><strong><span style=\"font-family: comic sans ms, sans-serif\">Notre principal objectif, depuis plusieurs ann\u00e9es d\u00e9j\u00e0, est notre participation, en compagnie de plusieurs autres chorales ignymontaines, aux concerts de mars donn\u00e9s au profit des aveugles de l&rsquo;association RETINA FRANCE, lors de 3 journ\u00e9es, au cours d&rsquo;une manifestation intitul\u00e9e \u00ab\u00a0Mille choeurs pour un regard\u00a0\u00bb qui se d\u00e9roule dans toute la France.<\/span><\/strong><\/em><\/p>\n","protected":false},"excerpt":{"rendered":"<p>La chorale de l&rsquo;ADAL : 1998 &#8211; xxxx &#8230;est n\u00e9e de l&rsquo;id\u00e9e de deux randonneurs, pratiquant par ailleurs le chant choral. Se souviennent-ils des paysages de cette journ\u00e9e de randonn\u00e9e?&#8230; Toujours est-il qu&rsquo;\u00e0 la fin de leur conversation, leur id\u00e9e &hellip; <a href=\"https:\/\/www.kananas.com\/adal2085\/historique-de-la-chorale\/\">Continuer la lecture <span class=\"meta-nav\">&rarr;<\/span><\/a><\/p>\n","protected":false},"author":609,"featured_media":3092,"parent":0,"menu_order":0,"comment_status":"closed","ping_status":"closed","template":"","meta":{"_crdt_document":"","footnotes":""},"class_list":["post-1092","page","type-page","status-publish","has-post-thumbnail","hentry"],"_links":{"self":[{"href":"https:\/\/www.kananas.com\/adal2085\/wp-json\/wp\/v2\/pages\/1092","targetHints":{"allow":["GET"]}}],"collection":[{"href":"https:\/\/www.kananas.com\/adal2085\/wp-json\/wp\/v2\/pages"}],"about":[{"href":"https:\/\/www.kananas.com\/adal2085\/wp-json\/wp\/v2\/types\/page"}],"author":[{"embeddable":true,"href":"https:\/\/www.kananas.com\/adal2085\/wp-json\/wp\/v2\/users\/609"}],"replies":[{"embeddable":true,"href":"https:\/\/www.kananas.com\/adal2085\/wp-json\/wp\/v2\/comments?post=1092"}],"version-history":[{"count":12,"href":"https:\/\/www.kananas.com\/adal2085\/wp-json\/wp\/v2\/pages\/1092\/revisions"}],"predecessor-version":[{"id":3153,"href":"https:\/\/www.kananas.com\/adal2085\/wp-json\/wp\/v2\/pages\/1092\/revisions\/3153"}],"wp:featuredmedia":[{"embeddable":true,"href":"https:\/\/www.kananas.com\/adal2085\/wp-json\/wp\/v2\/media\/3092"}],"wp:attachment":[{"href":"https:\/\/www.kananas.com\/adal2085\/wp-json\/wp\/v2\/media?parent=1092"}],"curies":[{"name":"wp","href":"https:\/\/api.w.org\/{rel}","templated":true}]}}