{"id":1288,"date":"2018-11-16T09:11:32","date_gmt":"2018-11-16T08:11:32","guid":{"rendered":"http:\/\/www.kananas.com\/adal2085\/?page_id=1288"},"modified":"2022-01-23T13:43:34","modified_gmt":"2022-01-23T12:43:34","slug":"espace-randonneurs","status":"publish","type":"page","link":"https:\/\/www.kananas.com\/adal2085\/espace-randonneurs\/","title":{"rendered":"Espace randonneurs"},"content":{"rendered":"<p style=\"text-align: left\"><a href=\"http:\/\/www.kananas.com\/adal2085\/nos-animateurs\/\" rel=\"noopener\"><span style=\"color: #800000\"><strong><em><span style=\"font-family: comic sans ms, sans-serif;font-size: 24pt\"><span style=\"font-size: 18pt\">Nos animateurs<\/span><\/span><\/em><\/strong><\/span><\/a><\/p>\r\n<p style=\"text-align: left\"><span style=\"color: #800000;font-size: 18pt\"><strong><em><span style=\"font-family: comic sans ms, sans-serif\">Nos activit\u00e9s \u00e0 venir<\/span><\/em><\/strong><\/span><\/p>\r\n<p style=\"padding-left: 60px;text-align: left\"><span style=\"color: #ff0000\"><strong><em><a href=\"http:\/\/www.kananas.com\/adal2085\/calendrier-electronique-en-ligne\/\"><span style=\"color: #ff0000\"><span style=\"font-size: 14pt\"><span style=\"color: #ff0000\">Calendrier \u00e9lectronique en ligne<\/span><\/span><\/span><\/a><\/em><\/strong><\/span><\/p>\r\n<p style=\"padding-left: 60px;text-align: left\"><span style=\"font-size: 14pt\"><a href=\"http:\/\/www.kananas.com\/adal2085\/randos-de-la-semaine\/\" rel=\"noopener\"><span style=\"color: #ff0000\"><em><span style=\"font-family: comic sans ms, sans-serif\"><span style=\"color: #ff0000\"><strong><span style=\"color: #ff0000\">Les randonn\u00e9es de la semaine<\/span><\/strong><\/span><\/span><\/em><\/span><\/a><\/span><\/p>\r\n<p><span style=\"font-size: 14pt;color: #ff0000;font-family: comic sans ms, sans-serif\"><em><strong><span dir=\"ltr\" role=\"presentation\">\u00a0\u00a0\u00a0\u00a0\u00a0\u00a0\u00a0\u00a0\u00a0<span style=\"color: #ff0000\"> S\u00e9jours et sorties:<\/span><\/span><\/strong><\/em><\/span><br role=\"presentation\" \/><span style=\"font-size: 12pt;color: #000000\"><em><span dir=\"ltr\" role=\"presentation\">\u00a0\u00a0 <\/span><\/em><\/span><span style=\"font-size: 12pt;color: #000000\"><em><span dir=\"ltr\" role=\"presentation\"><strong>\u2022<\/strong><\/span> <\/em><em><strong><span dir=\"ltr\" role=\"presentation\">S\u00e9jour Raquettes <\/span><span dir=\"ltr\" role=\"presentation\">\u00e0 Samoens<\/span> <\/strong><span dir=\"ltr\" role=\"presentation\"><strong>:<\/strong> du 5 au 12 mars 2022.<\/span><\/em><\/span><br role=\"presentation\" \/><span style=\"font-size: 12pt;color: #000000\"><em><span dir=\"ltr\" role=\"presentation\">\u00a0\u00a0 <strong>\u2022<\/strong><\/span><strong> <span dir=\"ltr\" role=\"presentation\">Weekend de Printemps<\/span> <\/strong><span dir=\"ltr\" role=\"presentation\"><strong>:<\/strong> Jean<\/span><span dir=\"ltr\" role=\"presentation\">&#8211;<\/span><span dir=\"ltr\" role=\"presentation\">Claude R<\/span><span dir=\"ltr\" role=\"presentation\">.<\/span> <span dir=\"ltr\" role=\"presentation\">dans le B\u00e9linois du 1 au 3\u00a0 avril 2022.<\/span><\/em><\/span><br role=\"presentation\" \/><span style=\"font-size: 12pt;color: #000000\"><em><span dir=\"ltr\" role=\"presentation\">\u00a0\u00a0<strong> \u2022<\/strong><\/span><strong> <span dir=\"ltr\" role=\"presentation\">Randocar<\/span><\/strong> <span dir=\"ltr\" role=\"presentation\">dans la vall\u00e9e du Petit Morin, en Seine et Marne<\/span> <span dir=\"ltr\" role=\"presentation\">: Claudine<\/span> <span dir=\"ltr\" role=\"presentation\">F.<\/span> <span dir=\"ltr\" role=\"presentation\">et Juliette R<\/span><span dir=\"ltr\" role=\"presentation\">.<\/span> <span dir=\"ltr\" role=\"presentation\">vous proposent <\/span><\/em><em><span dir=\"ltr\" role=\"presentation\">cette<\/span> <span dir=\"ltr\" role=\"presentation\">journ\u00e9e<\/span> <span dir=\"ltr\" role=\"presentation\">le 1<\/span><span dir=\"ltr\" role=\"presentation\">4<\/span> <span dir=\"ltr\" role=\"presentation\">mai 2022<\/span><span dir=\"ltr\" role=\"presentation\">.<\/span><\/em><\/span><br role=\"presentation\" \/><span style=\"font-size: 12pt;color: #000000\"><em><span dir=\"ltr\" role=\"presentation\">\u00a0\u00a0<strong> \u2022<\/strong><\/span> <span dir=\"ltr\" role=\"presentation\"><strong>S\u00e9jour de Printemps :<\/strong> dans le Ch\u00e2tillonnais<\/span> <span dir=\"ltr\" role=\"presentation\">(Al\u00e9sia) du 17 au 20 mai 2022<\/span> <span dir=\"ltr\" role=\"presentation\">propos\u00e9 par<\/span> <span dir=\"ltr\" role=\"presentation\">Juliette M.\u00a0 &#8211; <span style=\"color: #ff0000\"><a href=\"http:\/\/www.kananas.com\/adal2085\/wp-content\/uploads\/sites\/593\/2022\/01\/Descriptif-sejour-de-printemps-2022-dans-le-Chatillonnais-_compressed.pdf\" target=\"_blank\" rel=\"noopener\">Descriptif<\/a><span style=\"color: #000000\"> &#8211;\u00a0 <a href=\"http:\/\/www.kananas.com\/adal2085\/wp-content\/uploads\/sites\/593\/2022\/01\/Bulletin-dinscription-sejour-de-printemps-2022-dans-le-chatillonnais_compressed.pdf\" target=\"_blank\" rel=\"noopener\">Inscription<\/a><\/span><\/span><\/span><\/em><\/span><br role=\"presentation\" \/><span style=\"font-size: 12pt;color: #000000\"><em><span dir=\"ltr\" role=\"presentation\">\u00a0\u00a0 <strong>\u2022<\/strong><\/span><strong> <span dir=\"ltr\" role=\"presentation\">Week end camping :<\/span><\/strong> <span dir=\"ltr\" role=\"presentation\">du 4 au 6 juin<\/span> <span dir=\"ltr\" role=\"presentation\">2022<\/span> <span dir=\"ltr\" role=\"presentation\">par Michel L.<\/span><\/em><\/span><br role=\"presentation\" \/><span style=\"font-size: 12pt;color: #000000\"><em><span dir=\"ltr\" role=\"presentation\">\u00a0\u00a0 <strong>\u2022<\/strong><\/span><strong> <span dir=\"ltr\" role=\"presentation\">Une semaine en Bretagne :<\/span><\/strong> <span dir=\"ltr\" role=\"presentation\">du 19 au 26 juin 2022<\/span> <span dir=\"ltr\" role=\"presentation\">: Claude<\/span> <span dir=\"ltr\" role=\"presentation\">V.<\/span> <span dir=\"ltr\" role=\"presentation\">pr\u00e9pare ce s\u00e9jour avec le Village Vacances <\/span><\/em><em><span dir=\"ltr\" role=\"presentation\">Cap France d\u2019ERQUY. Des randonn\u00e9es mod\u00e9r\u00e9es en \u00e9toile seront propos\u00e9es.<\/span><\/em><\/span><\/p>\r\n<p><strong><span style=\"color: #ff0000\"><em><span style=\"font-family: comic sans ms, sans-serif;font-size: 14pt\"><span dir=\"ltr\" style=\"color: #ff0000\" role=\"presentation\">\u00a0\u00a0\u00a0\u00a0\u00a0\u00a0\u00a0\u00a0\u00a0 Pr\u00e9visions Septembre Octobre:<\/span><br role=\"presentation\" \/><span style=\"font-size: 12pt;color: #000000;font-family: georgia, palatino, serif\"><span dir=\"ltr\" role=\"presentation\">\u00a0 \u2022\u00a0<\/span> <span dir=\"ltr\" role=\"presentation\">S\u00e9jour<\/span> <span dir=\"ltr\" role=\"presentation\">au Tyro<\/span><span dir=\"ltr\" role=\"presentation\">l en<\/span> <span dir=\"ltr\" role=\"presentation\">Autriche :<\/span><\/span><\/span><\/em><\/span><\/strong><span style=\"color: #000000;font-family: georgia, palatino, serif\"><em><span style=\"font-size: 14pt\"><span style=\"font-size: 12pt\"><span dir=\"ltr\" role=\"presentation\"> du 24 septembre au 1 octobre 2022<\/span><\/span><\/span><\/em><strong><em><span style=\"font-size: 14pt\"><br role=\"presentation\" \/><span dir=\"ltr\" role=\"presentation\"><span style=\"font-size: 12pt\">\u00a0 \u2022 <\/span><\/span><span style=\"font-size: 12pt\"><span dir=\"ltr\" role=\"presentation\">Randocar<\/span><\/span><\/span><\/em><\/strong><em><span style=\"font-size: 14pt\"><span style=\"font-size: 12pt\"><span dir=\"ltr\" role=\"presentation\"> au Domaine de Grosbois<\/span><\/span><\/span><\/em><em><span style=\"font-size: 14pt\"><span style=\"font-size: 12pt\"> <span dir=\"ltr\" role=\"presentation\">en Seine et Marne<\/span><\/span><br role=\"presentation\" \/><span style=\"font-size: 12pt\"><span dir=\"ltr\" role=\"presentation\">Elle aura lieu le samedi 8 octobre<\/span> <span dir=\"ltr\" role=\"presentation\">2022 avec 2 cars et trois niveaux de randonn\u00e9es.<\/span><\/span><\/span><\/em><\/span><\/p>\r\n<p><span style=\"font-size: 14pt;color: #ff0000\"><strong><em>Quelques r\u00e8gles pour se d\u00e9placer en groupe<\/em><\/strong><\/span><\/p>\r\n<p><a href=\"http:\/\/www.kananas.com\/adal2085\/wp-content\/uploads\/sites\/593\/2019\/07\/R\u00e8glement-int\u00e9rieur-de-l\u2019A-Responsabilit\u00e9-des-Pratiuants.pdf\" target=\"_blank\" rel=\"noopener noreferrer\"><strong><em>1- R\u00e8glement int\u00e9rieur de l\u2019A.D.A.L.<\/em><\/strong><\/a><br \/><a href=\"http:\/\/www.kananas.com\/adal2085\/wp-content\/uploads\/sites\/593\/2019\/07\/depliant-pieton_ministere_-interieur.pdf\" target=\"_blank\" rel=\"noopener noreferrer\"><em><strong>2- D\u00e9pliant pi\u00e9ton minist\u00e8re de l&rsquo;int\u00e9rieur<\/strong><\/em><\/a><br \/><strong><em>3- <a href=\"http:\/\/www.kananas.com\/adal2085\/reccommandation-pour-la-randonnee-sur-route\/\" target=\"_blank\" rel=\"noopener noreferrer\">Pr\u00e9conisation de la F\u00e9d\u00e9ration Fran\u00e7aise de randonn\u00e9e<\/a> Extrait de la <a href=\"https:\/\/www.astig.fr\/uploaded\/recommandations-et-ra-gles-randonna-e-pa-destre-8-3-1.pdf\" target=\"_blank\" rel=\"noopener noreferrer\">Plaquette \u00a0\u00bb Pratiquer &#8211; Encadrer &#8211; Organiser\u00a0\u00bb<\/a><\/em><\/strong><\/p>\r\n<p><strong><em><a href=\"http:\/\/www.kananas.com\/adal2085\/espace-audax\/\"><span style=\"font-size: 18pt\">Espace Audax<\/span><\/a><\/em><\/strong><\/p>\r\n<p style=\"text-align: left\"><a href=\"http:\/\/www.kananas.com\/adal2085\/?page_id=2833&amp;preview=true\"><span style=\"font-size: 24pt;color: #800000\"><em><strong><span style=\"font-family: comic sans ms, sans-serif\"><span style=\"font-size: 18pt\">Comptes rendus d&rsquo;activit\u00e9s<\/span><\/span><\/strong><\/em><\/span><\/a><\/p>\r\n<p style=\"padding-left: 40px\"><a href=\"http:\/\/www.kananas.com\/adal2085\/wp-content\/uploads\/sites\/593\/2021\/06\/CR-AUBRAC-2021.pdf\" target=\"_blank\" rel=\"noopener\"><span style=\"color: #ff0000\"><strong><em>Trek en Aubrac du 2 au 9 juin 2021<\/em><\/strong><\/span><\/a><br \/><strong><em>organis\u00e9 par Philippe P\u00a0 <br \/><\/em><\/strong><\/p>\r\n<p style=\"padding-left: 40px\"><strong><em><span style=\"color: #ff0000\">Semaine en Bretagne du 10 au 17 mai 2020<\/span> <\/em><\/strong><br \/><strong><em>organis\u00e9 par Claude et Mich\u00e8le\u00a0 <br \/><\/em><\/strong><\/p>\r\n<p style=\"padding-left: 40px\"><strong><em>\u00a0<span style=\"color: #ff0000\">S\u00e9jour d\u2019Automne en Normandie<\/span>, entre for\u00eat, campagne et bord de Seine et \u00e0 Rouen du 22 au 25 septembre 2020\u00a0 <br \/><\/em><em>o<\/em><em>rganis\u00e9 par Juliette M.<\/em><\/strong><\/p>\r\n<p style=\"padding-left: 40px\"><span style=\"color: #ff0000\"><strong>Vous trouverez les compte-rendus de ces 2 derniers s\u00e9jours dans le journal de Septembre 2020 de <a href=\"http:\/\/www.kananas.com\/adal2085\/wp-content\/uploads\/sites\/593\/2020\/10\/Journal-Sept-2020.pdf\" target=\"_blank\" rel=\"noopener noreferrer\">l&rsquo;Adal-Lien<\/a><\/strong><\/span><\/p>\r\n<p><a href=\"http:\/\/www.kananas.com\/adal2085\/photos\/\" rel=\"noopener\"><span style=\"color: #008000\"><em><strong><span style=\"font-family: comic sans ms, sans-serif;font-size: 24pt\"><span style=\"font-size: 18pt\">Photos S\u00e9jours<\/span><\/span><\/strong><\/em><\/span><\/a><\/p>\r\n<p><span style=\"font-size: 18pt;font-family: comic sans ms, sans-serif;color: #339966\"><em><strong><a style=\"color: #339966\" href=\"http:\/\/www.kananas.com\/adal2085\/randonnees-a-themes\/\" target=\"_blank\" rel=\"noopener\">Randos D\u00e9couvertes<\/a><\/strong><\/em><\/span><\/p>\r\n<p style=\"text-align: left\"><span style=\"font-size: 18pt\"><a href=\"http:\/\/www.kananas.com\/adal2085\/nos-recettes-pour-bien-randonner\/\"><em><span style=\"font-family: comic sans ms, sans-serif\"><span style=\"color: #008000\"><strong>Nos recettes pour bien randonner<\/strong><\/span><\/span><\/em><\/a><\/span><\/p>\r\n<p style=\"text-align: left\">\u00a0<\/p>\r\n<p style=\"text-align: left\"><\/p>\r\n<p class=\"wp-block-paragraph\" style=\"text-align: left\">\u00a0<\/p>\r\n<p><\/p>","protected":false},"excerpt":{"rendered":"<p>Nos animateurs Nos activit\u00e9s \u00e0 venir Calendrier \u00e9lectronique en ligne Les randonn\u00e9es de la semaine \u00a0\u00a0\u00a0\u00a0\u00a0\u00a0\u00a0\u00a0\u00a0 S\u00e9jours et sorties:\u00a0\u00a0 \u2022 S\u00e9jour Raquettes \u00e0 Samoens : du 5 au 12 mars 2022.\u00a0\u00a0 \u2022 Weekend de Printemps : Jean&#8211;Claude R. dans le &hellip; <a href=\"https:\/\/www.kananas.com\/adal2085\/espace-randonneurs\/\">Continuer la lecture <span class=\"meta-nav\">&rarr;<\/span><\/a><\/p>\n","protected":false},"author":609,"featured_media":0,"parent":0,"menu_order":0,"comment_status":"closed","ping_status":"closed","template":"","meta":{"_crdt_document":"","footnotes":""},"class_list":["post-1288","page","type-page","status-publish","hentry"],"_links":{"self":[{"href":"https:\/\/www.kananas.com\/adal2085\/wp-json\/wp\/v2\/pages\/1288","targetHints":{"allow":["GET"]}}],"collection":[{"href":"https:\/\/www.kananas.com\/adal2085\/wp-json\/wp\/v2\/pages"}],"about":[{"href":"https:\/\/www.kananas.com\/adal2085\/wp-json\/wp\/v2\/types\/page"}],"author":[{"embeddable":true,"href":"https:\/\/www.kananas.com\/adal2085\/wp-json\/wp\/v2\/users\/609"}],"replies":[{"embeddable":true,"href":"https:\/\/www.kananas.com\/adal2085\/wp-json\/wp\/v2\/comments?post=1288"}],"version-history":[{"count":222,"href":"https:\/\/www.kananas.com\/adal2085\/wp-json\/wp\/v2\/pages\/1288\/revisions"}],"predecessor-version":[{"id":4661,"href":"https:\/\/www.kananas.com\/adal2085\/wp-json\/wp\/v2\/pages\/1288\/revisions\/4661"}],"wp:attachment":[{"href":"https:\/\/www.kananas.com\/adal2085\/wp-json\/wp\/v2\/media?parent=1288"}],"curies":[{"name":"wp","href":"https:\/\/api.w.org\/{rel}","templated":true}]}}