{"id":1978,"date":"2019-01-11T13:20:41","date_gmt":"2019-01-11T12:20:41","guid":{"rendered":"http:\/\/www.kananas.com\/adal2085\/?page_id=1978"},"modified":"2021-09-08T23:13:23","modified_gmt":"2021-09-08T21:13:23","slug":"espace-audax","status":"publish","type":"page","link":"https:\/\/www.kananas.com\/adal2085\/espace-audax\/","title":{"rendered":"Espace Audax"},"content":{"rendered":"<p class=\"has-text-color has-background has-white-background-color\" style=\"color: #08a300;text-align: center\"><em><strong><span style=\"font-family: comic sans ms, sans-serif;font-size: 14pt\"><span style=\"font-size: 18pt\"><span style=\"font-family: comic sans ms, sans-serif\"><span style=\"color: #008000\">Les Entra\u00eenements Audax<\/span><\/span><\/span><\/span><\/strong><\/em><\/p>\n<p style=\"padding-left: 60px\"><em><strong><span style=\"font-family: comic sans ms, sans-serif\">L\u2019Adal propose des s\u00e9ances d\u2019entra\u00eenement tout au long de l\u2019ann\u00e9e un lundi sur deux.\u00a0 <\/span><\/strong><\/em><br \/>\n<em><strong><span style=\"font-family: comic sans ms, sans-serif\">Ces entra\u00eenements sont de 2 fois 12,5 km avec pause et arr\u00eat \u00e0 12,5 km. Ceux qui ne souhaitent faire que 12,5 km peuvent rejoindre le groupe \u00e0 la pause m\u00e9diane. <\/span><\/strong><\/em><\/p>\n<p style=\"padding-left: 60px\"><em><strong><span style=\"font-family: comic sans ms, sans-serif\">Horaires et lieux de d\u00e9part: consulter le r\u00e9pondeur de la Marche Nordique<br \/>\n<\/span><\/strong><\/em><\/p>\n<p style=\"text-align: center\"><span style=\"font-size: 18pt;color: #008000\"><em><span style=\"font-family: comic sans ms, sans-serif\"><strong><span style=\"font-family: comic sans ms, sans-serif\">Nos Prochains Audax<\/span><\/strong><\/span><\/em><\/span><\/p>\n<p style=\"padding-left: 200px\">\n<p style=\"text-align: center\"><span style=\"font-size: 18pt;color: #008000\"><strong><em><span style=\"font-family: comic sans ms, sans-serif\">Compte rendu activit\u00e9 Audax<\/span><\/em><\/strong><\/span><\/p>\n<p style=\"text-align: center\"><strong><em>Samedi 20 Mars 2021: <a href=\"http:\/\/www.kananas.com\/adal2085\/wp-content\/uploads\/sites\/593\/2021\/03\/Marche-audax-5-18630671.pdf\" target=\"_blank\" rel=\"noopener\">\u00a0Audax\u00a0 Restos du C\u0153ur<\/a>\u00a0\u00a0\u00a0\u00a0\u00a0\u00a0\u00a0\u00a0 &#8211; <\/em><\/strong><\/p>\n<p style=\"text-align: center\"><strong><em>Samedi 25 mai 2019<\/em><\/strong>, <em>l\u2019ADAL a organis\u00e9 sa quatri\u00e8me marche AUDAX de 25 km <\/em><br \/>\n<em><a href=\"https:\/\/photos.google.com\/share\/AF1QipM9Ym6yNJhnxXkhPrAFZ6nfgrkYGhvG4K1xCKo7DaivcEwxVBgTnc3_02xdOcGzqQ?key=c2tBbUNDeWQ1WnNOdHVKQXRBNFAzN2dSVWxsWHV3\" target=\"_blank\" rel=\"noopener noreferrer\">Photos souvenirs<\/a><\/em><\/p>\n<p style=\"padding-left: 40px\"><a href=\"http:\/\/www.kananas.com\/adal2085\/wp-content\/uploads\/sites\/593\/2019\/04\/CR-Audax-13042019.pdf\" target=\"_blank\" rel=\"noopener noreferrer\"><em><strong><span style=\"font-size: 14pt\"><span style=\"font-family: comic sans ms, sans-serif\">Audax du 13 Avril 2019 au b\u00e9n\u00e9fice des restos du coeu<\/span><\/span>r<\/strong><\/em><\/a><\/p>\n<p style=\"text-align: left;padding-left: 30px\"><span style=\"font-size: 14pt;color: #800000\"><em><strong><span style=\"font-family: comic sans ms, sans-serif\">Audax du 20 Octobre 2018<\/span><\/strong><\/em><\/span><\/p>\n<p style=\"text-align: left;padding-left: 150px\"><span style=\"font-family: comic sans ms, sans-serif\"><em><a href=\"http:\/\/www.kananas.com\/adal2085\/wp-content\/uploads\/sites\/593\/2018\/11\/Compte-rendu-de-lAudax-du-20-octobre-2018.pdf\" target=\"_blank\" rel=\"noopener noreferrer\"><strong><span style=\"font-family: impact, sans-serif\"><span style=\"font-family: comic sans ms, sans-serif\">Compte rendu ADAL<\/span><\/span><\/strong><\/a><\/em><\/span><\/p>\n<p style=\"padding-left: 150px\"><a href=\"http:\/\/www.kananas.com\/adal2085\/wp-content\/uploads\/sites\/593\/2019\/02\/AUDAX-ADAL-20102018.pdf\" target=\"_blank\" rel=\"noopener noreferrer\"><strong><em><span style=\"font-family: comic sans ms, sans-serif\">Article de presse du premier Audax organis\u00e9 par l&rsquo;ADAL<\/span><\/em><\/strong><\/a><\/p>\n","protected":false},"excerpt":{"rendered":"<p>Les Entra\u00eenements Audax L\u2019Adal propose des s\u00e9ances d\u2019entra\u00eenement tout au long de l\u2019ann\u00e9e un lundi sur deux.\u00a0 Ces entra\u00eenements sont de 2 fois 12,5 km avec pause et arr\u00eat \u00e0 12,5 km. Ceux qui ne souhaitent faire que 12,5 km &hellip; <a href=\"https:\/\/www.kananas.com\/adal2085\/espace-audax\/\">Continuer la lecture <span class=\"meta-nav\">&rarr;<\/span><\/a><\/p>\n","protected":false},"author":609,"featured_media":0,"parent":0,"menu_order":0,"comment_status":"closed","ping_status":"closed","template":"","meta":{"_crdt_document":"","footnotes":""},"class_list":["post-1978","page","type-page","status-publish","hentry"],"_links":{"self":[{"href":"https:\/\/www.kananas.com\/adal2085\/wp-json\/wp\/v2\/pages\/1978","targetHints":{"allow":["GET"]}}],"collection":[{"href":"https:\/\/www.kananas.com\/adal2085\/wp-json\/wp\/v2\/pages"}],"about":[{"href":"https:\/\/www.kananas.com\/adal2085\/wp-json\/wp\/v2\/types\/page"}],"author":[{"embeddable":true,"href":"https:\/\/www.kananas.com\/adal2085\/wp-json\/wp\/v2\/users\/609"}],"replies":[{"embeddable":true,"href":"https:\/\/www.kananas.com\/adal2085\/wp-json\/wp\/v2\/comments?post=1978"}],"version-history":[{"count":64,"href":"https:\/\/www.kananas.com\/adal2085\/wp-json\/wp\/v2\/pages\/1978\/revisions"}],"predecessor-version":[{"id":4462,"href":"https:\/\/www.kananas.com\/adal2085\/wp-json\/wp\/v2\/pages\/1978\/revisions\/4462"}],"wp:attachment":[{"href":"https:\/\/www.kananas.com\/adal2085\/wp-json\/wp\/v2\/media?parent=1978"}],"curies":[{"name":"wp","href":"https:\/\/api.w.org\/{rel}","templated":true}]}}