{"id":2138,"date":"2019-01-17T23:00:16","date_gmt":"2019-01-17T22:00:16","guid":{"rendered":"http:\/\/www.kananas.com\/adal2085\/?page_id=2138"},"modified":"2022-06-06T12:50:26","modified_gmt":"2022-06-06T10:50:26","slug":"inscription-en-ligne","status":"publish","type":"page","link":"https:\/\/www.kananas.com\/adal2085\/inscription-en-ligne\/","title":{"rendered":"Inscription"},"content":{"rendered":"<h2><a href=\"https:\/\/www.kananas.com\/adal2085\/reinscriptions-nouvelle-saison-sportive\/\"><strong><span style=\"color: #ff0000\">R\u00e9inscriptions pour la nouvelle saison<\/span><\/strong><\/a><\/h2>\n<h2><span style=\"color: #ff0000\"><a style=\"color: #ff0000\" href=\"https:\/\/www.kananas.com\/adal2085\/adhesions-en-ligne-fin\/\" target=\"_blank\" rel=\"noopener\"><strong>Nouvelles adh\u00e9sions en ligne<\/strong><\/a><\/span><strong><br \/>\n<\/strong><\/h2>\n<h2><span style=\"color: #ff0000\"><a style=\"color: #ff0000\" href=\"http:\/\/www.kananas.com\/adal2085\/licence-ffrandonnee-2019-2020-et-tableau-des-garanties\/\"><strong>Licences FFRandonn\u00e9e &#8211; Tableau des garanties et tarifs<\/strong><\/a><\/span><\/h2>\n<h2><span style=\"color: #ff0000\"><strong><a href=\"http:\/\/www.kananas.com\/adal2085\/aide-a-linscription-en-ligne\/\">Aide \u00e0 l&rsquo;inscription (tutoriels)<\/a><br \/>\n<\/strong><\/span><\/h2>\n","protected":false},"excerpt":{"rendered":"<p>R\u00e9inscriptions pour la nouvelle saison Nouvelles adh\u00e9sions en ligne Licences FFRandonn\u00e9e &#8211; Tableau des garanties et tarifs Aide \u00e0 l&rsquo;inscription (tutoriels)<\/p>\n","protected":false},"author":609,"featured_media":0,"parent":0,"menu_order":0,"comment_status":"closed","ping_status":"closed","template":"","meta":{"_crdt_document":"","footnotes":""},"class_list":["post-2138","page","type-page","status-publish","hentry"],"_links":{"self":[{"href":"https:\/\/www.kananas.com\/adal2085\/wp-json\/wp\/v2\/pages\/2138","targetHints":{"allow":["GET"]}}],"collection":[{"href":"https:\/\/www.kananas.com\/adal2085\/wp-json\/wp\/v2\/pages"}],"about":[{"href":"https:\/\/www.kananas.com\/adal2085\/wp-json\/wp\/v2\/types\/page"}],"author":[{"embeddable":true,"href":"https:\/\/www.kananas.com\/adal2085\/wp-json\/wp\/v2\/users\/609"}],"replies":[{"embeddable":true,"href":"https:\/\/www.kananas.com\/adal2085\/wp-json\/wp\/v2\/comments?post=2138"}],"version-history":[{"count":18,"href":"https:\/\/www.kananas.com\/adal2085\/wp-json\/wp\/v2\/pages\/2138\/revisions"}],"predecessor-version":[{"id":5375,"href":"https:\/\/www.kananas.com\/adal2085\/wp-json\/wp\/v2\/pages\/2138\/revisions\/5375"}],"wp:attachment":[{"href":"https:\/\/www.kananas.com\/adal2085\/wp-json\/wp\/v2\/media?parent=2138"}],"curies":[{"name":"wp","href":"https:\/\/api.w.org\/{rel}","templated":true}]}}