{"id":2142,"date":"2019-01-17T23:04:21","date_gmt":"2019-01-17T22:04:21","guid":{"rendered":"http:\/\/www.kananas.com\/adal2085\/?page_id=2142"},"modified":"2025-07-02T12:49:54","modified_gmt":"2025-07-02T10:49:54","slug":"aide-a-linscription-en-ligne","status":"publish","type":"page","link":"https:\/\/www.kananas.com\/adal2085\/aide-a-linscription-en-ligne\/","title":{"rendered":"Aide \u00e0 l&rsquo;inscription"},"content":{"rendered":"<p><strong>Vous trouverez ci-dessous les tutoriels vous aidant lors de l&rsquo;inscription ou la r\u00e9inscription :<\/strong><\/p>\n<ul>\n<li><a href=\"https:\/\/www.kananas.com\/adal2085\/wp-content\/uploads\/sites\/593\/2022\/06\/Reinscriptions-via-Kananas-2022-2023.pdf\"><span style=\"font-size: 14pt;color: #ff0000\">R\u00e9inscriptions sur Kananas : comment faire ?<\/span><\/a><\/li>\n<li><span style=\"font-size: 14pt;color: #ff0000\"><a style=\"color: #ff0000\" href=\"http:\/\/www.kananas.com\/adal2085\/wp-content\/uploads\/sites\/593\/2021\/06\/Inscriptions-ADAL-via-Kananas.pdf\">Je veux adh\u00e9rer \u00e0 l&rsquo;Adal pour la premi\u00e8re fois : comment faire <\/a>? (Les nouvelles inscriptions seront possibles en septembre)<\/span><\/li>\n<\/ul>\n","protected":false},"excerpt":{"rendered":"<p>Vous trouverez ci-dessous les tutoriels vous aidant lors de l&rsquo;inscription ou la r\u00e9inscription : R\u00e9inscriptions sur Kananas : comment faire ? Je veux adh\u00e9rer \u00e0 l&rsquo;Adal pour la premi\u00e8re fois : comment faire ? (Les nouvelles inscriptions seront possibles en &hellip; <a href=\"https:\/\/www.kananas.com\/adal2085\/aide-a-linscription-en-ligne\/\">Continuer la lecture <span class=\"meta-nav\">&rarr;<\/span><\/a><\/p>\n","protected":false},"author":609,"featured_media":0,"parent":0,"menu_order":0,"comment_status":"closed","ping_status":"closed","template":"","meta":{"_crdt_document":"","footnotes":""},"class_list":["post-2142","page","type-page","status-publish","hentry"],"_links":{"self":[{"href":"https:\/\/www.kananas.com\/adal2085\/wp-json\/wp\/v2\/pages\/2142","targetHints":{"allow":["GET"]}}],"collection":[{"href":"https:\/\/www.kananas.com\/adal2085\/wp-json\/wp\/v2\/pages"}],"about":[{"href":"https:\/\/www.kananas.com\/adal2085\/wp-json\/wp\/v2\/types\/page"}],"author":[{"embeddable":true,"href":"https:\/\/www.kananas.com\/adal2085\/wp-json\/wp\/v2\/users\/609"}],"replies":[{"embeddable":true,"href":"https:\/\/www.kananas.com\/adal2085\/wp-json\/wp\/v2\/comments?post=2142"}],"version-history":[{"count":10,"href":"https:\/\/www.kananas.com\/adal2085\/wp-json\/wp\/v2\/pages\/2142\/revisions"}],"predecessor-version":[{"id":7757,"href":"https:\/\/www.kananas.com\/adal2085\/wp-json\/wp\/v2\/pages\/2142\/revisions\/7757"}],"wp:attachment":[{"href":"https:\/\/www.kananas.com\/adal2085\/wp-json\/wp\/v2\/media?parent=2142"}],"curies":[{"name":"wp","href":"https:\/\/api.w.org\/{rel}","templated":true}]}}