{"id":2229,"date":"2019-01-23T17:14:39","date_gmt":"2019-01-23T16:14:39","guid":{"rendered":"http:\/\/www.kananas.com\/adal2085\/?page_id=2229"},"modified":"2025-12-11T18:01:13","modified_gmt":"2025-12-11T17:01:13","slug":"decouvrir-ladal","status":"publish","type":"page","link":"https:\/\/www.kananas.com\/adal2085\/","title":{"rendered":"D\u00e9couvrir l&rsquo;ADAL"},"content":{"rendered":"<p style=\"text-align: center\"><span style=\"color: #0000ff;font-size: 14pt;font-family: georgia, palatino, serif\"><strong>L&rsquo;ADAL est une association loi 1901 \u00e0 but non lucratif.<\/strong><\/span><br \/>\n<span style=\"color: #0000ff;font-size: 14pt;font-family: georgia, palatino, serif\"><strong>Situ\u00e9e \u00e0 Montigny le Bretonneux dans les Yvelines,<\/strong><\/span><br \/>\n<span style=\"font-family: georgia, palatino, serif\"><strong><span style=\"color: #0000ff;font-size: 14pt\">elle propose 7 activit\u00e9s de loisirs<\/span><\/strong><\/span><em><strong><br \/>\n<\/strong><\/em><\/p>\n<p style=\"text-align: center\"><em><span style=\"font-family: comic sans ms, sans-serif\">(pour en savoir plus, cliquer dans le sch\u00e9ma sur le cadre de la section)<\/span><\/em><\/p>\n<table style=\"width: 100.469%;height: 489px\">\n<tbody>\n<tr style=\"height: 534px\">\n<td style=\"text-align: center;width: 31.2488%;height: 489px\">&nbsp;<\/p>\n<p><span style=\"font-size: 12pt\"><strong><span style=\"color: #0000ff;font-family: comic sans ms, sans-serif\"><span style=\"font-family: georgia, palatino, serif\">ACTIVIT\u00c9S MANUELLES ET<\/span><\/span><\/strong><strong><br \/>\n<span style=\"color: #0000ff;font-family: georgia, palatino, serif\">ARTISTIQUES<\/span><\/strong><\/span><\/p>\n<p class=\"hide-if-no-js\"><a id=\"set-post-thumbnail\" class=\"thickbox\" href=\"http:\/\/www.kananas.com\/adal2085\/espace-chorale\/\" rel=\"noopener noreferrer\"><img loading=\"lazy\" decoding=\"async\" class=\"attachment-post-thumbnail alignnone\" src=\"http:\/\/www.kananas.com\/adal2085\/wp-content\/uploads\/sites\/593\/2018\/01\/logo-Chorale-1-e1517039992717-366x198.jpg\" alt=\"\" width=\"92\" height=\"50\" \/><\/a><\/p>\n<p class=\"hide-if-no-js\"><a id=\"set-post-thumbnail\" class=\"thickbox\" rel=\"noopener noreferrer\"><\/a><a href=\"https:\/\/www.kananas.com\/adal2085\/couture\/\"><img loading=\"lazy\" decoding=\"async\" class=\"attachment-post-thumbnail alignnone\" src=\"http:\/\/www.kananas.com\/adal2085\/wp-content\/uploads\/sites\/593\/2018\/01\/logo-Couture-e1517000199214-366x198.jpg\" alt=\"\" width=\"92\" height=\"50\" \/><\/a><\/p>\n<p class=\"hide-if-no-js\"><a id=\"set-post-thumbnail\" class=\"thickbox\" target=\"_blank\" rel=\"noopener noreferrer\"><\/a><a href=\"https:\/\/www.kananas.com\/adal2085\/loisirs-creatifs\/\"><img loading=\"lazy\" decoding=\"async\" class=\"attachment-post-thumbnail aligncenter\" src=\"http:\/\/www.kananas.com\/adal2085\/wp-content\/uploads\/sites\/593\/2018\/06\/Logo-Loisirs-Cr\u00e9atifs-e1528831807856.jpg\" alt=\"\" width=\"92\" height=\"50\" \/><\/a><\/p>\n<p class=\"hide-if-no-js\">\n<\/td>\n<td style=\"width: 23.7513%;height: 489px\">&nbsp;<\/p>\n<p><a href=\"https:\/\/youtu.be\/UbsAC-3tls8\" target=\"_blank\" rel=\"noopener\"><img loading=\"lazy\" decoding=\"async\" class=\"wp-image-6679 aligncenter\" src=\"https:\/\/www.kananas.com\/adal2085\/wp-content\/uploads\/sites\/593\/2023\/11\/L-Adal-a-la-Tele-300x300.jpg\" alt=\"\" width=\"63\" height=\"63\" srcset=\"https:\/\/www.kananas.com\/adal2085\/wp-content\/uploads\/sites\/593\/2023\/11\/L-Adal-a-la-Tele-300x300.jpg 300w, https:\/\/www.kananas.com\/adal2085\/wp-content\/uploads\/sites\/593\/2023\/11\/L-Adal-a-la-Tele-150x150.jpg 150w, https:\/\/www.kananas.com\/adal2085\/wp-content\/uploads\/sites\/593\/2023\/11\/L-Adal-a-la-Tele.jpg 366w\" sizes=\"auto, (max-width: 63px) 100vw, 63px\" \/><\/a><\/p>\n<p><a href=\"https:\/\/youtu.be\/BkFAJmsDiGw\" target=\"_blank\" rel=\"noopener\"><img loading=\"lazy\" decoding=\"async\" class=\"aligncenter\" src=\"https:\/\/www.kananas.com\/adal2085\/wp-content\/uploads\/sites\/593\/2025\/12\/Film-sur-le-trophee-des-clubs-sentiers-JOP-1.jpg\" width=\"93\" height=\"50\" \/><\/a><\/p>\n<p><a href=\"http:\/\/www.kananas.com\/adal2085\/organisation-de-ladal\/\" target=\"_blank\" rel=\"noopener noreferrer\">\u00a0 <img loading=\"lazy\" decoding=\"async\" class=\"attachment-post-thumbnail aligncenter\" src=\"http:\/\/www.kananas.com\/adal2085\/wp-content\/uploads\/sites\/593\/2017\/12\/Logo-Adal.jpg\" alt=\"\" width=\"118\" height=\"81\" \/><\/a><\/p>\n<p class=\"hide-if-no-js\">\n<\/td>\n<td style=\"width: 56.8421%;height: 489px\">&nbsp;<\/p>\n<p style=\"text-align: center\"><strong><span style=\"font-family: georgia, palatino, serif;font-size: 12pt;color: #0000ff\">ACTIVIT\u00c9S SPORTIVES<\/span><\/strong><br \/>\n<strong><span style=\"font-family: georgia, palatino, serif;font-size: 12pt;color: #0000ff\">Avec Licence obligatoire et Certificat M\u00e9dical<\/span><\/strong><\/p>\n<p class=\"hide-if-no-js\" style=\"padding-left: 40px\"><a id=\"set-post-thumbnail\" class=\"thickbox\" href=\"http:\/\/www.kananas.com\/adal2085\/randonnees\/\" rel=\"noopener noreferrer\"><img loading=\"lazy\" decoding=\"async\" class=\"attachment-post-thumbnail alignnone\" src=\"http:\/\/www.kananas.com\/adal2085\/wp-content\/uploads\/sites\/593\/2018\/01\/logo-Randonn\u00e9e-e1517040424163-366x198.jpg\" alt=\"\" width=\"92\" height=\"50\" \/><\/a><\/p>\n<p class=\"hide-if-no-js\" style=\"padding-left: 40px\"><a id=\"set-post-thumbnail\" class=\"thickbox\" href=\"http:\/\/www.kananas.com\/adal2085\/marche-nordique\/\" rel=\"noopener noreferrer\"><img loading=\"lazy\" decoding=\"async\" class=\"attachment-post-thumbnail alignnone\" src=\"http:\/\/www.kananas.com\/adal2085\/wp-content\/uploads\/sites\/593\/2018\/01\/Logo-marche-nordique-e1516999484840-367x198.jpg\" alt=\"\" width=\"92\" height=\"50\" \/><\/a><\/p>\n<p class=\"hide-if-no-js\" style=\"padding-left: 40px\"><a href=\"https:\/\/www.kananas.com\/adal2085\/rando-sante-2\/\" rel=\"noopener noreferrer\"><img loading=\"lazy\" decoding=\"async\" class=\"attachment-post-thumbnail alignnone\" src=\"http:\/\/www.kananas.com\/adal2085\/wp-content\/uploads\/sites\/593\/2018\/01\/Logo-rando-sante-e1516998966488.jpg\" alt=\"\" width=\"92\" height=\"50\" \/><\/a><\/p>\n<p class=\"hide-if-no-js\" style=\"padding-left: 40px\"><a id=\"set-post-thumbnail\" class=\"thickbox\" href=\"https:\/\/www.kananas.com\/adal2085\/marche-endurance-audax\/\" rel=\"noopener noreferrer\"><img loading=\"lazy\" decoding=\"async\" class=\"attachment-post-thumbnail alignnone\" src=\"https:\/\/www.kananas.com\/adal2085\/wp-content\/uploads\/sites\/593\/2022\/07\/logo-Audax.jpg\" alt=\"\" width=\"92\" height=\"50\" \/><\/a><\/p>\n<\/td>\n<\/tr>\n<\/tbody>\n<\/table>\n<p style=\"text-align: center\"><strong><em>Vous \u00eates<\/em><\/strong> <a title=\"compteur de visite site web\" href=\"https:\/\/www.compteurdevisite.com\"><img loading=\"lazy\" decoding=\"async\" class=\"\" title=\"compteur de visite site web\" src=\"https:\/\/counter7.wheredoyoucomefrom.ovh\/private\/compteurdevisite.php?c=8cyrknkx4an5fdcnwggbf4xd5wpx33cc\" alt=\"compteur de visite site web\" width=\"90\" height=\"15\" border=\"0\" \/><\/a> <strong><em>\u00e0 avoir visit\u00e9 cette page<\/em><\/strong><\/p>\n<p style=\"text-align: center\"><span style=\"font-size: 14pt;color: #ff00ff\"><strong><span class=\"su-highlight\" style=\"background:#ddff99;color:#000000\">&nbsp;Adh\u00e9sion en ligne 2025-2026, pour nous rejoindre c&rsquo;est par <span style=\"color: #800080\"><a style=\"color: #800080\" href=\"https:\/\/www.kananas.com\/adal2085\/adhesion\/\" target=\"_blank\" rel=\"noopener\">ici<\/a><\/span> !&nbsp;<\/span><\/strong><\/span><\/p>\n","protected":false},"excerpt":{"rendered":"<p>L&rsquo;ADAL est une association loi 1901 \u00e0 but non lucratif. Situ\u00e9e \u00e0 Montigny le Bretonneux dans les Yvelines, elle propose 7 activit\u00e9s de loisirs (pour en savoir plus, cliquer dans le sch\u00e9ma sur le cadre de la section) &nbsp; ACTIVIT\u00c9S &hellip; <a href=\"https:\/\/www.kananas.com\/adal2085\/\">Continuer la lecture <span class=\"meta-nav\">&rarr;<\/span><\/a><\/p>\n","protected":false},"author":609,"featured_media":0,"parent":0,"menu_order":0,"comment_status":"closed","ping_status":"closed","template":"","meta":{"_crdt_document":"","footnotes":""},"class_list":["post-2229","page","type-page","status-publish","hentry"],"_links":{"self":[{"href":"https:\/\/www.kananas.com\/adal2085\/wp-json\/wp\/v2\/pages\/2229","targetHints":{"allow":["GET"]}}],"collection":[{"href":"https:\/\/www.kananas.com\/adal2085\/wp-json\/wp\/v2\/pages"}],"about":[{"href":"https:\/\/www.kananas.com\/adal2085\/wp-json\/wp\/v2\/types\/page"}],"author":[{"embeddable":true,"href":"https:\/\/www.kananas.com\/adal2085\/wp-json\/wp\/v2\/users\/609"}],"replies":[{"embeddable":true,"href":"https:\/\/www.kananas.com\/adal2085\/wp-json\/wp\/v2\/comments?post=2229"}],"version-history":[{"count":10,"href":"https:\/\/www.kananas.com\/adal2085\/wp-json\/wp\/v2\/pages\/2229\/revisions"}],"predecessor-version":[{"id":8092,"href":"https:\/\/www.kananas.com\/adal2085\/wp-json\/wp\/v2\/pages\/2229\/revisions\/8092"}],"wp:attachment":[{"href":"https:\/\/www.kananas.com\/adal2085\/wp-json\/wp\/v2\/media?parent=2229"}],"curies":[{"name":"wp","href":"https:\/\/api.w.org\/{rel}","templated":true}]}}