{"id":2334,"date":"2019-02-15T12:56:27","date_gmt":"2019-02-15T11:56:27","guid":{"rendered":"http:\/\/www.kananas.com\/adal2085\/?page_id=2334"},"modified":"2025-12-16T16:40:33","modified_gmt":"2025-12-16T15:40:33","slug":"nos-recettes-pour-bien-randonner","status":"publish","type":"page","link":"https:\/\/www.kananas.com\/adal2085\/nos-recettes-pour-bien-randonner\/","title":{"rendered":"Nos recettes pour bien randonner"},"content":{"rendered":"<p><em><strong><span style=\"color: #008000;font-size: 18pt\">Les recettes de Dominique<\/span><\/strong><\/em><\/p>\n<p style=\"padding-left: 80px\"><strong><span style=\"font-size: 10pt\"><a href=\"https:\/\/www.kananas.com\/adal2085\/wp-content\/uploads\/sites\/593\/2024\/01\/Cheescake-a-la-pistache.pdf\" target=\"_blank\" rel=\"noopener\">CHEESCAKE A LA PISTACHE<\/a><\/span><\/strong><\/p>\n<p style=\"text-align: left;padding-left: 80px\"><span style=\"font-size: 10pt\"><strong><a href=\"https:\/\/www.kananas.com\/adal2085\/wp-content\/uploads\/sites\/593\/2022\/11\/Sables-de-Noel-aux-amandes-et-au-miel.pdf\" target=\"_blank\" rel=\"noopener\">SABLES DE NOEL AUX AMANDES ET AU MIEL<\/a><\/strong><\/span><\/p>\n<p style=\"padding-left: 80px\"><a href=\"http:\/\/www.kananas.com\/adal2085\/wp-content\/uploads\/sites\/593\/2019\/09\/PETITS-GATEAUX-AU-BEURRE-AU-CITRON.pdf\" target=\"_blank\" rel=\"noopener noreferrer\"><strong><u><span style=\"font-size: 10pt\">PETITS GATEAUX AU BEURRE AU CITRON<\/span><\/u><\/strong><\/a><\/p>\n<p style=\"padding-left: 80px\"><span style=\"font-size: 10pt\"><a href=\"http:\/\/www.kananas.com\/adal2085\/wp-content\/uploads\/sites\/593\/2019\/03\/Cake-\u00e0-la-banane.pdf\" target=\"_blank\" rel=\"noopener noreferrer\"><strong><u>CAKE \u00c0 LA BANANE<\/u><\/strong><\/a><\/span><\/p>\n<p style=\"padding-left: 80px\"><span style=\"font-size: 10pt\"><a href=\"http:\/\/www.kananas.com\/adal2085\/wp-content\/uploads\/sites\/593\/2019\/03\/G\u00c2TEAU-M\u0152LLEUX-\u00e0-ce-qu\u2019on-veut.pdf\" target=\"_blank\" rel=\"noopener noreferrer\"><strong><u>G\u00c2TEAU M\u0152LLEUX \u00e0 ce qu\u2019on veut <\/u><\/strong><\/a><\/span><\/p>\n<p style=\"text-align: left;padding-left: 80px\"><span style=\"font-size: 10pt\"><a href=\"http:\/\/www.kananas.com\/adal2085\/wp-content\/uploads\/sites\/593\/2019\/03\/TARTE-ARD\u00c9CHOISE.pdf\" target=\"_blank\" rel=\"noopener noreferrer\"><strong><u>TARTE ARD\u00c9CHOISE<\/u><\/strong><\/a><\/span><\/p>\n<p style=\"text-align: left;padding-left: 80px\"><a href=\"http:\/\/www.kananas.com\/adal2085\/wp-content\/uploads\/sites\/593\/2019\/12\/CHEESECAKE-FA\u00c7ON-CRUMBLE.pdf\" target=\"_blank\" rel=\"noopener noreferrer\"><span style=\"font-size: 10pt\"><strong>CHEESECAKE FA\u00c7ON CRUMBLE<\/strong><\/span><\/a><\/p>\n<p style=\"text-align: left;padding-left: 80px\"><strong><a href=\"https:\/\/www.kananas.com\/adal2085\/wp-content\/uploads\/sites\/593\/2023\/02\/Amaretti-moelleux-a-la-pistache.pdf\" target=\"_blank\" rel=\"noopener\"><span style=\"font-size: 18pt\"><span style=\"font-size: 10pt\">AMARETTI MOELLEUX A LA PISTACHE<\/span><\/span><\/a><\/strong><\/p>\n<p><span style=\"font-size: 18pt;color: #008000\"><em><strong>Les recettes d&rsquo;Elisabeth<\/strong><\/em><\/span><\/p>\n<p style=\"padding-left: 80px\"><a href=\"https:\/\/www.kananas.com\/adal2085\/wp-content\/uploads\/sites\/593\/2025\/05\/fondant-marron-chocolat.jpg\" target=\"_blank\" rel=\"noopener\"><strong><span style=\"font-size: 12pt\">GATEAU AU CHOCOLAT \/ CREME DE MARRONS<\/span><\/strong><\/a><\/p>\n<p><span style=\"color: #008000\"><em><strong><span style=\"font-size: 18pt\">Les recettes d&rsquo;Odile<\/span><\/strong><\/em><\/span><\/p>\n<p style=\"text-align: left;padding-left: 80px\"><a href=\"http:\/\/www.kananas.com\/adal2085\/wp-content\/uploads\/sites\/593\/2019\/12\/Cake-\u00e0-la-Guinness.jpg\" target=\"_blank\" rel=\"noopener noreferrer\"><strong><span style=\"font-size: 10pt\">CAKE A LA GUINESS<\/span><\/strong><\/a><\/p>\n<p><span style=\"color: #008000\"><em><strong><span style=\"font-size: 18pt\">Les recettes de Chantal<\/span><\/strong><\/em><\/span><\/p>\n<p style=\"padding-left: 80px\"><b><span style=\"font-size: 10pt\"><a href=\"http:\/\/www.kananas.com\/adal2085\/wp-content\/uploads\/sites\/593\/2019\/12\/Petits-choux-au-foie-gras.pdf\" target=\"_blank\" rel=\"noopener noreferrer\">PETITS CHOUX AU FOIE GRAS<\/a><\/span><br \/>\n<\/b><\/p>\n<p><span style=\"font-size: 18pt;color: #008000\"><em><strong>Les recettes de Martine<\/strong><\/em><\/span><\/p>\n<p style=\"padding-left: 80px\"><strong><a href=\"https:\/\/www.kananas.com\/adal2085\/wp-content\/uploads\/sites\/593\/2023\/12\/Pain-de-Noel-aux-fruits-secs.pdf\" target=\"_blank\" rel=\"noopener\"><span style=\"color: #3366ff\"><span style=\"font-size: 10pt\">PAINS DE NOEL AUX FRUITS SEC<\/span><\/span><\/a><\/strong><\/p>\n<p>\u00a0 \u00a0 \u00a0 \u00a0 \u00a0 \u00a0 \u00a0 \u00a0 \u00a0 \u00a0<span style=\"font-size: 10pt\"><strong> <a href=\"https:\/\/www.kananas.com\/adal2085\/wp-content\/uploads\/sites\/593\/2025\/12\/crackers-pois-chiches.jpg\" target=\"_blank\" rel=\"noopener\"><span style=\"color: #3366ff\">CRACKERS DE POIS CHICHES<\/span><\/a><\/strong><\/span><\/p>\n<p><span style=\"color: #008000\"><a style=\"color: #008000\" href=\"http:\/\/www.kananas.com\/adal2085\/wp-content\/uploads\/sites\/593\/2019\/03\/Vin-Chaud-recette-de-Jacky.pdf\" target=\"_blank\" rel=\"noopener noreferrer\"><strong><em><span style=\"font-size: 18pt;font-family: georgia, palatino, serif\">Le vin Chaud de Jacky<\/span><\/em><\/strong><\/a><\/span><\/p>\n<p>&nbsp;<\/p>\n<p style=\"text-align: center\"><strong><em>Vous \u00eates<\/em><\/strong>\u00a0 \u00a0 \u00a0 <a title=\"compteur pour site internet\" href=\"https:\/\/www.compteurdevisite.com\"><img loading=\"lazy\" decoding=\"async\" class=\"\" title=\"compteur pour site internet\" src=\"https:\/\/counter6.wheredoyoucomefrom.ovh\/private\/compteurdevisite.php?c=f4gzewpzha6nzbpx1qf3aklxlldgc6b2\" alt=\"compteur pour site internet\" width=\"130\" height=\"27\" border=\"0\" \/><\/a> \u00a0\u00a0 <strong><em>\u00e0 avoir visit\u00e9 cette page<\/em><\/strong><\/p>\n","protected":false},"excerpt":{"rendered":"<p>Les recettes de Dominique CHEESCAKE A LA PISTACHE SABLES DE NOEL AUX AMANDES ET AU MIEL PETITS GATEAUX AU BEURRE AU CITRON CAKE \u00c0 LA BANANE G\u00c2TEAU M\u0152LLEUX \u00e0 ce qu\u2019on veut TARTE ARD\u00c9CHOISE CHEESECAKE FA\u00c7ON CRUMBLE AMARETTI MOELLEUX A &hellip; <a href=\"https:\/\/www.kananas.com\/adal2085\/nos-recettes-pour-bien-randonner\/\">Continuer la lecture <span class=\"meta-nav\">&rarr;<\/span><\/a><\/p>\n","protected":false},"author":609,"featured_media":0,"parent":0,"menu_order":0,"comment_status":"closed","ping_status":"closed","template":"","meta":{"_crdt_document":"","footnotes":""},"class_list":["post-2334","page","type-page","status-publish","hentry"],"_links":{"self":[{"href":"https:\/\/www.kananas.com\/adal2085\/wp-json\/wp\/v2\/pages\/2334","targetHints":{"allow":["GET"]}}],"collection":[{"href":"https:\/\/www.kananas.com\/adal2085\/wp-json\/wp\/v2\/pages"}],"about":[{"href":"https:\/\/www.kananas.com\/adal2085\/wp-json\/wp\/v2\/types\/page"}],"author":[{"embeddable":true,"href":"https:\/\/www.kananas.com\/adal2085\/wp-json\/wp\/v2\/users\/609"}],"replies":[{"embeddable":true,"href":"https:\/\/www.kananas.com\/adal2085\/wp-json\/wp\/v2\/comments?post=2334"}],"version-history":[{"count":10,"href":"https:\/\/www.kananas.com\/adal2085\/wp-json\/wp\/v2\/pages\/2334\/revisions"}],"predecessor-version":[{"id":8113,"href":"https:\/\/www.kananas.com\/adal2085\/wp-json\/wp\/v2\/pages\/2334\/revisions\/8113"}],"wp:attachment":[{"href":"https:\/\/www.kananas.com\/adal2085\/wp-json\/wp\/v2\/media?parent=2334"}],"curies":[{"name":"wp","href":"https:\/\/api.w.org\/{rel}","templated":true}]}}