{"id":3,"date":"2017-11-17T16:22:53","date_gmt":"2017-11-17T15:22:53","guid":{"rendered":"http:\/\/www.kananas.com\/adal2085\/adhesion\/"},"modified":"2025-08-31T13:03:55","modified_gmt":"2025-08-31T11:03:55","slug":"adhesion","status":"publish","type":"page","link":"https:\/\/www.kananas.com\/adal2085\/adhesion\/","title":{"rendered":"Adh\u00e9sion en ligne"},"content":{"rendered":"<p><strong><span style=\"color: #ff0000;font-size: 14pt\">Cette page et le formulaire qui suit sont r\u00e9serv\u00e9s aux nouvelles adh\u00e9sions.<\/span><\/strong><br \/>\nPour les adh\u00e9rents de l&rsquo;ann\u00e9e pr\u00e9c\u00e9dente, ils ont d\u00fb recevoir leur code d&rsquo;acc\u00e8s afin de s&rsquo;identifier sur leur <a href=\"https:\/\/backoffice.kananas.com\/action_manager.php?event=member_connect\" target=\"_blank\" rel=\"noopener noreferrer\">espace personnel<\/a>.<\/p>\n<p><span style=\"color: #ff0000\"><strong>Nouvelles adh\u00e9sions<br \/>\n<\/strong><\/span><span style=\"color: #000000\"><em><span style=\"font-size: 12pt\">(Attention : fin des nouvelles adh\u00e9sions au 31\/05 de l&rsquo;ann\u00e9e sportive en cours et r\u00e9ouverture pour la saison prochaine d\u00e9but septembre pour un d\u00e9but des activit\u00e9s apr\u00e8s le forum des associations)<\/span><\/em><\/span><\/p>\n<p><span style=\"color: #ff0000\"><strong>Un certificat m\u00e9dical d&rsquo;aptitude par votre m\u00e9decin de moins de 6 mois est obligatoire pour s&rsquo;inscrire \u00e0 toutes les activit\u00e9s ext\u00e9rieures (Randonn\u00e9e, Marche Nordique, Rando-Sant\u00e9 et Marche d&rsquo;Endurance).<br \/>\n<span style=\"font-size: 14pt\">Il est inutile de commencer cette inscription en ligne si vous ne l&rsquo;avez pas !<\/span><\/strong><\/span><\/p>\n<h2><strong>Tarif : <\/strong><\/h2>\n<h5><span style=\"font-size: 12pt\">Le tarif de l&rsquo;adh\u00e9sion est de 20 \u20ac par adh\u00e9rent adulte.<\/span><\/h5>\n<ul>\n<li>D&rsquo;autre part:<br \/>\nles adh\u00e9rents inscrits \u00e0 <strong>toutes les activit\u00e9s ext\u00e9rieures<\/strong> (Promenade, Randonn\u00e9e P\u00e9destre, Marche Nordique, Marche d&rsquo;Endurance et Rando-Sant\u00e9) devront obligatoirement adh\u00e9rer \u00e0 la FFRandonn\u00e9e (F\u00e9d\u00e9ration Fran\u00e7aise de Randonn\u00e9e) . <strong><a href=\"https:\/\/www.ffrandonnee.fr\/adherer\/la-licence-federale\/decouvrez-la-licence-federale\" target=\"_blank\" rel=\"noopener noreferrer\"><em>Le montant de cette licence d\u00e9pend du type choisi (IRA ou IMPN uniquement)<\/em><\/a>.<\/strong><\/li>\n<li>les adh\u00e9rents \u00e0 la chorale devront s&rsquo;acquitter d&rsquo;une <strong>cotisation compl\u00e9mentaire de 60 \u20ac<\/strong> pour contribuer au paiement de la cheffe de ch\u0153ur<\/li>\n<\/ul>\n<p><span style=\"font-size: 12pt\"><strong>Le <span style=\"color: #0000ff\"><a style=\"color: #0000ff\" href=\"https:\/\/www.kananas.com\/adal2085\/wp-content\/uploads\/sites\/593\/2025\/07\/RI-de-Juin-2025.pdf\" target=\"_blank\" rel=\"noopener noreferrer\">REGLEMENT INTERIEUR<\/a><\/span>, la <a href=\"https:\/\/www.kananas.com\/adal2085\/protection-des-donnees\/\" target=\"_blank\" rel=\"noopener\"><span style=\"color: #0000ff\">PROTECTION DES DONN\u00c9ES <\/span><\/a>et le <a href=\"https:\/\/www.kananas.com\/adal2085\/?page_id=5247&amp;preview=true\" target=\"_blank\" rel=\"noopener\"><span style=\"color: #0000ff\">DROIT \u00e0 L&rsquo;IMAGE<\/span><\/a>, et la <a href=\"https:\/\/www.kananas.com\/adal2085\/wp-content\/uploads\/sites\/593\/2023\/06\/Charte-V6.pdf\" target=\"_blank\" rel=\"noopener\"><span style=\"color: #0000ff\">CHARTE DE L&rsquo;ADAL<\/span><\/a> doivent \u00eatre lus et accept\u00e9s par chaque personne d\u00e9sirant adh\u00e9rer \u00e0 l\u2019association.<\/strong><\/span><\/p>\n<p><span style=\"font-size: 12pt\"><strong>Toute les cases du formulaire ci-dessous doivent obligatoirement \u00eatre remplies<br \/>\n<\/strong><\/span><strong><span style=\"color: #ff0000;font-size: 10pt\"><span style=\"font-size: 12pt\">Afin de faciliter le traitement informatique les noms et pr\u00e9noms seront saisis en MAJUSCULES sans accents ni caract\u00e8res particuliers<\/span><\/span><\/strong><\/p>\n<p><span style=\"color: #0000ff;font-size: 12pt\">* CHOIX MULTIPLE dans la cat\u00e9gorie SECTION : <\/span><span style=\"font-size: 12pt\">vous pouvez s\u00e9lectionner plusieurs sections pour vous inscrire \u00e0 plusieurs activit\u00e9s.<br \/>\n<\/span><\/p>\n<p>** <span style=\"color: #0000ff\">Pour toutes les activit\u00e9s ext\u00e9rieures (sections marche nordique, marche d&rsquo;endurance, promenade, randonn\u00e9e et rando sant\u00e9 ), <a href=\"https:\/\/www.kananas.com\/adal2085\/wp-content\/uploads\/sites\/593\/2024\/09\/Certificat_medical_CACI_FFRandonnee_2024_2025.pdf\" target=\"_blank\" rel=\"noopener\">un certificat m\u00e9dical d&rsquo;aptitude de moins de six mois<\/a> est obligatoire.\u00a0 <span style=\"color: #000000\">S<\/span><\/span><span style=\"color: #000000\">canner ce certificat apr\u00e8s validation par votre m\u00e9decin et ins\u00e9rer le en pi\u00e8ce jointe \u00e0 l&#8217;emplacement certificat m\u00e9dical<\/span><b><span style=\"color: #000000\">.<br \/>\nAttention : pour la Marche Nordique, l&rsquo;inscription \u00e0 une s\u00e9ance d&rsquo;initiation est obligatoire. S&rsquo;inscrire aupr\u00e8s du secr\u00e9tariat : secretariat.adal@orange.fr<br \/>\n<\/span><\/b><span style=\"color: #000000\">DATES INITIATION MARCHE NORDIQUE<br \/>\n&#8211; Jeudi 18 septembre 25 \u00e0 9 heures<br \/>\n<\/span><span style=\"color: #000000\">&#8211; samedi 20 septembre 25 \u00e0 14 heures<br \/>\n&#8211; Mardi 23 septembre 25 \u00e0 9 heures<br \/>\n&#8211; Samedi 4 octobre 25 <\/span><span style=\"color: #000000\">\u00e0 14 heures<\/span><b><span style=\"color: #000000\"><br \/>\nAu del\u00e0 de cette date, il n&rsquo;est plus possible de s&rsquo;inscrire \u00e0 la Marche Nordique<br \/>\n<\/span><\/b><\/p>\n<p><b><\/b><span style=\"font-size: 12pt\">*** Pour les sections ne n\u00e9cessitant pas de certificat m\u00e9dical<span style=\"color: #0000ff\"> <a style=\"color: #0000ff\" href=\"https:\/\/www.kananas.com\/adal2085\/wp-content\/uploads\/sites\/593\/2018\/11\/sans-certificat-medical.pdf\" target=\"_blank\" rel=\"noopener noreferrer\">t\u00e9l\u00e9charger le document joint<\/a>,<\/span> enregistrer le sur votre ordinateur et ins\u00e9rer le en pi\u00e8ce jointe \u00e0 l&#8217;emplacement certificat m\u00e9dical<br \/>\n<\/span><span style=\"font-size: 12pt\"><b>Le mod\u00e8le de certificat propos\u00e9 n\u2019est en aucun cas obligatoire, le m\u00e9decin restant libre de r\u00e9diger son certificat comme il l\u2019entend.<\/b><\/span><\/p>\n<p><span style=\"font-size: 12pt\"><b><span style=\"color: #ff0000\">Remplissez le formulaire ci-dessous sans oublier d&rsquo;enregistrer en bas de page. <\/span><br \/>\n<\/b><b><span style=\"color: #0000ff\">Apr\u00e8s contr\u00f4le des \u00e9l\u00e9ments saisis, le secr\u00e9tariat vous enverra l&rsquo;acc\u00e8s \u00e0 votre espace personnel et les informations vous permettant de payer afin de valider votre inscription.<br \/>\n<\/span><\/b><\/span><span style=\"font-size: 12pt\"><b><span style=\"color: #0000ff\"><a href=\"https:\/\/www.kananas.com\/adal2085\/wp-content\/uploads\/sites\/593\/2024\/06\/Procedure-paiement-Kananas-re-inscription-V2.pdf\" target=\"_blank\" rel=\"noopener\"><span style=\"color: #ff0000\">Pour cela, suivre avec attention ce didacticiel de paiement<\/span><\/a><br \/>\n<\/span><\/b><\/span><\/p>\n<p><span style=\"font-size: 12pt\"><b><\/b>\n<!-- iframe plugin v.6.0 wordpress.org\/plugins\/iframe\/ -->\n<iframe loading=\"lazy\" src=\"https:\/\/backoffice.kananas.com\/action_manager.php?event=hire&#038;id=2085\" frameborder=\"0\" width=\"100%\" height=\"1400\" scrolling=\"yes\" class=\"iframe-class\"><\/iframe>\n<\/span><\/p>\n","protected":false},"excerpt":{"rendered":"<p>Cette page et le formulaire qui suit sont r\u00e9serv\u00e9s aux nouvelles adh\u00e9sions. Pour les adh\u00e9rents de l&rsquo;ann\u00e9e pr\u00e9c\u00e9dente, ils ont d\u00fb recevoir leur code d&rsquo;acc\u00e8s afin de s&rsquo;identifier sur leur espace personnel. Nouvelles adh\u00e9sions (Attention : fin des nouvelles adh\u00e9sions &hellip; <a href=\"https:\/\/www.kananas.com\/adal2085\/adhesion\/\">Continuer la lecture <span class=\"meta-nav\">&rarr;<\/span><\/a><\/p>\n","protected":false},"author":609,"featured_media":0,"parent":0,"menu_order":0,"comment_status":"closed","ping_status":"closed","template":"","meta":{"_crdt_document":"","footnotes":""},"class_list":["post-3","page","type-page","status-publish","hentry"],"_links":{"self":[{"href":"https:\/\/www.kananas.com\/adal2085\/wp-json\/wp\/v2\/pages\/3","targetHints":{"allow":["GET"]}}],"collection":[{"href":"https:\/\/www.kananas.com\/adal2085\/wp-json\/wp\/v2\/pages"}],"about":[{"href":"https:\/\/www.kananas.com\/adal2085\/wp-json\/wp\/v2\/types\/page"}],"author":[{"embeddable":true,"href":"https:\/\/www.kananas.com\/adal2085\/wp-json\/wp\/v2\/users\/609"}],"replies":[{"embeddable":true,"href":"https:\/\/www.kananas.com\/adal2085\/wp-json\/wp\/v2\/comments?post=3"}],"version-history":[{"count":10,"href":"https:\/\/www.kananas.com\/adal2085\/wp-json\/wp\/v2\/pages\/3\/revisions"}],"predecessor-version":[{"id":7797,"href":"https:\/\/www.kananas.com\/adal2085\/wp-json\/wp\/v2\/pages\/3\/revisions\/7797"}],"wp:attachment":[{"href":"https:\/\/www.kananas.com\/adal2085\/wp-json\/wp\/v2\/media?parent=3"}],"curies":[{"name":"wp","href":"https:\/\/api.w.org\/{rel}","templated":true}]}}