{"id":3066,"date":"2019-07-22T18:14:31","date_gmt":"2019-07-22T16:14:31","guid":{"rendered":"http:\/\/www.kananas.com\/adal2085\/?page_id=3066"},"modified":"2025-08-18T15:21:20","modified_gmt":"2025-08-18T13:21:20","slug":"espace-chorale","status":"publish","type":"page","link":"https:\/\/www.kananas.com\/adal2085\/espace-chorale\/","title":{"rendered":"Espace chorale"},"content":{"rendered":"<h1><span style=\"font-family: arial black, sans-serif\"><img loading=\"lazy\" decoding=\"async\" class=\"alignnone size-thumbnail wp-image-2553\" src=\"http:\/\/www.kananas.com\/adal2085\/wp-content\/uploads\/sites\/593\/2019\/08\/Chorale-image.jpg\" alt=\"\" width=\"600\" height=\"150\" \/><\/span><\/h1>\n<p><a href=\"http:\/\/www.kananas.com\/adal2085\/espace-chorale\/accueil-chorale\/\" rel=\"noopener noreferrer\">Accueil chorale<\/a><\/p>\n<p><a href=\"https:\/\/www.kananas.com\/adal2085\/espace-chorale\/repertoire-chorale-2025-2026\/\" target=\"_blank\" rel=\"noopener noreferrer\">R\u00e9pertoire chorale 2025\/2026<\/a><\/p>\n<p><a href=\"https:\/\/www.kananas.com\/adal2085\/wp-content\/uploads\/sites\/593\/2025\/08\/Calendrier-des-repetitions-de-la-chorale-2025-2026.pdf\" target=\"_blank\" rel=\"noopener\">Calendrier chorale 2025\/2026<\/a><\/p>\n<p><a href=\"http:\/\/www.kananas.com\/adal2085\/espace-chorale\/reserve-aux-choristes\/\" rel=\"noopener noreferrer\">Espace r\u00e9serv\u00e9 aux Choristes<\/a><\/p>\n<p><a href=\"https:\/\/www.kananas.com\/adal2085\/repertoire-chorale-annees-precedentes\/\" rel=\"noopener noreferrer\">R\u00e9pertoire chorale ann\u00e9es pr\u00e9c\u00e9dentes<\/a><\/p>\n<p><a href=\"http:\/\/www.kananas.com\/adal2085\/historique-de-la-chorale\/\" rel=\"noopener noreferrer\">Historique<\/a><\/p>\n<p>&nbsp;<\/p>\n<p>&nbsp;<\/p>\n<p><em><strong>Vous \u00eates\u00a0 \u00a0\u00a0<\/strong><\/em> <a title=\"compteur de visite html\" href=\"https:\/\/www.compteurdevisite.com\"><img decoding=\"async\" title=\"compteur de visite html\" src=\"https:\/\/counter9.stat.ovh\/private\/compteurdevisite.php?c=4rr4dwmt7ud87tbbupf8jgc19y8qfnhn\" alt=\"compteur de visite html\" border=\"0\" \/><\/a>\u00a0 \u00a0 <em><strong>\u00e0 avoir visit\u00e9 cette page\u00a0<\/strong><\/em><\/p>\n","protected":false},"excerpt":{"rendered":"<p>Accueil chorale R\u00e9pertoire chorale 2025\/2026 Calendrier chorale 2025\/2026 Espace r\u00e9serv\u00e9 aux Choristes R\u00e9pertoire chorale ann\u00e9es pr\u00e9c\u00e9dentes Historique &nbsp; &nbsp; Vous \u00eates\u00a0 \u00a0\u00a0 \u00a0 \u00a0 \u00e0 avoir visit\u00e9 cette page\u00a0<\/p>\n","protected":false},"author":609,"featured_media":4436,"parent":0,"menu_order":0,"comment_status":"closed","ping_status":"closed","template":"","meta":{"_crdt_document":"","footnotes":""},"class_list":["post-3066","page","type-page","status-publish","has-post-thumbnail","hentry"],"_links":{"self":[{"href":"https:\/\/www.kananas.com\/adal2085\/wp-json\/wp\/v2\/pages\/3066","targetHints":{"allow":["GET"]}}],"collection":[{"href":"https:\/\/www.kananas.com\/adal2085\/wp-json\/wp\/v2\/pages"}],"about":[{"href":"https:\/\/www.kananas.com\/adal2085\/wp-json\/wp\/v2\/types\/page"}],"author":[{"embeddable":true,"href":"https:\/\/www.kananas.com\/adal2085\/wp-json\/wp\/v2\/users\/609"}],"replies":[{"embeddable":true,"href":"https:\/\/www.kananas.com\/adal2085\/wp-json\/wp\/v2\/comments?post=3066"}],"version-history":[{"count":10,"href":"https:\/\/www.kananas.com\/adal2085\/wp-json\/wp\/v2\/pages\/3066\/revisions"}],"predecessor-version":[{"id":7781,"href":"https:\/\/www.kananas.com\/adal2085\/wp-json\/wp\/v2\/pages\/3066\/revisions\/7781"}],"wp:featuredmedia":[{"embeddable":true,"href":"https:\/\/www.kananas.com\/adal2085\/wp-json\/wp\/v2\/media\/4436"}],"wp:attachment":[{"href":"https:\/\/www.kananas.com\/adal2085\/wp-json\/wp\/v2\/media?parent=3066"}],"curies":[{"name":"wp","href":"https:\/\/api.w.org\/{rel}","templated":true}]}}