{"id":3122,"date":"2019-08-05T14:19:21","date_gmt":"2019-08-05T12:19:21","guid":{"rendered":"http:\/\/www.kananas.com\/adal2085\/?page_id=3122"},"modified":"2025-09-01T14:58:22","modified_gmt":"2025-09-01T12:58:22","slug":"adhesion-chorale","status":"publish","type":"page","link":"https:\/\/www.kananas.com\/adal2085\/espace-chorale\/adhesion-chorale\/","title":{"rendered":"Adh\u00e9sion chorale"},"content":{"rendered":"<p><span style=\"color: #ff0000\"><strong><em>Conditions d&rsquo;adh\u00e9sion<\/em><\/strong><\/span><\/p>\n<p>La premi\u00e8re condition est bien s\u00fbr de vouloir partager le plaisir de chanter, le plus juste possible bien s\u00fbr.<br \/>\nMais aussi elle s&rsquo;accompagne d&rsquo;une participation,\u00a0 divis\u00e9e en 2 parties:<\/p>\n<ul>\n<li>La cotisation d&rsquo;adh\u00e9sion \u00e0 l&rsquo;association Adal de 20 euros qui permet en outre d&rsquo;acc\u00e9der aux autres activit\u00e9s<\/li>\n<li>Une cotisation compl\u00e9mentaire de 60 euros pour couvrir la r\u00e9tribution de la cheffe de coeur<\/li>\n<\/ul>\n<p>Pour ceci, les nouveaux adh\u00e9rents doivent de pr\u00e9f\u00e9rence <a href=\"https:\/\/www.kananas.com\/adal2085\/adhesion\/\" target=\"_blank\" rel=\"noopener\">s&rsquo;inscrire en ligne<\/a> et choisir dans la liste d\u00e9roulante des sections \u00ab\u00a0Chorale\u00a0\u00bb (si plusieurs activit\u00e9s, maintenir la touche Ctrl sur chacune d&rsquo;elles).<br \/>\nIl est possible pour les nouveaux choristes de participer \u00e0 une ou 2 s\u00e9ances d&rsquo;essai avant de prendre leur d\u00e9cision.<\/p>\n","protected":false},"excerpt":{"rendered":"<p>Conditions d&rsquo;adh\u00e9sion La premi\u00e8re condition est bien s\u00fbr de vouloir partager le plaisir de chanter, le plus juste possible bien s\u00fbr. Mais aussi elle s&rsquo;accompagne d&rsquo;une participation,\u00a0 divis\u00e9e en 2 parties: La cotisation d&rsquo;adh\u00e9sion \u00e0 l&rsquo;association Adal de 20 euros &hellip; <a href=\"https:\/\/www.kananas.com\/adal2085\/espace-chorale\/adhesion-chorale\/\">Continuer la lecture <span class=\"meta-nav\">&rarr;<\/span><\/a><\/p>\n","protected":false},"author":609,"featured_media":3692,"parent":3066,"menu_order":0,"comment_status":"closed","ping_status":"closed","template":"","meta":{"_crdt_document":"","footnotes":""},"class_list":["post-3122","page","type-page","status-publish","has-post-thumbnail","hentry"],"_links":{"self":[{"href":"https:\/\/www.kananas.com\/adal2085\/wp-json\/wp\/v2\/pages\/3122","targetHints":{"allow":["GET"]}}],"collection":[{"href":"https:\/\/www.kananas.com\/adal2085\/wp-json\/wp\/v2\/pages"}],"about":[{"href":"https:\/\/www.kananas.com\/adal2085\/wp-json\/wp\/v2\/types\/page"}],"author":[{"embeddable":true,"href":"https:\/\/www.kananas.com\/adal2085\/wp-json\/wp\/v2\/users\/609"}],"replies":[{"embeddable":true,"href":"https:\/\/www.kananas.com\/adal2085\/wp-json\/wp\/v2\/comments?post=3122"}],"version-history":[{"count":10,"href":"https:\/\/www.kananas.com\/adal2085\/wp-json\/wp\/v2\/pages\/3122\/revisions"}],"predecessor-version":[{"id":7801,"href":"https:\/\/www.kananas.com\/adal2085\/wp-json\/wp\/v2\/pages\/3122\/revisions\/7801"}],"up":[{"embeddable":true,"href":"https:\/\/www.kananas.com\/adal2085\/wp-json\/wp\/v2\/pages\/3066"}],"wp:featuredmedia":[{"embeddable":true,"href":"https:\/\/www.kananas.com\/adal2085\/wp-json\/wp\/v2\/media\/3692"}],"wp:attachment":[{"href":"https:\/\/www.kananas.com\/adal2085\/wp-json\/wp\/v2\/media?parent=3122"}],"curies":[{"name":"wp","href":"https:\/\/api.w.org\/{rel}","templated":true}]}}