{"id":3803,"date":"2020-03-21T17:38:31","date_gmt":"2020-03-21T16:38:31","guid":{"rendered":"http:\/\/www.kananas.com\/adal2085\/?page_id=3803"},"modified":"2020-06-29T09:10:08","modified_gmt":"2020-06-29T07:10:08","slug":"la-page-du-confine","status":"publish","type":"page","link":"https:\/\/www.kananas.com\/adal2085\/la-page-du-confine\/","title":{"rendered":"La Page du Confin\u00e9"},"content":{"rendered":"<p>La p\u00e9riode que nous vivons perturbe notre quotidien et a rompu nos liens sociaux si chers aux adaliennes et adaliens.<\/p>\n<p><strong>\u00ab\u00a0<em>la page du confin\u00e9<\/em> \u00bb<\/strong> est la votre. Elle veut permettre \u00e0 celles et ceux qui le souhaitent de garder un semblant de convivialit\u00e9 en vous proposant un espace de partage d\u2019id\u00e9es ou d\u2019informations <u>sur le temps de la pand\u00e9mie<\/u><strong>.<br \/>\n<\/strong>Cette page doit \u00eatre aliment\u00e9e par chacun des adaliennes et adaliens qui le souhaitent en adressant leurs articles au secr\u00e9tariat.<\/p>\n<p><a href=\"http:\/\/www.kananas.com\/adal2085\/wp-content\/uploads\/sites\/593\/2020\/06\/La-page-du-Confine-37.pdf\" target=\"_blank\" rel=\"noopener noreferrer\"><strong>La Page du D\u00e9Confin\u00e9 N\u00b037<\/strong><\/a><br \/>\n+ <a href=\"http:\/\/www.kananas.com\/adal2085\/wp-content\/uploads\/sites\/593\/2020\/06\/Resultats-des-jeux-du-N37.pdf\">r\u00e9sultats des jeux du 37<\/a><\/p>\n<p><a href=\"http:\/\/www.kananas.com\/adal2085\/wp-content\/uploads\/sites\/593\/2020\/06\/La-page-du-Confine-36.pdf\" target=\"_blank\" rel=\"noopener noreferrer\"><strong>La Page du D\u00e9Confin\u00e9 N\u00b036<\/strong><\/a><\/p>\n<p><a href=\"http:\/\/www.kananas.com\/adal2085\/wp-content\/uploads\/sites\/593\/2020\/06\/La-page-du-Confin\u00e9-35.pdf\" target=\"_blank\" rel=\"noopener noreferrer\"><strong>La Page du D\u00e9Confin\u00e9 N\u00b035<\/strong><\/a><\/p>\n<p><a href=\"http:\/\/www.kananas.com\/adal2085\/wp-content\/uploads\/sites\/593\/2020\/06\/La-page-du-Confine-34.pdf\" target=\"_blank\" rel=\"noopener noreferrer\"><strong>La Page du D\u00e9Confin\u00e9 N\u00b034<\/strong><\/a><\/p>\n<p><a href=\"http:\/\/www.kananas.com\/adal2085\/wp-content\/uploads\/sites\/593\/2020\/06\/La-page-du-Confin\u00e9-33.pdf\" target=\"_blank\" rel=\"noopener noreferrer\"><strong>La Page du D\u00e9Confin\u00e9 N\u00b033<\/strong><\/a><\/p>\n<p><a href=\"http:\/\/www.kananas.com\/adal2085\/wp-content\/uploads\/sites\/593\/2020\/06\/La-page-du-Confine-32.pdf\" target=\"_blank\" rel=\"noopener noreferrer\"><strong>La Page du D\u00e9Confin\u00e9 N\u00b032<\/strong><\/a><\/p>\n<p><a href=\"http:\/\/www.kananas.com\/adal2085\/wp-content\/uploads\/sites\/593\/2020\/06\/La-page-du-Confine-31.pdf\" target=\"_blank\" rel=\"noopener noreferrer\"><strong>La Page du D\u00e9Confin\u00e9 N\u00b031<\/strong><\/a><\/p>\n<p><a href=\"http:\/\/www.kananas.com\/adal2085\/wp-content\/uploads\/sites\/593\/2020\/06\/La-page-du-Confin\u00e9-30.pdf\" target=\"_blank\" rel=\"noopener noreferrer\"><strong>La Page du D\u00e9Confin\u00e9 N\u00b030<\/strong><\/a><\/p>\n<p><a href=\"http:\/\/www.kananas.com\/adal2085\/wp-content\/uploads\/sites\/593\/2020\/06\/La-page-du-Confin\u00e9-29.pdf\" target=\"_blank\" rel=\"noopener noreferrer\"><strong>La Page du D\u00e9Confin\u00e9 N\u00b029<\/strong><\/a><\/p>\n<p><a href=\"http:\/\/www.kananas.com\/adal2085\/wp-content\/uploads\/sites\/593\/2020\/05\/La-page-du-Confine-28.pdf\" target=\"_blank\" rel=\"noopener noreferrer\"><strong>La Page du D\u00e9Confin\u00e9 N\u00b028<\/strong><\/a><\/p>\n<p><a href=\"http:\/\/www.kananas.com\/adal2085\/wp-content\/uploads\/sites\/593\/2020\/05\/La-page-du-Confine-27.pdf\" target=\"_blank\" rel=\"noopener noreferrer\"><strong>La Page du D\u00e9Confin\u00e9 N\u00b027<\/strong><\/a><\/p>\n<p><a href=\"http:\/\/www.kananas.com\/adal2085\/wp-content\/uploads\/sites\/593\/2020\/05\/La-page-du-Confine-26.pdf\" target=\"_blank\" rel=\"noopener noreferrer\"><strong>La Page du D\u00e9Confin\u00e9 N\u00b026<\/strong><\/a><\/p>\n<p><a href=\"http:\/\/www.kananas.com\/adal2085\/wp-content\/uploads\/sites\/593\/2020\/05\/La-page-du-Confin\u00e9-25.pdf\" target=\"_blank\" rel=\"noopener noreferrer\"><strong>La Page du D\u00e9Confin\u00e9 N\u00b025<\/strong><\/a><\/p>\n<p><a href=\"http:\/\/www.kananas.com\/adal2085\/wp-content\/uploads\/sites\/593\/2020\/05\/La-page-du-Confin\u00e9-24.pdf\" target=\"_blank\" rel=\"noopener noreferrer\"><strong>La Page du D\u00e9Confin\u00e9 N\u00b024<\/strong><\/a><\/p>\n<p><a href=\"http:\/\/www.kananas.com\/adal2085\/wp-content\/uploads\/sites\/593\/2020\/05\/La-page-du-Confine-23.pdf\"><strong>La Page du Confin\u00e9 N\u00b023<\/strong><\/a><br \/>\n+ <a href=\"http:\/\/www.kananas.com\/adal2085\/wp-content\/uploads\/sites\/593\/2020\/05\/Nouvelle-de-Philippe-P-.pdf\" target=\"_blank\" rel=\"noopener noreferrer\">3\u00e8me nouvelle \u00e9crite \u00e0 la suite du r\u00e9sultat du jeu sur les \u00ab\u00a04\u00e8mes phrases Page 18\u00a0\u00bb re\u00e7ues<\/a><\/p>\n<p><a href=\"http:\/\/www.kananas.com\/adal2085\/wp-content\/uploads\/sites\/593\/2020\/05\/La-page-du-Confine-22.pdf\" target=\"_blank\" rel=\"noopener noreferrer\"><strong>La Page du Confin\u00e9 N\u00b022<\/strong><\/a><br \/>\n+ Bonus : <a href=\"http:\/\/www.kananas.com\/adal2085\/wp-content\/uploads\/sites\/593\/2020\/05\/certificat-d-etude-de-1930.pdf\" target=\"_blank\" rel=\"noopener noreferrer\">pour repasser le Certificat d\u2019Etudes de 1930 !!!<\/a><\/p>\n<p><a href=\"http:\/\/www.kananas.com\/adal2085\/wp-content\/uploads\/sites\/593\/2020\/05\/La-page-du-Confine-21.pdf\" target=\"_blank\" rel=\"noopener noreferrer\"><strong>La Page du Confin\u00e9 N\u00b021<\/strong><\/a><br \/>\n+ <a href=\"http:\/\/www.kananas.com\/adal2085\/wp-content\/uploads\/sites\/593\/2020\/05\/Quatrieme-phrase-page-18-Jean-Claude-R.pdf\" target=\"_blank\" rel=\"noopener noreferrer\">2\u00e8me nouvelle \u00e9crite \u00e0 la suite du r\u00e9sultat du jeu sur les \u00ab\u00a04\u00e8mes phrases Page 18\u00a0\u00bb re\u00e7ues<\/a><br \/>\n+ Bonus : <a href=\"https:\/\/www.youtube.com\/watch?v=09Y5QrB2VwI\" target=\"_blank\" rel=\"noopener noreferrer\">chanson pleine du plaisir de faire de la musique ensemble<\/a><\/p>\n<p><a href=\"http:\/\/www.kananas.com\/adal2085\/wp-content\/uploads\/sites\/593\/2020\/04\/La-page-du-Confin\u00e9-20.pdf\" target=\"_blank\" rel=\"noopener noreferrer\"><strong>La Page du Confin\u00e9 N\u00b020<\/strong><\/a><br \/>\n+ <a href=\"http:\/\/www.kananas.com\/adal2085\/wp-content\/uploads\/sites\/593\/2020\/04\/Quatrieme-phrase-page-18-Christian-P.pdf\" target=\"_blank\" rel=\"noopener noreferrer\">1\u00e8re nouvelle \u00e9crite \u00e0 la suite du r\u00e9sultat du jeu sur les \u00ab\u00a04\u00e8mes phrases Page 18\u00a0\u00bb re\u00e7ues<\/a><\/p>\n<p><a href=\"http:\/\/www.kananas.com\/adal2085\/wp-content\/uploads\/sites\/593\/2020\/04\/La-page-du-Confine-19.pdf\" target=\"_blank\" rel=\"noopener noreferrer\"><strong>La Page du Confin\u00e9 N\u00b019<\/strong><\/a><\/p>\n<p><a href=\"http:\/\/www.kananas.com\/adal2085\/wp-content\/uploads\/sites\/593\/2020\/04\/La-page-du-Confin\u00e9-18.pdf\" target=\"_blank\" rel=\"noopener noreferrer\"><strong>La Page du Confin\u00e9 N\u00b018<\/strong><\/a><\/p>\n<p><a href=\"http:\/\/www.kananas.com\/adal2085\/wp-content\/uploads\/sites\/593\/2020\/04\/La-page-du-Confine-17.pdf\" target=\"_blank\" rel=\"noopener noreferrer\"><strong>La Page du Confin\u00e9 N\u00b017<\/strong><\/a><\/p>\n<p><a href=\"http:\/\/www.kananas.com\/adal2085\/wp-content\/uploads\/sites\/593\/2020\/04\/La-page-du-Confine-16.pdf\" target=\"_blank\" rel=\"noopener noreferrer\"><strong>La Page du Confin\u00e9 N\u00b016<\/strong><\/a><br \/>\n+ Bonus : <a href=\"http:\/\/www.kananas.com\/adal2085\/wp-content\/uploads\/sites\/593\/2020\/04\/VID-20200419-WA0005.mp4\" target=\"_blank\" rel=\"noopener noreferrer\">vid\u00e9o\u00a0 pour d\u00e9marrer la journ\u00e9e du bon pied !!!<\/a><\/p>\n<p><a href=\"http:\/\/www.kananas.com\/adal2085\/wp-content\/uploads\/sites\/593\/2020\/04\/La-page-du-Confin\u00e9-15.pdf\" target=\"_blank\" rel=\"noopener noreferrer\"><strong>La Page du Confin\u00e9 N\u00b015<\/strong><\/a><\/p>\n<p><a href=\"http:\/\/www.kananas.com\/adal2085\/wp-content\/uploads\/sites\/593\/2020\/04\/La-page-du-Confin\u00e9-14.pdf\" target=\"_blank\" rel=\"noopener noreferrer\"><strong>La Page du Confin\u00e9 N\u00b014<\/strong><\/a><\/p>\n<p><a href=\"http:\/\/www.kananas.com\/adal2085\/wp-content\/uploads\/sites\/593\/2020\/04\/La-page-du-Confine-13.pdf\" target=\"_blank\" rel=\"noopener noreferrer\"><strong>La Page du Confin\u00e9 N\u00b013<\/strong><\/a><\/p>\n<p><a href=\"http:\/\/www.kananas.com\/adal2085\/wp-content\/uploads\/sites\/593\/2020\/04\/La-page-du-Confine-12.pdf\" target=\"_blank\" rel=\"noopener noreferrer\"><strong>La Page du Confin\u00e9 N\u00b012<\/strong><\/a><\/p>\n<p><a href=\"http:\/\/www.kananas.com\/adal2085\/wp-content\/uploads\/sites\/593\/2020\/04\/La-page-du-Confin\u00e9-11.pdf\" target=\"_blank\" rel=\"noopener noreferrer\"><strong>La Page du Confin\u00e9 N\u00b011<\/strong><\/a><\/p>\n<p><a href=\"http:\/\/www.kananas.com\/adal2085\/wp-content\/uploads\/sites\/593\/2020\/04\/La-page-du-Confin\u00e9-10-1.pdf\" target=\"_blank\" rel=\"noopener noreferrer\"><strong>La Page du Confin\u00e9 N\u00b010<\/strong><\/a><br \/>\n+ Bonus : <a href=\"http:\/\/www.kananas.com\/adal2085\/wp-content\/uploads\/sites\/593\/2020\/04\/jeux_d_eau-1.mp4\" target=\"_blank\" rel=\"noopener noreferrer\"><strong>Jeux d&rsquo;eau<\/strong><\/a><\/p>\n<p><a href=\"http:\/\/www.kananas.com\/adal2085\/wp-content\/uploads\/sites\/593\/2020\/05\/La-page-du-Confin\u00e9-9.pdf\" target=\"_blank\" rel=\"noopener noreferrer\"><strong>La Page du Confin\u00e9 N\u00b09<\/strong><\/a><\/p>\n<p><a href=\"http:\/\/www.kananas.com\/adal2085\/wp-content\/uploads\/sites\/593\/2020\/04\/La-page-du-Confin\u00e9-8-1.pdf\" target=\"_blank\" rel=\"noopener noreferrer\"><strong>La Page du Confin\u00e9 N\u00b08<\/strong><\/a><\/p>\n<p><a href=\"http:\/\/www.kananas.com\/adal2085\/wp-content\/uploads\/sites\/593\/2020\/04\/La-page-du-Confin\u00e9-7-1.pdf\" target=\"_blank\" rel=\"noopener noreferrer\"><strong>La Page du Confin\u00e9 N\u00b07<\/strong><\/a><\/p>\n<p><a href=\"http:\/\/www.kananas.com\/adal2085\/wp-content\/uploads\/sites\/593\/2020\/04\/La-page-du-Confine-6-1.pdf\" target=\"_blank\" rel=\"noopener noreferrer\"><strong>La Page du Confin\u00e9 N\u00b06<\/strong><\/a><br \/>\n+ Bonus : vid\u00e9o\u00a0 tourn\u00e9e par des ensembles de chanteurs et musiciens en cette p\u00e9riode de confinement <a href=\"https:\/\/www.youtube.com\/watch?time_continue=34&amp;v=4xnKZDKexuM&amp;feature=emb_logo\" target=\"_blank\" rel=\"nofollow noopener noreferrer\"><strong>&#8211;<\/strong><\/a><strong><a href=\"https:\/\/www.youtube.com\/watch?v=4xnKZDKexuM\" target=\"_blank\" rel=\"noopener noreferrer\"> clip de confinement :Queen \u00ab\u00a0The Show Must Go On\u201d<\/a><\/strong><\/p>\n<p><a href=\"http:\/\/www.kananas.com\/adal2085\/wp-content\/uploads\/sites\/593\/2020\/04\/La-page-du-Confine-5.pdf\" target=\"_blank\" rel=\"noopener noreferrer\"><strong>La Page du Confin\u00e9 N\u00b05<\/strong><\/a><\/p>\n<p><a href=\"http:\/\/www.kananas.com\/adal2085\/wp-content\/uploads\/sites\/593\/2020\/04\/La-page-du-Confin\u00e9-4-.pdf\" target=\"_blank\" rel=\"noopener noreferrer\"><strong>La Page du Confin\u00e9 N\u00b04<\/strong><\/a><br \/>\n+ Bonus : <a href=\"http:\/\/www.kananas.com\/adal2085\/wp-content\/uploads\/sites\/593\/2020\/04\/5-astuces-pour-dater-les-fa\u00e7ades-parisiennes_compressed.pdf\" target=\"_blank\" rel=\"noopener noreferrer\"><strong>5 astuces pour dater les fa\u00e7ades parisiennes<\/strong><\/a><\/p>\n<p><a href=\"http:\/\/www.kananas.com\/adal2085\/wp-content\/uploads\/sites\/593\/2020\/04\/La-page-du-Confine-3.pdf\" target=\"_blank\" rel=\"noopener noreferrer\"><strong>La Page du Confin\u00e9 N\u00b03<\/strong><\/a><\/p>\n<p><a href=\"http:\/\/www.kananas.com\/adal2085\/wp-content\/uploads\/sites\/593\/2020\/04\/La-page-du-Confine-2.pdf\" target=\"_blank\" rel=\"noopener noreferrer\"><strong><span style=\"color: #3366ff\"><span style=\"color: #0000ff\">La Page du Confin\u00e9 N\u00b02<\/span><\/span><\/strong><\/a><\/p>\n<p><a href=\"http:\/\/www.kananas.com\/adal2085\/wp-content\/uploads\/sites\/593\/2020\/04\/La-page-du-Confine-1.pdf\" target=\"_blank\" rel=\"noopener noreferrer\"><strong><span style=\"color: #0000ff\">La Page du Confin\u00e9 N\u00b01<\/span><\/strong><\/a><\/p>\n","protected":false},"excerpt":{"rendered":"<p>La p\u00e9riode que nous vivons perturbe notre quotidien et a rompu nos liens sociaux si chers aux adaliennes et adaliens. \u00ab\u00a0la page du confin\u00e9 \u00bb est la votre. Elle veut permettre \u00e0 celles et ceux qui le souhaitent de garder &hellip; <a href=\"https:\/\/www.kananas.com\/adal2085\/la-page-du-confine\/\">Continuer la lecture <span class=\"meta-nav\">&rarr;<\/span><\/a><\/p>\n","protected":false},"author":609,"featured_media":0,"parent":0,"menu_order":0,"comment_status":"closed","ping_status":"closed","template":"","meta":{"_crdt_document":"","footnotes":""},"class_list":["post-3803","page","type-page","status-publish","hentry"],"_links":{"self":[{"href":"https:\/\/www.kananas.com\/adal2085\/wp-json\/wp\/v2\/pages\/3803","targetHints":{"allow":["GET"]}}],"collection":[{"href":"https:\/\/www.kananas.com\/adal2085\/wp-json\/wp\/v2\/pages"}],"about":[{"href":"https:\/\/www.kananas.com\/adal2085\/wp-json\/wp\/v2\/types\/page"}],"author":[{"embeddable":true,"href":"https:\/\/www.kananas.com\/adal2085\/wp-json\/wp\/v2\/users\/609"}],"replies":[{"embeddable":true,"href":"https:\/\/www.kananas.com\/adal2085\/wp-json\/wp\/v2\/comments?post=3803"}],"version-history":[{"count":58,"href":"https:\/\/www.kananas.com\/adal2085\/wp-json\/wp\/v2\/pages\/3803\/revisions"}],"predecessor-version":[{"id":4115,"href":"https:\/\/www.kananas.com\/adal2085\/wp-json\/wp\/v2\/pages\/3803\/revisions\/4115"}],"wp:attachment":[{"href":"https:\/\/www.kananas.com\/adal2085\/wp-json\/wp\/v2\/media?parent=3803"}],"curies":[{"name":"wp","href":"https:\/\/api.w.org\/{rel}","templated":true}]}}