{"id":5244,"date":"2022-05-31T22:43:25","date_gmt":"2022-05-31T20:43:25","guid":{"rendered":"https:\/\/www.kananas.com\/adal2085\/?page_id=5244"},"modified":"2022-05-31T22:43:25","modified_gmt":"2022-05-31T20:43:25","slug":"protection-des-donnees","status":"publish","type":"page","link":"https:\/\/www.kananas.com\/adal2085\/protection-des-donnees\/","title":{"rendered":"Protection des donn\u00e9es"},"content":{"rendered":"<p><strong><span style=\"font-size: 18pt;color: #0000ff\">Protection des donn\u00e9es :<\/span><\/strong><\/p>\n<p><u>En application du R\u00e8glement G\u00e9n\u00e9ral sur la Protection des Donn\u00e9es (RGPD)<\/u>, nous vous informons que vos donn\u00e9es \u00e0 caract\u00e8re personnel collect\u00e9es par l\u2019ADAL ont \u00e9t\u00e9 recueillies sur la base de votre consentement, aux fins d\u2019inscription (y compris sur le site de la FFRandonn\u00e9e), d\u2019information, de facturation et de statistiques. Vous pouvez retirer votre consentement \u00e0 tout moment et exercer des droits d\u2019acc\u00e8s, d\u2019opposition, de rectification, de portabilit\u00e9 et d\u2019effacement de vos donn\u00e9es en contactant un membre du CA. En cas de violation du RGPD, vous avez le droit d\u2019introduire une r\u00e9clamation aupr\u00e8s de la CNIL.<\/p>\n","protected":false},"excerpt":{"rendered":"<p>Protection des donn\u00e9es : En application du R\u00e8glement G\u00e9n\u00e9ral sur la Protection des Donn\u00e9es (RGPD), nous vous informons que vos donn\u00e9es \u00e0 caract\u00e8re personnel collect\u00e9es par l\u2019ADAL ont \u00e9t\u00e9 recueillies sur la base de votre consentement, aux fins d\u2019inscription (y &hellip; <a href=\"https:\/\/www.kananas.com\/adal2085\/protection-des-donnees\/\">Continuer la lecture <span class=\"meta-nav\">&rarr;<\/span><\/a><\/p>\n","protected":false},"author":609,"featured_media":0,"parent":0,"menu_order":0,"comment_status":"closed","ping_status":"closed","template":"","meta":{"_crdt_document":"","footnotes":""},"class_list":["post-5244","page","type-page","status-publish","hentry"],"_links":{"self":[{"href":"https:\/\/www.kananas.com\/adal2085\/wp-json\/wp\/v2\/pages\/5244","targetHints":{"allow":["GET"]}}],"collection":[{"href":"https:\/\/www.kananas.com\/adal2085\/wp-json\/wp\/v2\/pages"}],"about":[{"href":"https:\/\/www.kananas.com\/adal2085\/wp-json\/wp\/v2\/types\/page"}],"author":[{"embeddable":true,"href":"https:\/\/www.kananas.com\/adal2085\/wp-json\/wp\/v2\/users\/609"}],"replies":[{"embeddable":true,"href":"https:\/\/www.kananas.com\/adal2085\/wp-json\/wp\/v2\/comments?post=5244"}],"version-history":[{"count":1,"href":"https:\/\/www.kananas.com\/adal2085\/wp-json\/wp\/v2\/pages\/5244\/revisions"}],"predecessor-version":[{"id":5245,"href":"https:\/\/www.kananas.com\/adal2085\/wp-json\/wp\/v2\/pages\/5244\/revisions\/5245"}],"wp:attachment":[{"href":"https:\/\/www.kananas.com\/adal2085\/wp-json\/wp\/v2\/media?parent=5244"}],"curies":[{"name":"wp","href":"https:\/\/api.w.org\/{rel}","templated":true}]}}