{"id":5247,"date":"2022-05-31T22:47:05","date_gmt":"2022-05-31T20:47:05","guid":{"rendered":"https:\/\/www.kananas.com\/adal2085\/?page_id=5247"},"modified":"2022-05-31T22:47:05","modified_gmt":"2022-05-31T20:47:05","slug":"droits-a-limage","status":"publish","type":"page","link":"https:\/\/www.kananas.com\/adal2085\/droits-a-limage\/","title":{"rendered":"Droits \u00e0 l&rsquo;image"},"content":{"rendered":"<p><span style=\"font-size: 18pt;color: #0000ff\">Droits \u00e0 l&rsquo;image<\/span><\/p>\n<p><u>DROIT \u00e0 L\u2019IMAGE<\/u> : L&rsquo;adalien est averti que toutes les photos prises lors des \u00e9v\u00e8nements internes ou externes dans le cadre des activit\u00e9s de l&rsquo;association peuvent \u00eatre utilis\u00e9es sur le site internet : <u>http:\/\/www.kananas.com\/adal2085\/<\/u><a href=\"http:\/\/adal78.pagesperso-orange.fr\/index.html\">.<\/a> Toute personne dont la photo (hors photos de groupe) appara\u00eet sur ce site, b\u00e9n\u00e9ficie du droit de retrait de l&rsquo;image. Il suffit alors de contacter un membre du CA en indiquant les r\u00e9f\u00e9rences de la photo concern\u00e9e. D\u00e8s r\u00e9ception du message nous enl\u00e8verons la(les) photo(s) du site. Toutes les photos \u00e9dit\u00e9es sur ce site sont la propri\u00e9t\u00e9 de l\u2019ADAL.<\/p>\n","protected":false},"excerpt":{"rendered":"<p>Droits \u00e0 l&rsquo;image DROIT \u00e0 L\u2019IMAGE : L&rsquo;adalien est averti que toutes les photos prises lors des \u00e9v\u00e8nements internes ou externes dans le cadre des activit\u00e9s de l&rsquo;association peuvent \u00eatre utilis\u00e9es sur le site internet : http:\/\/www.kananas.com\/adal2085\/. Toute personne dont &hellip; <a href=\"https:\/\/www.kananas.com\/adal2085\/droits-a-limage\/\">Continuer la lecture <span class=\"meta-nav\">&rarr;<\/span><\/a><\/p>\n","protected":false},"author":609,"featured_media":0,"parent":0,"menu_order":0,"comment_status":"closed","ping_status":"closed","template":"","meta":{"_crdt_document":"","footnotes":""},"class_list":["post-5247","page","type-page","status-publish","hentry"],"_links":{"self":[{"href":"https:\/\/www.kananas.com\/adal2085\/wp-json\/wp\/v2\/pages\/5247","targetHints":{"allow":["GET"]}}],"collection":[{"href":"https:\/\/www.kananas.com\/adal2085\/wp-json\/wp\/v2\/pages"}],"about":[{"href":"https:\/\/www.kananas.com\/adal2085\/wp-json\/wp\/v2\/types\/page"}],"author":[{"embeddable":true,"href":"https:\/\/www.kananas.com\/adal2085\/wp-json\/wp\/v2\/users\/609"}],"replies":[{"embeddable":true,"href":"https:\/\/www.kananas.com\/adal2085\/wp-json\/wp\/v2\/comments?post=5247"}],"version-history":[{"count":1,"href":"https:\/\/www.kananas.com\/adal2085\/wp-json\/wp\/v2\/pages\/5247\/revisions"}],"predecessor-version":[{"id":5248,"href":"https:\/\/www.kananas.com\/adal2085\/wp-json\/wp\/v2\/pages\/5247\/revisions\/5248"}],"wp:attachment":[{"href":"https:\/\/www.kananas.com\/adal2085\/wp-json\/wp\/v2\/media?parent=5247"}],"curies":[{"name":"wp","href":"https:\/\/api.w.org\/{rel}","templated":true}]}}