{"id":5372,"date":"2022-06-06T12:45:50","date_gmt":"2022-06-06T10:45:50","guid":{"rendered":"https:\/\/www.kananas.com\/adal2085\/?page_id=5372"},"modified":"2025-06-01T12:12:13","modified_gmt":"2025-06-01T10:12:13","slug":"adhesions-en-ligne-fin","status":"publish","type":"page","link":"https:\/\/www.kananas.com\/adal2085\/adhesions-en-ligne-fin\/","title":{"rendered":"Adh\u00e9sions en ligne fin"},"content":{"rendered":"<p><strong><span style=\"font-size: 14pt;color: #0000ff\">Les nouvelles adh\u00e9sions pour la saison sportive en cours sont closes au 31 mai de l&rsquo;ann\u00e9e.<br \/>\n<\/span><\/strong><\/p>\n<p><strong><span style=\"font-size: 14pt;color: #0000ff\">Les adh\u00e9sions pour la prochaine saison culturelle et sportive seront ouvertes fin a\u00f4ut pour un d\u00e9but d&rsquo;activit\u00e9 apr\u00e8s le forum des associations.<\/span><\/strong><\/p>\n<p>N&rsquo;h\u00e9sitez pas \u00e0 venir nous voir \u00e0 cette occasion pour avoir le maximum d&rsquo;informations.<\/p>\n<p><span style=\"color: #ff0000\"><strong>Pensez d\u00e8s maintenant \u00e0 demander \u00e0 votre m\u00e9decin un Certificat M\u00e9dical de non Contre-Indication \u00e0 la pratique de Rando-Sant\u00e9 ou Randonn\u00e9e P\u00e9destre et\/ou Marche Nordique dat\u00e9 de moins de 6 mois, obligatoire pour les nouvelles adh\u00e9sions \u00e0 cette activit\u00e9 sportive.<\/strong><\/span><\/p>\n","protected":false},"excerpt":{"rendered":"<p>Les nouvelles adh\u00e9sions pour la saison sportive en cours sont closes au 31 mai de l&rsquo;ann\u00e9e. Les adh\u00e9sions pour la prochaine saison culturelle et sportive seront ouvertes fin a\u00f4ut pour un d\u00e9but d&rsquo;activit\u00e9 apr\u00e8s le forum des associations. N&rsquo;h\u00e9sitez pas &hellip; <a href=\"https:\/\/www.kananas.com\/adal2085\/adhesions-en-ligne-fin\/\">Continuer la lecture <span class=\"meta-nav\">&rarr;<\/span><\/a><\/p>\n","protected":false},"author":609,"featured_media":0,"parent":0,"menu_order":0,"comment_status":"closed","ping_status":"closed","template":"","meta":{"_crdt_document":"","footnotes":""},"class_list":["post-5372","page","type-page","status-publish","hentry"],"_links":{"self":[{"href":"https:\/\/www.kananas.com\/adal2085\/wp-json\/wp\/v2\/pages\/5372","targetHints":{"allow":["GET"]}}],"collection":[{"href":"https:\/\/www.kananas.com\/adal2085\/wp-json\/wp\/v2\/pages"}],"about":[{"href":"https:\/\/www.kananas.com\/adal2085\/wp-json\/wp\/v2\/types\/page"}],"author":[{"embeddable":true,"href":"https:\/\/www.kananas.com\/adal2085\/wp-json\/wp\/v2\/users\/609"}],"replies":[{"embeddable":true,"href":"https:\/\/www.kananas.com\/adal2085\/wp-json\/wp\/v2\/comments?post=5372"}],"version-history":[{"count":9,"href":"https:\/\/www.kananas.com\/adal2085\/wp-json\/wp\/v2\/pages\/5372\/revisions"}],"predecessor-version":[{"id":7713,"href":"https:\/\/www.kananas.com\/adal2085\/wp-json\/wp\/v2\/pages\/5372\/revisions\/7713"}],"wp:attachment":[{"href":"https:\/\/www.kananas.com\/adal2085\/wp-json\/wp\/v2\/media?parent=5372"}],"curies":[{"name":"wp","href":"https:\/\/api.w.org\/{rel}","templated":true}]}}