{"id":625,"date":"2018-01-24T18:23:53","date_gmt":"2018-01-24T17:23:53","guid":{"rendered":"http:\/\/www.kananas.com\/adal2085\/?page_id=625"},"modified":"2024-11-17T21:38:43","modified_gmt":"2024-11-17T20:38:43","slug":"accueil","status":"publish","type":"page","link":"https:\/\/www.kananas.com\/adal2085\/accueil\/","title":{"rendered":"Accueil"},"content":{"rendered":"<h2 style=\"text-align: center\"><span style=\"color: #008000;font-family: comic sans ms, sans-serif\"><em><strong><a style=\"color: #008000\" href=\"http:\/\/www.kananas.com\/adal2085\/decouvrir-ladal\/\" rel=\"noreferrer noopener\" aria-label=\"Organisation de l'ADAL (s\u2019ouvre dans un nouvel onglet)\"><span style=\"font-size: 16pt\"><span style=\"color: #ff0000\">D\u00e9couvrir<\/span><\/span><span style=\"color: #ff0000\"> l&rsquo;ADAL<\/span><\/a><\/strong><\/em><\/span><\/h2>\r\n<!-- \/wp:post-content -->\r\n\r\n<!-- wp:heading {\"align\":\"center\"} -->\r\n<h2 style=\"text-align: center\"><span style=\"font-family: comic sans ms, sans-serif;color: #008000\"><a style=\"color: #008000\" href=\"http:\/\/www.kananas.com\/adal2085\/quoi-de-neuf\/\" rel=\"noopener\"><strong><em><span style=\"color: #008000\">Quoi de Neuf<\/span><\/em><\/strong><\/a><\/span><\/h2>\r\n<h2 style=\"text-align: center\"><a href=\"http:\/\/www.kananas.com\/adal2085\/inscription-en-ligne\/\" rel=\"noopener\"><em><strong><span style=\"font-family: comic sans ms, sans-serif\"><span style=\"color: #008000\">R\u00e9inscriptions et Adh\u00e9sions<\/span><\/span><\/strong><\/em><\/a><\/h2>\r\n<h2 style=\"text-align: center\"><span style=\"color: #008000\"><strong><em><a style=\"color: #008000\" href=\"https:\/\/backoffice.kananas.com\/action_manager.php?event=member_connect\" target=\"_blank\" rel=\"noreferrer noopener\" aria-label=\"Espace Personnel (s\u2019ouvre dans un nouvel onglet)\"><span style=\"font-family: comic sans ms, sans-serif;color: #008000\">Espace Personnel<\/span><\/a><\/em><\/strong><\/span><\/h2>\r\n<h2 style=\"text-align: center\"><span style=\"color: #008000;font-family: comic sans ms, sans-serif\"><a style=\"color: #008000\" href=\"http:\/\/www.kananas.com\/adal2085\/espace-randonneurs\/\" rel=\"noopener\"><em><strong><span style=\"font-family: comic sans ms, sans-serif;color: #008000\">Espace Marcheurs<\/span><\/strong><\/em><\/a><\/span><\/h2>\r\n<h2 style=\"text-align: center\"><span style=\"color: #008000\"><a style=\"color: #008000\" href=\"http:\/\/www.kananas.com\/adal2085\/espace-chorale\/\" rel=\"noopener\"><em><strong><span style=\"font-family: comic sans ms, sans-serif\"><span style=\"color: #008000\">Espace Chorale<\/span><\/span><\/strong><\/em><\/a><\/span><\/h2>\r\n<h2 style=\"text-align: center\"><span style=\"font-family: comic sans ms, sans-serif;color: #008000\"><a style=\"color: #008000\" href=\"http:\/\/www.kananas.com\/adal2085\/calendriers\/\" rel=\"noopener\"><em><strong><span style=\"font-family: comic sans ms, sans-serif;color: #008000\">Calendriers<\/span><\/strong><\/em><\/a><\/span><\/h2>\r\n<h2 style=\"text-align: center\"><span style=\"color: #008000\"><strong><em><a style=\"color: #008000\" href=\"http:\/\/www.kananas.com\/adal2085\/la-page-du-confine\/\" target=\"_blank\" rel=\"noreferrer noopener\" aria-label=\"Espace Personnel (s\u2019ouvre dans un nouvel onglet)\"><span style=\"font-family: comic sans ms, sans-serif\">Le Journal de l&rsquo;Adal<\/span><\/a><\/em><\/strong><\/span><\/h2>\r\n<!-- \/wp:heading -->\r\n\r\n<!-- wp:heading {\"align\":\"center\"} -->\r\n<h2 style=\"text-align: center\"><span style=\"color: #008000\"><a style=\"color: #008000\" href=\"http:\/\/www.kananas.com\/adal2085\/textes-reglementaires\/\" rel=\"noopener\"><em><strong><span style=\"font-family: comic sans ms, sans-serif;color: #008000\"><span style=\"color: #ff0000\">Textes r\u00e8glementaires<\/span><\/span><\/strong><\/em><\/a><\/span><\/h2>\r\n<p style=\"text-align: center\"><span style=\"color: #008000\"><strong><em><span style=\"font-family: comic sans ms, sans-serif\">ADAL<\/span><\/em><\/strong><\/span><br \/><span style=\"color: #008000\"><strong><em><span style=\"font-family: comic sans ms, sans-serif\">Boite Postale 40048<\/span><\/em><\/strong><\/span><br \/><span style=\"color: #008000\"><strong><em><span style=\"font-family: comic sans ms, sans-serif\">78184 SAINT QUENTIN EN YVELINES CEDEX<\/span><\/em><\/strong><\/span><\/p>\r\n<p style=\"text-align: center\"><a href=\"mailto:Secretariat.adal@orange.fr\" target=\"_blank\" rel=\"noopener\"><span style=\"color: #339966\"><em><strong><span style=\"font-family: comic sans ms, sans-serif\">Secretariat.adal@orange.fr<\/span><\/strong><\/em><\/span><\/a><\/p>\r\n<!-- \/wp:heading -->\r\n\r\n<!-- wp:heading {\"align\":\"center\"} -->\r\n<p style=\"text-align: center\"><span style=\"color: #008000\"><em><a style=\"color: #008000\" href=\"http:\/\/www.kananas.com\/adal2085\/immatriculation-tourisme-nov2019\/\" rel=\"noopener\"><strong><span style=\"font-size: 14pt;font-family: comic sans ms, sans-serif;color: #008000\">Immatriculation Tourisme IM075100382<\/span><\/strong><\/a><\/em><\/span><\/p>\r\n<p style=\"text-align: center\"><span style=\"font-size: 14pt;font-family: comic sans ms, sans-serif;color: #008000\"><em><strong>Num\u00e9ro SIREN 879 812 279 00013<\/strong><\/em><\/span><\/p>\r\n<p style=\"text-align: center\"><a href=\"http:\/\/www.kananas.com\/adal2085\/aides\/\" target=\"_blank\" rel=\"noopener noreferrer\"><span style=\"color: #008000\"><em><strong><span style=\"font-size: 16pt;font-family: comic sans ms, sans-serif\">Aides<\/span><\/strong><\/em><\/span><\/a><\/p>\r\n<p>&nbsp;<\/p>\r\n<p style=\"text-align: center\"><strong><em>Vous \u00eates<\/em><\/strong> <a title=\"compteur de visite site web\" href=\"https:\/\/www.compteurdevisite.com\"><img loading=\"lazy\" decoding=\"async\" class=\"\" title=\"compteur de visite site web\" src=\"https:\/\/counter7.wheredoyoucomefrom.ovh\/private\/compteurdevisite.php?c=8cyrknkx4an5fdcnwggbf4xd5wpx33cc\" alt=\"compteur de visite site web\" width=\"90\" height=\"15\" border=\"0\" \/><\/a> <strong><em>\u00e0 avoir visit\u00e9 cette page<\/em><\/strong><\/p>\r\n<p>&nbsp;<\/p>","protected":false},"excerpt":{"rendered":"<p>D\u00e9couvrir l&rsquo;ADAL Quoi de Neuf R\u00e9inscriptions et Adh\u00e9sions Espace Personnel Espace Marcheurs Espace Chorale Calendriers Le Journal de l&rsquo;Adal Textes r\u00e8glementaires ADALBoite Postale 4004878184 SAINT QUENTIN EN YVELINES CEDEX Secretariat.adal@orange.fr Immatriculation Tourisme IM075100382 Num\u00e9ro SIREN 879 812 279 00013 Aides &hellip; <a href=\"https:\/\/www.kananas.com\/adal2085\/accueil\/\">Continuer la lecture <span class=\"meta-nav\">&rarr;<\/span><\/a><\/p>\n","protected":false},"author":609,"featured_media":0,"parent":0,"menu_order":0,"comment_status":"closed","ping_status":"closed","template":"","meta":{"_crdt_document":"","footnotes":""},"class_list":["post-625","page","type-page","status-publish","hentry"],"_links":{"self":[{"href":"https:\/\/www.kananas.com\/adal2085\/wp-json\/wp\/v2\/pages\/625","targetHints":{"allow":["GET"]}}],"collection":[{"href":"https:\/\/www.kananas.com\/adal2085\/wp-json\/wp\/v2\/pages"}],"about":[{"href":"https:\/\/www.kananas.com\/adal2085\/wp-json\/wp\/v2\/types\/page"}],"author":[{"embeddable":true,"href":"https:\/\/www.kananas.com\/adal2085\/wp-json\/wp\/v2\/users\/609"}],"replies":[{"embeddable":true,"href":"https:\/\/www.kananas.com\/adal2085\/wp-json\/wp\/v2\/comments?post=625"}],"version-history":[{"count":210,"href":"https:\/\/www.kananas.com\/adal2085\/wp-json\/wp\/v2\/pages\/625\/revisions"}],"predecessor-version":[{"id":4744,"href":"https:\/\/www.kananas.com\/adal2085\/wp-json\/wp\/v2\/pages\/625\/revisions\/4744"}],"wp:attachment":[{"href":"https:\/\/www.kananas.com\/adal2085\/wp-json\/wp\/v2\/media?parent=625"}],"curies":[{"name":"wp","href":"https:\/\/api.w.org\/{rel}","templated":true}]}}