{"id":8161,"date":"2025-12-31T18:20:27","date_gmt":"2025-12-31T17:20:27","guid":{"rendered":"https:\/\/www.kananas.com\/adal2085\/?page_id=8161"},"modified":"2026-02-22T09:41:19","modified_gmt":"2026-02-22T08:41:19","slug":"marche-audax-100km-yvelines","status":"publish","type":"page","link":"https:\/\/www.kananas.com\/adal2085\/marche-audax-100km-yvelines\/","title":{"rendered":"Marche d&rsquo;endurance Audax 100km des Yvelines"},"content":{"rendered":"<h2 style=\"text-align: center\"><span style=\"font-family: 'trebuchet ms', geneva, sans-serif;font-size: 18pt;color: #800080\"><strong>Marche d&rsquo;endurance Audax 100km des Yvelines <\/strong><\/span><\/h2>\n<h2 style=\"text-align: center\"><span style=\"font-family: 'trebuchet ms', geneva, sans-serif;font-size: 18pt;color: #800080\"><strong>Les 4 et 5 juillet 2026<\/strong><\/span><\/h2>\n<hr \/>\n<p style=\"text-align: justify\"><strong><span style=\"font-family: 'trebuchet ms', geneva, sans-serif;color: #993366\">L&rsquo;ADAL (Montigny-le-Bretonneux), Les Pieds Nickel\u00e9s (Chavenay), Trotte-Sentiers Magnycois (Magny-les-Hameaux), le CPTRR (Rambouillet) et le CDRP78 (Comit\u00e9 D\u00e9partemental de la Randonn\u00e9e P\u00e9destre des Yvelines) s&rsquo;associent pour vous proposer les 4 et 5 juillet 2026 une marche d&rsquo;endurance de 100KM \u00e0 allure audax dans les Yvelines !<\/span><\/strong><\/p>\n<div class=\"CampaignPresentation Card\" data-testid=\"campaign-presentation\">\n<div class=\"GeneratedContentWrapper\">\n<div class=\"'GeneratedContent\">\n<hr \/>\n<\/div>\n<\/div>\n<\/div>\n<p><span style=\"font-size: 14pt\">Toutes les informations ici : <a href=\"https:\/\/yvelines.ffrandonnee.fr\/marche-audax-100km-yvelines-juillet-2026\/\">https:\/\/yvelines.ffrandonnee.fr\/marche-audax-100km-yvelines-juillet-2026\/<\/a><\/span><\/p>\n","protected":false},"excerpt":{"rendered":"<p>Marche d&rsquo;endurance Audax 100km des Yvelines Les 4 et 5 juillet 2026 L&rsquo;ADAL (Montigny-le-Bretonneux), Les Pieds Nickel\u00e9s (Chavenay), Trotte-Sentiers Magnycois (Magny-les-Hameaux), le CPTRR (Rambouillet) et le CDRP78 (Comit\u00e9 D\u00e9partemental de la Randonn\u00e9e P\u00e9destre des Yvelines) s&rsquo;associent pour vous proposer les &hellip; <a href=\"https:\/\/www.kananas.com\/adal2085\/marche-audax-100km-yvelines\/\">Continuer la lecture <span class=\"meta-nav\">&rarr;<\/span><\/a><\/p>\n","protected":false},"author":609,"featured_media":5927,"parent":0,"menu_order":0,"comment_status":"closed","ping_status":"closed","template":"onecolumn-page.php","meta":{"_crdt_document":"","footnotes":""},"class_list":["post-8161","page","type-page","status-publish","has-post-thumbnail","hentry"],"_links":{"self":[{"href":"https:\/\/www.kananas.com\/adal2085\/wp-json\/wp\/v2\/pages\/8161","targetHints":{"allow":["GET"]}}],"collection":[{"href":"https:\/\/www.kananas.com\/adal2085\/wp-json\/wp\/v2\/pages"}],"about":[{"href":"https:\/\/www.kananas.com\/adal2085\/wp-json\/wp\/v2\/types\/page"}],"author":[{"embeddable":true,"href":"https:\/\/www.kananas.com\/adal2085\/wp-json\/wp\/v2\/users\/609"}],"replies":[{"embeddable":true,"href":"https:\/\/www.kananas.com\/adal2085\/wp-json\/wp\/v2\/comments?post=8161"}],"version-history":[{"count":10,"href":"https:\/\/www.kananas.com\/adal2085\/wp-json\/wp\/v2\/pages\/8161\/revisions"}],"predecessor-version":[{"id":8283,"href":"https:\/\/www.kananas.com\/adal2085\/wp-json\/wp\/v2\/pages\/8161\/revisions\/8283"}],"wp:featuredmedia":[{"embeddable":true,"href":"https:\/\/www.kananas.com\/adal2085\/wp-json\/wp\/v2\/media\/5927"}],"wp:attachment":[{"href":"https:\/\/www.kananas.com\/adal2085\/wp-json\/wp\/v2\/media?parent=8161"}],"curies":[{"name":"wp","href":"https:\/\/api.w.org\/{rel}","templated":true}]}}