{"id":8224,"date":"2026-01-05T19:44:47","date_gmt":"2026-01-05T18:44:47","guid":{"rendered":"https:\/\/www.kananas.com\/adal2085\/?page_id=8224"},"modified":"2026-01-05T19:44:47","modified_gmt":"2026-01-05T18:44:47","slug":"repertoire-chorale-2024-2025","status":"publish","type":"page","link":"https:\/\/www.kananas.com\/adal2085\/espace-chorale\/repertoire-chorale-2024-2025\/","title":{"rendered":"R\u00e9pertoire chorale 2024\/2025"},"content":{"rendered":"<p><a href=\"http:\/\/crescendoelancourt.free.fr\/extraitalleluia.mp3\" target=\"_blank\" rel=\"noopener\">Alleluia<\/a> (canon)<br \/>\n<a href=\"http:\/\/crescendoelancourt.free.fr\/extraitballade%20nord.mp3\" target=\"_blank\" rel=\"noopener\">La ballade nord-irlandaise<\/a> (Renaud)<br \/>\n<a href=\"http:\/\/crescendoelancourt.free.fr\/extraitau%20printemps.mp3\" target=\"_blank\" rel=\"noopener\">Au printemps<\/a> (Jacques Brel)<br \/>\n<a href=\"http:\/\/crescendoelancourt.free.fr\/extrait%20innamorato.mp3\" target=\"_blank\" rel=\"noopener\">L\u2019innamorato<\/a> (chant italien)<br \/>\n<a href=\"http:\/\/crescendoelancourt.free.fr\/extraitpapillons.mp3\" target=\"_blank\" rel=\"noopener\">La chasse aux papillons<\/a> (Georges Brassens)<br \/>\n<a href=\"http:\/\/crescendoelancourt.free.fr\/extrait%20heaven.mp3\" target=\"_blank\" rel=\"noopener\">Heaven is a wonderful place<\/a> (negro spiritual)<br \/>\n<a href=\"http:\/\/crescendoelancourt.free.fr\/extraitmarouchka.mp3\" target=\"_blank\" rel=\"noopener\">Marouchka<\/a> (folklore slave)<br \/>\n<a href=\"http:\/\/crescendoelancourt.free.fr\/extrait%20melissa.mp3\" target=\"_blank\" rel=\"noopener\">Melissa<\/a> (Julien Clerc)<br \/>\n<a href=\"http:\/\/crescendoelancourt.free.fr\/extraitconquest.mp3\" target=\"_blank\" rel=\"noopener\">Conquest of Paradise<\/a> (Vangelis)<br \/>\n<a href=\"http:\/\/crescendoelancourt.free.fr\/extrait%20berceuse%20russe.mp3\" target=\"_blank\" rel=\"noopener\">Berceuse russe<\/a><br \/>\n<a href=\"http:\/\/crescendoelancourt.free.fr\/extrait%20mamy%20blue.mp3\" target=\"_blank\" rel=\"noopener\">Mamy Blue<\/a><br \/>\n<a href=\"http:\/\/crescendoelancourt.free.fr\/extraitneqqpart.mp3\" target=\"_blank\" rel=\"noopener\">N\u00e9 quelque part<\/a> (Maxime Le Forestier)<br \/>\n<a href=\"http:\/\/crescendoelancourt.free.fr\/extrait%20shosholoza.mp3\" target=\"_blank\" rel=\"noopener\">Shosholoza<\/a> (Afrique du sud)<\/p>\n<p>Vous trouverez dans l&rsquo;<a href=\"http:\/\/www.kananas.com\/adal2085\/espace-chorale\/reserve-aux-choristes\/\" target=\"_blank\" rel=\"noopener noreferrer\">espace r\u00e9serv\u00e9 aux choristes<\/a> les fichiers audio voix par voix pour r\u00e9viser au fur et \u00e0 mesure de l&rsquo;apprentissage (prot\u00e9g\u00e9 par mot de passe).<\/p>\n","protected":false},"excerpt":{"rendered":"<p>Alleluia (canon) La ballade nord-irlandaise (Renaud) Au printemps (Jacques Brel) L\u2019innamorato (chant italien) La chasse aux papillons (Georges Brassens) Heaven is a wonderful place (negro spiritual) Marouchka (folklore slave) Melissa (Julien Clerc) Conquest of Paradise (Vangelis) Berceuse russe Mamy Blue &hellip; <a href=\"https:\/\/www.kananas.com\/adal2085\/espace-chorale\/repertoire-chorale-2024-2025\/\">Continuer la lecture <span class=\"meta-nav\">&rarr;<\/span><\/a><\/p>\n","protected":false},"author":609,"featured_media":6442,"parent":3066,"menu_order":0,"comment_status":"closed","ping_status":"closed","template":"","meta":{"_crdt_document":"","footnotes":""},"class_list":["post-8224","page","type-page","status-publish","has-post-thumbnail","hentry"],"_links":{"self":[{"href":"https:\/\/www.kananas.com\/adal2085\/wp-json\/wp\/v2\/pages\/8224","targetHints":{"allow":["GET"]}}],"collection":[{"href":"https:\/\/www.kananas.com\/adal2085\/wp-json\/wp\/v2\/pages"}],"about":[{"href":"https:\/\/www.kananas.com\/adal2085\/wp-json\/wp\/v2\/types\/page"}],"author":[{"embeddable":true,"href":"https:\/\/www.kananas.com\/adal2085\/wp-json\/wp\/v2\/users\/609"}],"replies":[{"embeddable":true,"href":"https:\/\/www.kananas.com\/adal2085\/wp-json\/wp\/v2\/comments?post=8224"}],"version-history":[{"count":1,"href":"https:\/\/www.kananas.com\/adal2085\/wp-json\/wp\/v2\/pages\/8224\/revisions"}],"predecessor-version":[{"id":8227,"href":"https:\/\/www.kananas.com\/adal2085\/wp-json\/wp\/v2\/pages\/8224\/revisions\/8227"}],"up":[{"embeddable":true,"href":"https:\/\/www.kananas.com\/adal2085\/wp-json\/wp\/v2\/pages\/3066"}],"wp:featuredmedia":[{"embeddable":true,"href":"https:\/\/www.kananas.com\/adal2085\/wp-json\/wp\/v2\/media\/6442"}],"wp:attachment":[{"href":"https:\/\/www.kananas.com\/adal2085\/wp-json\/wp\/v2\/media?parent=8224"}],"curies":[{"name":"wp","href":"https:\/\/api.w.org\/{rel}","templated":true}]}}