{"id":948,"date":"2018-04-25T17:28:40","date_gmt":"2018-04-25T15:28:40","guid":{"rendered":"http:\/\/www.kananas.com\/adal2085\/?page_id=948"},"modified":"2018-04-25T19:40:28","modified_gmt":"2018-04-25T17:40:28","slug":"espace-personnel","status":"publish","type":"page","link":"https:\/\/www.kananas.com\/adal2085\/espace-personnel\/","title":{"rendered":"Acc\u00e8s \u00e0 l&rsquo;Espace Personnel"},"content":{"rendered":"<div>Une fois votre inscription en ligne effectu\u00e9e et votre dossier trait\u00e9, vous avez re\u00e7u un email avec votre nom d\u2019utilisateur et la proc\u00e9dure vous permettant de choisir votre mot de passe.<\/div>\n<div>\n<p>Vous pouvez d\u00e9sormais vous connecter \u00e0\u00a0 <a href=\"https:\/\/backoffice.kananas.com\/action_manager.php?event=member_connect\" target=\"_blank\" rel=\"noopener\"><strong><span style=\"font-size: 18pt\">Votre espace personnel .<\/span><\/strong><\/a><\/p>\n<\/div>\n","protected":false},"excerpt":{"rendered":"<p>Une fois votre inscription en ligne effectu\u00e9e et votre dossier trait\u00e9, vous avez re\u00e7u un email avec votre nom d\u2019utilisateur et la proc\u00e9dure vous permettant de choisir votre mot de passe. Vous pouvez d\u00e9sormais vous connecter \u00e0\u00a0 Votre espace personnel &hellip; <a href=\"https:\/\/www.kananas.com\/adal2085\/espace-personnel\/\">Continuer la lecture <span class=\"meta-nav\">&rarr;<\/span><\/a><\/p>\n","protected":false},"author":609,"featured_media":0,"parent":0,"menu_order":0,"comment_status":"closed","ping_status":"closed","template":"","meta":{"_crdt_document":"","footnotes":""},"class_list":["post-948","page","type-page","status-publish","hentry"],"_links":{"self":[{"href":"https:\/\/www.kananas.com\/adal2085\/wp-json\/wp\/v2\/pages\/948","targetHints":{"allow":["GET"]}}],"collection":[{"href":"https:\/\/www.kananas.com\/adal2085\/wp-json\/wp\/v2\/pages"}],"about":[{"href":"https:\/\/www.kananas.com\/adal2085\/wp-json\/wp\/v2\/types\/page"}],"author":[{"embeddable":true,"href":"https:\/\/www.kananas.com\/adal2085\/wp-json\/wp\/v2\/users\/609"}],"replies":[{"embeddable":true,"href":"https:\/\/www.kananas.com\/adal2085\/wp-json\/wp\/v2\/comments?post=948"}],"version-history":[{"count":3,"href":"https:\/\/www.kananas.com\/adal2085\/wp-json\/wp\/v2\/pages\/948\/revisions"}],"predecessor-version":[{"id":952,"href":"https:\/\/www.kananas.com\/adal2085\/wp-json\/wp\/v2\/pages\/948\/revisions\/952"}],"wp:attachment":[{"href":"https:\/\/www.kananas.com\/adal2085\/wp-json\/wp\/v2\/media?parent=948"}],"curies":[{"name":"wp","href":"https:\/\/api.w.org\/{rel}","templated":true}]}}