{"id":1164,"date":"2018-08-25T11:43:32","date_gmt":"2018-08-25T09:43:32","guid":{"rendered":"http:\/\/www.kananas.com\/amathkakikouka1466\/?page_id=1164"},"modified":"2024-07-03T13:24:03","modified_gmt":"2024-07-03T11:24:03","slug":"tarifs-2020-2021","status":"publish","type":"page","link":"https:\/\/www.kananas.com\/amathkakikouka1466\/tarifs-2020-2021\/","title":{"rendered":"Tarifs 2024 &#8211; 2025"},"content":{"rendered":"<h2>Licenci\u00e9s non pratiquants<\/h2>\n<p>Il est possible de prendre sa licence \u00e0 l&rsquo;Amath pour sans participer aux cours du samedi. Le tarif est le m\u00eame que pour les adh\u00e9rents, soit:<\/p>\n<ul>\n<li>37\u20ac pour un enfant<\/li>\n<li>73\u20ac pour un adulte<\/li>\n<\/ul>\n<p>Pour en faire la demande, <a href=\"https:\/\/www.kananas.com\/association\/evenement\/amath-kakikouka\/achat-d-une-licence-adulte-1466-525.html\">c&rsquo;est par ici, rendez-vous sur la billetterie<\/a>.<\/p>\n<h2>Licenci\u00e9s et pratiquants le samedi<\/h2>\n<p><strong>Jeune -12 ans : <\/strong>Cotisation 373\u20ac + Licence 37\u20ac = 410\u20ac<\/p>\n<p><strong>Adolescent 12-17 ans : <\/strong><\/p>\n<ul>\n<li>Cotisation avec pr\u00eat mat\u00e9riel 393\u20ac + Licence 37\u20ac = 430\u20ac<\/li>\n<li>Cotisation sans pr\u00eat mat\u00e9riel 223\u20ac + Licence 37\u20ac = 260\u20ac<\/li>\n<\/ul>\n<p><strong>Adulte + 18 ans : <\/strong><\/p>\n<ul>\n<li>Cotisation avec pr\u00eat mat\u00e9riel 412\u20ac + Licence 73\u20ac = 485\u20ac<\/li>\n<li>Cotisation sans pr\u00eat mat\u00e9riel 232\u20ac + Licence 73\u20ac = 305\u20ac<\/li>\n<\/ul>\n<p><strong>Le paiement se fait en ligne, apr\u00e8s cr\u00e9ation de votre dossier adh\u00e9rent.<\/strong><\/p>\n<p>Il y a une r\u00e9duction de 20\u20ac pour toute inscription d&rsquo;une m\u00eame famille (pour chaque nouvel inscrit de la m\u00eame famille). Le premier inscrit paye plein tarif, tous les autres b\u00e9n\u00e9ficient du tarif r\u00e9duit.<\/p>\n","protected":false},"excerpt":{"rendered":"<p>Licenci\u00e9s non pratiquants Il est possible de prendre sa licence \u00e0 l&rsquo;Amath pour sans participer aux cours du samedi. Le tarif est le m\u00eame que pour les adh\u00e9rents, soit: 37\u20ac pour un enfant 73\u20ac pour un adulte Pour en faire la demande, c&rsquo;est par ici, rendez-vous sur la billetterie. Licenci\u00e9s et pratiquants le samedi Jeune [&hellip;]<\/p>\n","protected":false},"author":423,"featured_media":0,"parent":0,"menu_order":0,"comment_status":"closed","ping_status":"closed","template":"","meta":{"_crdt_document":"","footnotes":""},"class_list":["post-1164","page","type-page","status-publish","hentry"],"_links":{"self":[{"href":"https:\/\/www.kananas.com\/amathkakikouka1466\/wp-json\/wp\/v2\/pages\/1164","targetHints":{"allow":["GET"]}}],"collection":[{"href":"https:\/\/www.kananas.com\/amathkakikouka1466\/wp-json\/wp\/v2\/pages"}],"about":[{"href":"https:\/\/www.kananas.com\/amathkakikouka1466\/wp-json\/wp\/v2\/types\/page"}],"author":[{"embeddable":true,"href":"https:\/\/www.kananas.com\/amathkakikouka1466\/wp-json\/wp\/v2\/users\/423"}],"replies":[{"embeddable":true,"href":"https:\/\/www.kananas.com\/amathkakikouka1466\/wp-json\/wp\/v2\/comments?post=1164"}],"version-history":[{"count":22,"href":"https:\/\/www.kananas.com\/amathkakikouka1466\/wp-json\/wp\/v2\/pages\/1164\/revisions"}],"predecessor-version":[{"id":1926,"href":"https:\/\/www.kananas.com\/amathkakikouka1466\/wp-json\/wp\/v2\/pages\/1164\/revisions\/1926"}],"wp:attachment":[{"href":"https:\/\/www.kananas.com\/amathkakikouka1466\/wp-json\/wp\/v2\/media?parent=1164"}],"curies":[{"name":"wp","href":"https:\/\/api.w.org\/{rel}","templated":true}]}}