{"id":1388,"date":"2019-03-01T11:33:36","date_gmt":"2019-03-01T10:33:36","guid":{"rendered":"http:\/\/www.kananas.com\/amathkakikouka1466\/?page_id=1388"},"modified":"2023-06-17T14:31:36","modified_gmt":"2023-06-17T12:31:36","slug":"supports","status":"publish","type":"page","link":"https:\/\/www.kananas.com\/amathkakikouka1466\/supports\/","title":{"rendered":"Supports"},"content":{"rendered":"<h2>Samedi matin de 9h30 \u00e0 12h30<\/h2>\n<ul>\n<li>Catamaran adultes, \u00e0 partir de 18 ans<\/li>\n<li>Catamaran initiation pour les enfants, \u00e0 partir de 11 ans<\/li>\n<li>Optimist initiation, \u00e0 partir de 6 ans<\/li>\n<li>Planche \u00e0 voile adultes, \u00e0 partir de 18 ans<\/li>\n<li>Planche \u00e0 voile initiation pour les enfants, \u00e0 partir de 11 ans<\/li>\n<\/ul>\n<h2>Samedi apr\u00e8s-midi de 14h \u00e0 17h<\/h2>\n<ul>\n<li>Catamaran r\u00e9gates, r\u00e9serv\u00e9 aux pratiquants confirm\u00e9s participant aux r\u00e9gates<\/li>\n<li>Optimist r\u00e9gates, r\u00e9serv\u00e9 aux pratiquants confirm\u00e9s participant aux r\u00e9gates<\/li>\n<li>Planche \u00e0 voile interm\u00e9diaire, r\u00e9serv\u00e9 aux enfants et adultes ayant un niveau sup\u00e9rieur \u00e0 d\u00e9butant<\/li>\n<li>Planche \u00e0 voile Kiddy, \u00e0 partir de 8 ans<\/li>\n<li>Planche \u00e0 voile r\u00e9gates, r\u00e9serv\u00e9 aux pratiquants confirm\u00e9s participant aux r\u00e9gates<\/li>\n<li>Wingfoil itin\u00e9rant, r\u00e9serv\u00e9 aux planchistes confirm\u00e9s<\/li>\n<\/ul>\n<p>&nbsp;<\/p>\n","protected":false},"excerpt":{"rendered":"<p>Samedi matin de 9h30 \u00e0 12h30 Catamaran adultes, \u00e0 partir de 18 ans Catamaran initiation pour les enfants, \u00e0 partir de 11 ans Optimist initiation, \u00e0 partir de 6 ans Planche \u00e0 voile adultes, \u00e0 partir de 18 ans Planche \u00e0 voile initiation pour les enfants, \u00e0 partir de 11 ans Samedi apr\u00e8s-midi de 14h [&hellip;]<\/p>\n","protected":false},"author":423,"featured_media":0,"parent":0,"menu_order":0,"comment_status":"closed","ping_status":"closed","template":"","meta":{"_crdt_document":"","footnotes":""},"class_list":["post-1388","page","type-page","status-publish","hentry"],"_links":{"self":[{"href":"https:\/\/www.kananas.com\/amathkakikouka1466\/wp-json\/wp\/v2\/pages\/1388","targetHints":{"allow":["GET"]}}],"collection":[{"href":"https:\/\/www.kananas.com\/amathkakikouka1466\/wp-json\/wp\/v2\/pages"}],"about":[{"href":"https:\/\/www.kananas.com\/amathkakikouka1466\/wp-json\/wp\/v2\/types\/page"}],"author":[{"embeddable":true,"href":"https:\/\/www.kananas.com\/amathkakikouka1466\/wp-json\/wp\/v2\/users\/423"}],"replies":[{"embeddable":true,"href":"https:\/\/www.kananas.com\/amathkakikouka1466\/wp-json\/wp\/v2\/comments?post=1388"}],"version-history":[{"count":27,"href":"https:\/\/www.kananas.com\/amathkakikouka1466\/wp-json\/wp\/v2\/pages\/1388\/revisions"}],"predecessor-version":[{"id":1881,"href":"https:\/\/www.kananas.com\/amathkakikouka1466\/wp-json\/wp\/v2\/pages\/1388\/revisions\/1881"}],"wp:attachment":[{"href":"https:\/\/www.kananas.com\/amathkakikouka1466\/wp-json\/wp\/v2\/media?parent=1388"}],"curies":[{"name":"wp","href":"https:\/\/api.w.org\/{rel}","templated":true}]}}