{"id":1555,"date":"2019-06-11T18:00:18","date_gmt":"2019-06-11T16:00:18","guid":{"rendered":"http:\/\/www.kananas.com\/amathkakikouka1466\/?page_id=1555"},"modified":"2026-04-26T15:28:46","modified_gmt":"2026-04-26T13:28:46","slug":"avis-de-course","status":"publish","type":"page","link":"https:\/\/www.kananas.com\/amathkakikouka1466\/avis-de-course\/","title":{"rendered":"Avis de Course"},"content":{"rendered":"<h2>Pour chaque r\u00e9gate, les mineurs doivent \u00eatre en possession d&rsquo;une autorisation parentale.<\/h2>\n<p>&nbsp;<\/p>\n<h1>Coupe du Finist\u00e8re<\/h1>\n<p>Dimanche 31 mai 2026<\/p>\n<p>Lieu : Plage du Trez-Hir \u2013 Centre Nautique de Plougonvelin<br \/>\nAutorit\u00e9 organisatrice : AMATH Kakikouka<br \/>\nGrade : 5 B<\/p>\n<p><a href=\"https:\/\/drive.google.com\/file\/d\/1bZa7Cvyk_1Hw9qLJ3-N1Q1gyFYwF1i6T\/view?usp=drive_link\" target=\"_blank\" rel=\"noopener\">T\u00e9l\u00e9charger l&rsquo;avis de course ici.<\/a><\/p>\n<p><a href=\"https:\/\/docs.google.com\/forms\/d\/e\/1FAIpQLSfJFXx2l92a-bW-PAXxW1CCXfLzszJdLfnxYeRCuyRZDVKPmw\/viewform\">Pr\u00e9inscription avant le jeudi 28 mai ici.<\/a><\/p>\n<p><a href=\"https:\/\/padlet.com\/kakikamath\/regate31052026\">Tableau d&rsquo;affichage officiel en ligne : https:\/\/padlet.com\/kakikamath\/regate31052026<\/a><\/p>\n","protected":false},"excerpt":{"rendered":"<p>Pour chaque r\u00e9gate, les mineurs doivent \u00eatre en possession d&rsquo;une autorisation parentale. &nbsp; Coupe du Finist\u00e8re Dimanche 31 mai 2026 Lieu : Plage du Trez-Hir \u2013 Centre Nautique de Plougonvelin Autorit\u00e9 organisatrice : AMATH Kakikouka Grade : 5 B T\u00e9l\u00e9charger l&rsquo;avis de course ici. Pr\u00e9inscription avant le jeudi 28 mai ici. Tableau d&rsquo;affichage officiel en [&hellip;]<\/p>\n","protected":false},"author":423,"featured_media":0,"parent":0,"menu_order":0,"comment_status":"closed","ping_status":"closed","template":"","meta":{"_crdt_document":"{\"document\":\"AAAH3cmV1AHcAcABCB6CAwIOAjgCFAQCBAMACAQDALYBApIBAhgDAZYBDAIOBBwDABQGBAMAjAIDASQDAAQGhAECEAQgAhQDAAoGBAMCEAIEAgYCFgIMAhgCDgMAOgIcAggDABoDAAoGAgYCiAEULAMABBwCKAMBCgIGAgYDARwCCQADAZABCAIOBQCQAggCDgUAFgQCAQIKSgIK\/BoGELAa6BUOEh4CFAoCuAIEkAEUIwAKAhgGCBgOGhCmAYQDJCogBIQCChKUAgoSLooFBhCIBQ4SHgIUCgK4AgSQARQjAAoCGAYIGA4aEKYBhAMkKiAEhAIKEpQCChKfAigDJwAEACcABACBAIQAgQCEAIEAhACBAIQAgQCEAIEAhACBAIQAgQCEAIEAhACBAIQAgQCEAIEAhACBAIQAgQCEAIEAhAKBAIQBgQCEAIEAhACBAIQAgQCEAIEAhACBAIQAgQCEAIEAhACBAIQAgQCEAIEAhAKBAIQAgQCEAIEAhACBAIQAgQCEAIEAhACBAIQAgQCEAYEAhACBAIQAgQCEAYEAhACBAIQAgQCEAIEAhACBAIQAgQCEAIEAhACBAIQAgQCEAIEAhACBAIQAgQCEAIEAhACBAIQAgQCEAIEAhACBAIQAgQCEAIEAhACBAIQAgQCEAIEAhACBAIQAgQCEACcAKAQnACgAJwAHACgDJwAoACcAKAGoAcQCqADErAmoCHN0YXRldmVyc2lvbmRvY3VtZW50ZGF0ZWRvY3VtZW50c2x1Z2RvY3VtZW50c3RhdHVzZG9jdW1lbnR0aXRsZUF2aXMgZGUgQ291cnNlZG9jdW1lbnRjb250ZW50PGgyPlBvdXIgY2hhcXVlIHLDqWdhdGUsIGxlcyBtaW5ldXJzIGRvaXZlbnQgw6p0cmUgZW4gcG9zc2Vzc2lvbiBkJ3VuZSBhdXRvcmlzYXRpb24gcGFyZW50YWxlLjwvaDI+CiZuYnNwOwo8aDE+Q291cGUgZHUgRmluaXN0w6hyZTwvaDE+CkRpbWFuY2hlICBpIDIwMgoKTGlldSA6IFBsYWdlIGR1IFRyZXotSGlyIOKAkyBDZW50cmUgTmF1dGlxdWUgZGUgUGxvdWdvbnZlbGluCkF1dG9yaXTDqSBvcmdhbmlzYXRyaWNlIDogQU1BVEggS2FraWtvdWthCkdyYWRlIDogNSBCCgo8YSBocmVmPSJodHRwczovL2RyaXZlLmdvb2dsZS5jb20vZmlsZS9kLzFIOXFONi92aWV3P3VzcD1yaW4iIHRhcmdldD0iX2JsYW5rIiByZWw9Im5vb3BlbmVyIj5Uw6lsw6ljaGFyZ2VyIGwnYXZpcyBkZSBjb3Vyc2UgaWNpLjwvYT4KCjxhIGhyZWY9Imh0dHBzOi8vb3MuZ29sZWMvZm9ybXNlL3BGWHg5YWZzbm0vdmllcm0iPlByw6lpbnNjcmlwdGlvbiBhYW50ZWV1ZGlpLjwvYT4KCjxhIGhyZWY9Imh0dHBzOi8vcGFkbGV0LmNvbS9rYWtpa2FtYXRoL2V0ZSI+VGFibGVhdSBkJ2FmZmljaGFnZSBvZmZpY2llbCBlbiBsaWduZSA6IGh0dHBzOi8vcGFkbGV0LmNvbS9rYWtpa2FtYXRoL2V0ZTwvYT5kb2N1bWVudGV4Y2VycHRkb2N1bWVudGF1dGhvcmRvY3VtZW50ZmVhdHVyZWRfbWVkaWFkb2N1bWVudGNvbW1lbnRfc3RhdHVzZG9jdW1lbnRwaW5nX3N0YXR1c2RvY3VtZW50dGVtcGxhdGVkb2N1bWVudG1ldGFmb290bm90ZXNkb2N1bWVudGJsb2Nrc2NsaWVudElkaXNWYWxpZG9yaWdpbmFsQ29udGVudG5hbWVhdHRyaWJ1dGVzY29udGVudGlubmVyQmxvY2tzc3RhdGVzYXZlZEF0c3RhdGVzYXZlZEJ5MzFtYTZiWmE3Q3Z5a18xd0xKMy0xUTFneUZZd0YxaVRkdmVfbGlrZGNvZy5vbS9kLzFGQUlRTFNmSjJsMi1iVy1QQVh4VzFDQ1hMenpKZExmeFllUkN1eVJaRFZLUHd3Zm92IGwgaiAyOCBtYSBpY2lyZ2EzMTA1MjAyNnJnYTMxMDUyMDI2BQcIBAgECAYIBQ4IB6EBBxwKQQAEATspDAErAQJBAAoCAYYBARIBAwECQQAFAkEOBUEACgECQQYEASgBAogBAQIECAcIBggOCA4IC0gBBAkIBggHDwQKBwsFBwUHQgABCgEEC0EABUEBAgECAwQFAgENAgUNAQMBQgAGBAECCAECCBEBBAAAAQAAAAEGAAABAAAHAQdCAQEAQQAAOkEFQgABAkEDBgcOA0ECAiIIEAoBAwEIAgMLBgwHHQ4EDQFDACQWAQ4UAQVDAAEOBEEABAcCBAcCQQ4BxwEAfQF3EzIwMTktMDYtMTFUMTg6MDA6MTh3DmF2aXMtZGUtY291cnNldwdwdWJsaXNofacGfQB3BmNsb3NlZHcGY2xvc2VkdwB3AHckY2EyNzFiYjgtNjFiYy00Y2Q4LTg0MTctMzIwNDg4MTkzM2RjeHeTCDxoMj5Qb3VyIGNoYXF1ZSByw6lnYXRlLCBsZXMgbWluZXVycyBkb2l2ZW50IMOqdHJlIGVuIHBvc3Nlc3Npb24gZCd1bmUgYXV0b3Jpc2F0aW9uIHBhcmVudGFsZS48L2gyPgo8cD4mbmJzcDs8L3A+CjxoMT5Db3VwZSBkdSBGaW5pc3TDqHJlPC9oMT4KPHA+RGltYW5jaGUgMjIganVpbiAyMDI1PC9wPgo8cD5MaWV1IDogUGxhZ2UgZHUgVHJlei1IaXIg4oCTIENlbnRyZSBOYXV0aXF1ZSBkZSBQbG91Z29udmVsaW48YnIgLz4KQXV0b3JpdMOpIG9yZ2FuaXNhdHJpY2UgOiBBTUFUSCBLYWtpa291a2E8YnIgLz4KR3JhZGUgOiA1IEI8L3A+CjxwPjxhIGhyZWY9Imh0dHBzOi8vZHJpdmUuZ29vZ2xlLmNvbS9maWxlL2QvMUpqUFhWQUhkbG9jaVZXOXFPWnJtWjc4NXFVdVVVUU42L3ZpZXc\/dXNwPXNoYXJpbmciIHRhcmdldD0iX2JsYW5rIiByZWw9Im5vb3BlbmVyIj5Uw6lsw6ljaGFyZ2VyIGwnYXZpcyBkZSBjb3Vyc2UgaWNpLjwvYT48L3A+CjxwPjxhIGhyZWY9Imh0dHBzOi8vZm9ybXMuZ2xlL3BGYVhNZ0dlZDNqdHhZRzlBIj5QcsOpaW5zY3JpcHRpb24gYXZhbnQgbGUgamV1ZGkgMTkganVpbiBpY2kgOiBodHRwczovL2Zvcm1zLmdsZS9wRmFYTWdHZWQzanR4WUc5QTwvYT48L3A+CjxwPjxhIGhyZWY9Imh0dHBzOi8vdGlja2V0LmthbmFuYXMuY29tL2Fzc29jaWF0aW9uL2FtYXRoLWtha2lrb3VrYS9ldmVudC9jb3VwZS1kdS1maW5pc3RlcmUtMTQ2Ni01MzYuaHRtbCI+UHLDqS1wYWllbWVudCBvYmxpZ2F0b2lyZSBwb3VyIHZhbGlkZXIgbGEgcHLDqS1pbnNjcmlwdGlvbiBpY2kgOiBodHRwczovL3RpY2tldC5rYW5hbmFzLmNvbS9hc3NvY2lhdGlvbi9hbWF0aC1rYWtpa291a2EvZXZlbnQvY291cGUtZHUtZmluaXN0ZXJlLTE0NjYtNTM2Lmh0bWw8L2E+PC9wPgo8cD48YSBocmVmPSJodHRwczovL3BhZGxldC5jb20va2FraWthbWF0aC9jb3VwZWR1ZmluaXN0ZXJlIj5UYWJsZWF1IGQnYWZmaWNoYWdlIG9mZmljaWVsIGVuIGxpZ25lIDogaHR0cHM6Ly9wYWRsZXQuY29tL2tha2lrYW1hdGgvY291cGVkdWZpbmlzdGVyZTwvYT48L3A+dw1jb3JlL2ZyZWVmb3Jtd5MIPGgyPlBvdXIgY2hhcXVlIHLDqWdhdGUsIGxlcyBtaW5ldXJzIGRvaXZlbnQgw6p0cmUgZW4gcG9zc2Vzc2lvbiBkJ3VuZSBhdXRvcmlzYXRpb24gcGFyZW50YWxlLjwvaDI+CjxwPiZuYnNwOzwvcD4KPGgxPkNvdXBlIGR1IEZpbmlzdMOocmU8L2gxPgo8cD5EaW1hbmNoZSAyMiBqdWluIDIwMjU8L3A+CjxwPkxpZXUgOiBQbGFnZSBkdSBUcmV6LUhpciDigJMgQ2VudHJlIE5hdXRpcXVlIGRlIFBsb3Vnb252ZWxpbjxiciAvPgpBdXRvcml0w6kgb3JnYW5pc2F0cmljZSA6IEFNQVRIIEtha2lrb3VrYTxiciAvPgpHcmFkZSA6IDUgQjwvcD4KPHA+PGEgaHJlZj0iaHR0cHM6Ly9kcml2ZS5nb29nbGUuY29tL2ZpbGUvZC8xSmpQWFZBSGRsb2NpVlc5cU9acm1aNzg1cVV1VVVRTjYvdmlldz91c3A9c2hhcmluZyIgdGFyZ2V0PSJfYmxhbmsiIHJlbD0ibm9vcGVuZXIiPlTDqWzDqWNoYXJnZXIgbCdhdmlzIGRlIGNvdXJzZSBpY2kuPC9hPjwvcD4KPHA+PGEgaHJlZj0iaHR0cHM6Ly9mb3Jtcy5nbGUvcEZhWE1nR2VkM2p0eFlHOUEiPlByw6lpbnNjcmlwdGlvbiBhdmFudCBsZSBqZXVkaSAxOSBqdWluIGljaSA6IGh0dHBzOi8vZm9ybXMuZ2xlL3BGYVhNZ0dlZDNqdHhZRzlBPC9hPjwvcD4KPHA+PGEgaHJlZj0iaHR0cHM6Ly90aWNrZXQua2FuYW5hcy5jb20vYXNzb2NpYXRpb24vYW1hdGgta2FraWtvdWthL2V2ZW50L2NvdXBlLWR1LWZpbmlzdGVyZS0xNDY2LTUzNi5odG1sIj5QcsOpLXBhaWVtZW50IG9ibGlnYXRvaXJlIHBvdXIgdmFsaWRlciBsYSBwcsOpLWluc2NyaXB0aW9uIGljaSA6IGh0dHBzOi8vdGlja2V0LmthbmFuYXMuY29tL2Fzc29jaWF0aW9uL2FtYXRoLWtha2lrb3VrYS9ldmVudC9jb3VwZS1kdS1maW5pc3RlcmUtMTQ2Ni01MzYuaHRtbDwvYT48L3A+CjxwPjxhIGhyZWY9Imh0dHBzOi8vcGFkbGV0LmNvbS9rYWtpa2FtYXRoL2NvdXBlZHVmaW5pc3RlcmUiPlRhYmxlYXUgZCdhZmZpY2hhZ2Ugb2ZmaWNpZWwgZW4gbGlnbmUgOiBodHRwczovL3BhZGxldC5jb20va2FraWthbWF0aC9jb3VwZWR1ZmluaXN0ZXJlPC9hPjwvcD57Qnncn1zboAB9ncmV1AF3JDUxYmVjYTYzLTBmNTgtNDc1Ni1iY2UxLWZiMWZlYzVkMzI0NneQCDxoMj5Qb3VyIGNoYXF1ZSByw6lnYXRlLCBsZXMgbWluZXVycyBkb2l2ZW50IMOqdHJlIGVuIHBvc3Nlc3Npb24gZCd1bmUgYXV0b3Jpc2F0aW9uIHBhcmVudGFsZS48L2gyPgo8cD4mbmJzcDs8L3A+CjxoMT5Db3VwZSBkdSBGaW5pc3TDqHJlPC9oMT4KPHA+RGltYW5jaGUgMzEgbWFpIDIwMjY8L3A+CjxwPkxpZXUgOiBQbGFnZSBkdSBUcmV6LUhpciDigJMgQ2VudHJlIE5hdXRpcXVlIGRlIFBsb3Vnb252ZWxpbjxiciAvPkF1dG9yaXTDqSBvcmdhbmlzYXRyaWNlIDogQU1BVEggS2FraWtvdWthPGJyIC8+R3JhZGUgOiA1IEI8L3A+CjxwPjxhIGhyZWY9Imh0dHBzOi8vZHJpdmUuZ29vZ2xlLmNvbS9maWxlL2QvMUpqUFhWQUhkbG9jaVZXOXFPWnJtWjc4NXFVdVVVUU42L3ZpZXc\/dXNwPXNoYXJpbmciIHRhcmdldD0iX2JsYW5rIiByZWw9Im5vb3BlbmVyIj5Uw6lsw6ljaGFyZ2VyIGwnYXZpcyBkZSBjb3Vyc2UgaWNpLjwvYT48L3A+CjxwPjxhIGhyZWY9Imh0dHBzOi8vZm9ybXMuZ2xlL3BGYVhNZ0dlZDNqdHhZRzlBIj5QcsOpaW5zY3JpcHRpb24gYXZhbnQgbGUgamV1ZGkgMTkganVpbiBpY2kgOiBodHRwczovL2Zvcm1zLmdsZS9wRmFYTWdHZWQzanR4WUc5QTwvYT48L3A+CjxwPjxhIGhyZWY9Imh0dHBzOi8vdGlja2V0LmthbmFuYXMuY29tL2Fzc29jaWF0aW9uL2FtYXRoLWtha2lrb3VrYS9ldmVudC9jb3VwZS1kdS1maW5pc3RlcmUtMTQ2Ni01MzYuaHRtbCI+UHLDqS1wYWllbWVudCBvYmxpZ2F0b2lyZSBwb3VyIHZhbGlkZXIgbGEgcHLDqS1pbnNjcmlwdGlvbiBpY2kgOiBodHRwczovL3RpY2tldC5rYW5hbmFzLmNvbS9hc3NvY2lhdGlvbi9hbWF0aC1rYWtpa291a2EvZXZlbnQvY291cGUtZHUtZmluaXN0ZXJlLTE0NjYtNTM2Lmh0bWw8L2E+PC9wPgo8cD48YSBocmVmPSJodHRwczovL3BhZGxldC5jb20va2FraWthbWF0aC9jb3VwZWR1ZmluaXN0ZXJlIj5UYWJsZWF1IGQnYWZmaWNoYWdlIG9mZmljaWVsIGVuIGxpZ25lIDogaHR0cHM6Ly9wYWRsZXQuY29tL2tha2lrYW1hdGgvY291cGVkdWZpbmlzdGVyZTwvYT48L3A+d5cGPGgyPlBvdXIgY2hhcXVlIHLDqWdhdGUsIGxlcyBtaW5ldXJzIGRvaXZlbnQgw6p0cmUgZW4gcG9zc2Vzc2lvbiBkJ3VuZSBhdXRvcmlzYXRpb24gcGFyZW50YWxlLjwvaDI+CjxwPiZuYnNwOzwvcD4KPGgxPkNvdXBlIGR1IEZpbmlzdMOocmU8L2gxPgo8cD5EaW1hbmNoZSAzMSBtYWkgMjAyNjwvcD4KPHA+TGlldSA6IFBsYWdlIGR1IFRyZXotSGlyIOKAkyBDZW50cmUgTmF1dGlxdWUgZGUgUGxvdWdvbnZlbGluPGJyIC8+QXV0b3JpdMOpIG9yZ2FuaXNhdHJpY2UgOiBBTUFUSCBLYWtpa291a2E8YnIgLz5HcmFkZSA6IDUgQjwvcD4KPHA+PGEgaHJlZj0iaHR0cHM6Ly9kcml2ZS5nb29nbGUuY29tL2ZpbGUvZC8xYlphN0N2eWtfMUh3OXFMSjMtTjFRMWd5Rll3RjFpNlQvdmlldz91c3A9ZHJpdmVfbGluayIgdGFyZ2V0PSJfYmxhbmsiIHJlbD0ibm9vcGVuZXIiPlTDqWzDqWNoYXJnZXIgbCdhdmlzIGRlIGNvdXJzZSBpY2kuPC9hPjwvcD4KPHA+PGEgaHJlZj0iaHR0cHM6Ly9kb2NzLmdvb2dsZS5jb20vZm9ybXMvZC9lLzFGQUlwUUxTZkpGWHgybDkyYS1iVy1QQVh4VzFDQ1hmTHpzekpkTGZueFllUkN1eVJaRFZLUG13L3ZpZXdmb3JtIj5QcsOpaW5zY3JpcHRpb24gYXZhbnQgbGUgamV1ZGkgMjggbWFpIGljaS48L2E+PC9wPgo8cD48YSBocmVmPSJodHRwczovL3BhZGxldC5jb20va2FraWthbWF0aC9yZWdhdGUzMTA1MjAyNiI+VGFibGVhdSBkJ2FmZmljaGFnZSBvZmZpY2llbCBlbiBsaWduZSA6IGh0dHBzOi8vcGFkbGV0LmNvbS9rYWtpa2FtYXRoL3JlZ2F0ZTMxMDUyMDI2PC9hPjwvcD4B3eSKakF1AAcAHAAKAQEBAQAEAQEAOwApAAwAAQArBQEGAg0MAgMARgABABIAAQEDIQEHAg8BCQEABQIEAAEHAQEBAgEKAQUBCwEGAhwBDQEDAgwBAAUCAQIBIwoVAQACDQETAQABBAECAQIBAAENAQMEAAEAKAMBBgIBSAMBBgIBDgAEAAQA\",\"updateId\":397157929}","footnotes":""},"class_list":["post-1555","page","type-page","status-publish","hentry"],"_links":{"self":[{"href":"https:\/\/www.kananas.com\/amathkakikouka1466\/wp-json\/wp\/v2\/pages\/1555","targetHints":{"allow":["GET"]}}],"collection":[{"href":"https:\/\/www.kananas.com\/amathkakikouka1466\/wp-json\/wp\/v2\/pages"}],"about":[{"href":"https:\/\/www.kananas.com\/amathkakikouka1466\/wp-json\/wp\/v2\/types\/page"}],"author":[{"embeddable":true,"href":"https:\/\/www.kananas.com\/amathkakikouka1466\/wp-json\/wp\/v2\/users\/423"}],"replies":[{"embeddable":true,"href":"https:\/\/www.kananas.com\/amathkakikouka1466\/wp-json\/wp\/v2\/comments?post=1555"}],"version-history":[{"count":9,"href":"https:\/\/www.kananas.com\/amathkakikouka1466\/wp-json\/wp\/v2\/pages\/1555\/revisions"}],"predecessor-version":[{"id":1959,"href":"https:\/\/www.kananas.com\/amathkakikouka1466\/wp-json\/wp\/v2\/pages\/1555\/revisions\/1959"}],"wp:attachment":[{"href":"https:\/\/www.kananas.com\/amathkakikouka1466\/wp-json\/wp\/v2\/media?parent=1555"}],"curies":[{"name":"wp","href":"https:\/\/api.w.org\/{rel}","templated":true}]}}