{"id":29,"date":"2012-05-04T17:22:39","date_gmt":"2012-05-04T15:22:39","guid":{"rendered":"http:\/\/amath-kakikouka.com\/voile\/?page_id=29"},"modified":"2020-09-10T17:37:45","modified_gmt":"2020-09-10T15:37:45","slug":"reglement-interieur","status":"publish","type":"page","link":"https:\/\/www.kananas.com\/amathkakikouka1466\/reglement-interieur\/","title":{"rendered":"R\u00e8glement int\u00e9rieur"},"content":{"rendered":"<p style=\"text-align: center\"><span style=\"font-size: 24pt\">R\u00e8glement int\u00e9rieur de l&rsquo;Amath Kakikouka<\/span><\/p>\n<p><span style=\"font-size: 14pt\"><strong>Pr\u00e9ambule<\/strong><\/span><\/p>\n<p>&#8211; L\u2019association : L\u2019AMATH KAKIKOUKA est une association loi 1901, cr\u00e9\u00e9e le 23 janvier 1981 \u00e0 Plougonvelin.<br \/>\n&#8211; Le contexte institutionnel : Le fonctionnement de l\u2019AMATH KAKIKOUKA est construit autour d\u2019une convention qui nous lie \u00e0 Nautisme en Pays d\u2019Iroise (NPI), structure d\u00e9pendante de la Communaut\u00e9 de Commune du Pays d\u2019Iroise (CCPI). Cette convention d\u00e9finit les conditions d\u2019utilisation du mat\u00e9riel et de la structure sur la plage du Trez-Hir. L\u2019essentiel de la flotte (catamarans, Optimists, planches \u00e0 voiles) appartient donc \u00e0 NPI. L\u2019association loue pour chaque s\u00e9ance ou entra\u00eenement le mat\u00e9riel dont elle a besoin y compris les embarcations de s\u00e9curit\u00e9. Des brevet\u00e9s d\u2019\u00e9tat sont \u00e9galement mis \u00e0 notre disposition selon un bar\u00e8me horaire hebdomadaire. Cependant l\u2019essentiel des moniteurs dipl\u00f4m\u00e9s assurant les s\u00e9ances et l&rsquo;encadrement d\u00e9pendent de l\u2019association.<br \/>\nEn aucun cas Nautisme en Pays d\u2019Iroise, repr\u00e9sent\u00e9 dans ce cas par les employ\u00e9s du centre nautique de Plougonvelin, ne participe \u00e0 l\u2019organisation des activit\u00e9s et des d\u00e9cisions relatives \u00e0 l\u2019association, sauf en ce qui concerne l&rsquo;approbation des sorties des groupes de pratiquants ou l\u2019exclusion d\u2019un des membres de l\u2019association en cas de manquement au r\u00e8glement int\u00e9rieur de Nautisme en Pays d\u2019Iroise ou de l\u2019association. Les r\u00e9f\u00e9rents et interlocuteurs privil\u00e9gi\u00e9s des pratiquants de l\u2019association sont les moniteurs en charge de leurs groupes ainsi<br \/>\nque le conseil d\u2019administration de l\u2019association repr\u00e9sent\u00e9 par le membre charg\u00e9 de la communication au sein de l\u2019association.<br \/>\nLe centre nautique de Plougonvelin est avant tout un lieu d\u2019enseignement et de pratique des activit\u00e9s nautiques, Nautisme en Pays d\u2019Iroise en est le propri\u00e9taire l\u00e9gal et d\u00e9finit son utilisation dans le respect de cet objet.<\/p>\n<p><strong><span style=\"font-size: 14pt\">R\u00e8glement int\u00e9rieur<\/span><\/strong><\/p>\n<p>Tout membre de l\u2019association, ainsi que son responsable l\u00e9gal dans la cas d\u2019un mineur, est tenu de prendre connaissance de ce r\u00e8glement pour le bon fonctionnement de l\u2019association.<\/p>\n<p><strong>1. FONCTIONNEMENT G\u00c9N\u00c9RAL<\/strong><br \/>\nL\u2019association est bas\u00e9e sur le b\u00e9n\u00e9volat. \u00c0 ce titre, elle ne peut assurer aucune permanence au centre nautique. L\u2019association se permet de vous solliciter (membres, parents, amis&#8230;) lors de l\u2019organisation de r\u00e9gates et autres manifestations. L\u2019ensemble des b\u00e9n\u00e9voles et membres sont couverts par l\u2019assurance de l\u2019association.<\/p>\n<p><strong>2. INSCRIPTIONS<\/strong><br \/>\nUne pr\u00e9inscription concernant les stagiaires de l\u2019ann\u00e9e en cours a lieu en fin de saison pour la saison suivante. Les inscriptions officielles se d\u00e9roulent un samedi, d\u00e9but septembre. Cette inscription tient lieu d\u2019engagement pour toute l\u2019ann\u00e9e. De fait, aucune demande de remboursement ne sera accept\u00e9e, except\u00e9 dans certains cas pr\u00e9cis : d\u00e9m\u00e9nagement, maladie.<\/p>\n<p><strong>3. S\u00c9CURIT\u00c9<\/strong><br \/>\n&#8211; Mineurs : aucun stagiaire mineur ne peut quitter le centre nautique par ses propres moyens sauf s\u2019il y est express\u00e9ment autoris\u00e9 par \u00e9crit par l&rsquo;un de ses tuteurs l\u00e9gaux, y compris apr\u00e8s l\u2019heure de fin des cours. Cette responsabilit\u00e9 incombe directement au moniteur du groupe.<\/p>\n<p>&#8211; M\u00e9t\u00e9o : il est obligatoire de consulter le bulletin m\u00e9t\u00e9orologique du jour avant chaque embarquement. Celui-ci est affich\u00e9 dans les locaux du centre nautique.<\/p>\n<p>&#8211; Zone de navigation : les limites du plan d\u2019eau sont clairement d\u00e9finies sur l\u2019affichage obligatoire plac\u00e9 \u00e0 l\u2019accueil du centre nautique.<\/p>\n<p>&#8211; Num\u00e9ros d\u2019urgence : voir sur l\u2019affichage obligatoire plac\u00e9 \u00e0 l\u2019accueil du centre nautique.<\/p>\n<p>&#8211; Pharmacie : une trousse \u00e0 pharmacie est mise \u00e0 disposition par l\u2019association.<\/p>\n<p>&#8211; Inscription : tout membre majeur ou le responsable l\u00e9gal dans la cas d\u2019un mineur doivent remettre un certificat de non contre-indication \u00e0 la pratique des sports nautiques. Dans le m\u00eame cadre, une attestation de r\u00e9ussite au test de natation en vigueur peut \u00eatre demand\u00e9e lors de l\u2019inscription.<\/p>\n<p>&#8211; \u00c9quipement : le moniteur v\u00e9rifie la conformit\u00e9 de la tenue vestimentaire du pratiquant avec la r\u00e9glementation (port de la brassi\u00e8re et d\u2019un v\u00eatement isothermique sur tous les supports) et les conditions de la pratique.<\/p>\n<p>&#8211; Le mat\u00e9riel nautique est pr\u00e9par\u00e9 et entretenu r\u00e9guli\u00e8rement.<\/p>\n<p>Vous trouverez \u00e9galement sur le tableau d\u2019affichage des informations concernant la s\u00e9curit\u00e9, notamment la proc\u00e9dure \u00e0 suivre en cas d\u2019incident.<\/p>\n<p><strong>4. PRATIQUANTS<\/strong><br \/>\nL\u2019interlocuteur du pratiquant est le moniteur responsable du groupe auquel il appartient ainsi que les membres du conseil d\u2019administration de l\u2019association. Ces derniers sont habilit\u00e9s \u00e0 faire part de leurs remarques aupr\u00e8s de NPI, dans le cas pr\u00e9sent, le responsable du centre<br \/>\nnautique.<\/p>\n<p>Mat\u00e9riel du pratiquant : le mat\u00e9riel de votre pratique vous est attribu\u00e9 nominativement au d\u00e9but de l\u2019ann\u00e9e, il est marqu\u00e9 pour \u00eatre identifi\u00e9. Vous en \u00eates directement responsable. Tout dommage occasionn\u00e9 incombera \u00e0 l\u2019utilisateur la charge financi\u00e8re totale de remise en \u00e9tat ou du remplacement du mat\u00e9riel. Le pratiquant est tenu de v\u00e9rifier l\u2019\u00e9tat de son mat\u00e9riel avant et apr\u00e8s chaque sortie en mer. Un ch\u00e8que de caution de 150 euros vous est demand\u00e9 lors de la remise du mat\u00e9riel, si le mat\u00e9riel utilis\u00e9 est en bon \u00e9tat lors de son retour \u00e0 la fin de l\u2019ann\u00e9e, ce ch\u00e8que ne sera pas encaiss\u00e9 et vous sera rendu.<\/p>\n<p>Le stockage organis\u00e9 par le centre nautique est rigoureusement respect\u00e9. Le moniteur donne au pratiquant les consignes relatives au stockage.<\/p>\n<p>Le mat\u00e9riel mis \u00e0 disposition doit \u00eatre trait\u00e9 avec la plus grande consid\u00e9ration de la part de tous. C\u2019est un mat\u00e9riel co\u00fbteux et alt\u00e9rable lors de son utilisation. Il doit \u00eatre rincer correctement apr\u00e8s chaque sortie.<\/p>\n<p style=\"text-align: center\">TOUTE CASSE OU PERTE DE MAT\u00c9RIEL DOIT \u00caTRE SIGNAL\u00c9E AU MONITEUR QUI LE SIGNALE \u00c0 NPI EN LA PERSONNE DU RESPONSABLE DE CENTRE.<\/p>\n<p style=\"text-align: left\"><strong>5. HORAIRES ET SURVEILLANCE DES MINEURS<\/strong><\/p>\n<p>Le centre nautique est ouvert aux stagiaires de 9h30 \u00e0 12h30 le matin et de 14h \u00e0 17h l&rsquo;apr\u00e8s- midi. Ni les moniteurs, ni les membres adultes de l&rsquo;association n&rsquo;\u00e9tant tenus de surveiller les pratiquants mineurs dans les vestiaires, il en va de la responsabilit\u00e9 des parents de s&rsquo;assurer que leur enfant soit chang\u00e9 rapidement et calmement afin d&rsquo;\u00eatre pr\u00eat \u00e0 temps pour le d\u00e9but de la s\u00e9ance, soit un quart d&rsquo;heure apr\u00e8s l&rsquo;ouverture du centre. Cette remarque est \u00e9galement valable pour l&rsquo;apr\u00e8s s\u00e9ance, soit un quart d&rsquo;heure avant la fermeture du centre. L&rsquo;association se r\u00e9serve le droit d&rsquo;exclure un membre, m\u00eame mineur, en cas de d\u00e9bordements ou d&rsquo;incivilit\u00e9s dans les vestiaires.<\/p>\n<p><strong>6. S\u00c9ANCES ENCADR\u00c9ES<\/strong><br \/>\nLa saison commence g\u00e9n\u00e9ralement le deuxi\u00e8me samedi du mois de septembre et se poursuit jusqu\u2019au deuxi\u00e8me samedi du mois de d\u00e9cembre. Apr\u00e8s une tr\u00eave hivernale, les s\u00e9ances reprennent fin f\u00e9vrier, ou d\u00e9but mars selon les conditions m\u00e9t\u00e9orologiques, et se terminent le dernier samedi de juin. Toutes les s\u00e9ances sont sous la responsabilit\u00e9 d\u2019un moniteur ou d\u2019un brevet\u00e9 d\u2019\u00e9tat. En cas de conditions m\u00e9t\u00e9orologiques extr\u00eames (fort coup de vent, orage, vagues dangereuses ou temp\u00e9ratures trop basses), la s\u00e9ance peut \u00eatre annul\u00e9e ou remplac\u00e9e par un cours th\u00e9orique en fonction des objectifs de chaque groupe. Cette d\u00e9cision est prise en concertation avec la pr\u00e9sidente de l\u2019association, le brevet\u00e9 d\u2019\u00e9tat et l\u2019ensemble des moniteurs qui en informent les stagiaires le plus rapidement possible, au plus tard le matin m\u00eame de la s\u00e9ance.<\/p>\n<p><strong>7. R\u00c9GATES<\/strong><\/p>\n<p>L\u2019association poss\u00e8de des remorques pour planches \u00e0 voile mais ne peut assurer par ses propres moyens le transport et la logistique sur les lieux de r\u00e9gate. Tout d\u00e9placement s\u2019effectue par regroupement de moyens de transport des coureurs ou parents avec l\u2019aide des moniteurs disponibles.<\/p>\n<p><strong>8. RESPONSABILIT\u00c9S<\/strong><br \/>\nLe centre nautique ainsi que l\u2019AMATH KAKIKOUKA ne pourront \u00eatre tenus responsables de vols ou d\u00e9gradations pouvant survenir aux effets personnels (montres, lunettes, t\u00e9l\u00e9phone, etc.) laiss\u00e9s dans le centre.<\/p>\n<p><strong>9. B\u00c9N\u00c9VOLAT<\/strong><\/p>\n<p>Le bon fonctionnement de l&rsquo;association repose sur le b\u00e9n\u00e9volat de ses membres. \u00c0 cette fin, il est demand\u00e9 \u00e0 chaque adh\u00e9rent un \u00ab\u00a0ch\u00e8que b\u00e9n\u00e9volat\u00a0\u00bb d&rsquo;un montant de 50 euros, la restitution du ch\u00e8que b\u00e9n\u00e9volat est conditionn\u00e9e par la participation \u00e0 au moins deux \u00e9v\u00e9nements par an (participation \u00e0 l&rsquo;organisation ou au d\u00e9placement en r\u00e9gates, remise en \u00e9tat et entretien du mat\u00e9riel, pr\u00e9sence au Conseil d&rsquo;Administration&#8230;) par le pratiquant ou son responsable l\u00e9gal (un membre par famille si plusieurs membres inscrits).<\/p>\n<p>Signature du pratiquant et du responsable l\u00e9gal pour les mineurs, pr\u00e9c\u00e9d\u00e9e de la menton \u00ab Lu et approuv\u00e9 \u00bb :<\/p>\n","protected":false},"excerpt":{"rendered":"<p>R\u00e8glement int\u00e9rieur de l&rsquo;Amath Kakikouka Pr\u00e9ambule &#8211; L\u2019association : L\u2019AMATH KAKIKOUKA est une association loi 1901, cr\u00e9\u00e9e le 23 janvier 1981 \u00e0 Plougonvelin. &#8211; Le contexte institutionnel : Le fonctionnement de l\u2019AMATH KAKIKOUKA est construit autour d\u2019une convention qui nous lie \u00e0 Nautisme en Pays d\u2019Iroise (NPI), structure d\u00e9pendante de la Communaut\u00e9 de Commune du [&hellip;]<\/p>\n","protected":false},"author":423,"featured_media":0,"parent":0,"menu_order":0,"comment_status":"closed","ping_status":"closed","template":"","meta":{"_crdt_document":"","footnotes":""},"class_list":["post-29","page","type-page","status-publish","hentry"],"_links":{"self":[{"href":"https:\/\/www.kananas.com\/amathkakikouka1466\/wp-json\/wp\/v2\/pages\/29","targetHints":{"allow":["GET"]}}],"collection":[{"href":"https:\/\/www.kananas.com\/amathkakikouka1466\/wp-json\/wp\/v2\/pages"}],"about":[{"href":"https:\/\/www.kananas.com\/amathkakikouka1466\/wp-json\/wp\/v2\/types\/page"}],"author":[{"embeddable":true,"href":"https:\/\/www.kananas.com\/amathkakikouka1466\/wp-json\/wp\/v2\/users\/423"}],"replies":[{"embeddable":true,"href":"https:\/\/www.kananas.com\/amathkakikouka1466\/wp-json\/wp\/v2\/comments?post=29"}],"version-history":[{"count":4,"href":"https:\/\/www.kananas.com\/amathkakikouka1466\/wp-json\/wp\/v2\/pages\/29\/revisions"}],"predecessor-version":[{"id":1672,"href":"https:\/\/www.kananas.com\/amathkakikouka1466\/wp-json\/wp\/v2\/pages\/29\/revisions\/1672"}],"wp:attachment":[{"href":"https:\/\/www.kananas.com\/amathkakikouka1466\/wp-json\/wp\/v2\/media?parent=29"}],"curies":[{"name":"wp","href":"https:\/\/api.w.org\/{rel}","templated":true}]}}