{"id":3,"date":"2017-07-07T12:55:20","date_gmt":"2017-07-07T10:55:20","guid":{"rendered":"http:\/\/www.kananas.com\/amathkakikouka1466\/adhesion\/"},"modified":"2025-07-03T16:12:52","modified_gmt":"2025-07-03T14:12:52","slug":"adhesion","status":"publish","type":"page","link":"https:\/\/www.kananas.com\/amathkakikouka1466\/adhesion\/","title":{"rendered":"Adh\u00e9sion | Essai"},"content":{"rendered":"<h2>Pour naviguer avec les kakis en 2025-2026, c&rsquo;est tr\u00e8s simple :<\/h2>\n<p><strong>&gt; Si vous \u00eates d\u00e9j\u00e0 adh\u00e9rent.e, acc\u00e9dez ci-dessus \u00e0 l&rsquo;onglet \u00ab\u00a0espace perso\u00a0\u00bb<\/strong> pour remplir votre dossier existant en ligne. Dans l&rsquo;onglet \u00ab\u00a0Planning\u00a0\u00bb choissez votre activit\u00e9 et proc\u00e9dez au paiement en ligne. Vous pouvez aussi suivre la fiche d&rsquo;aide re\u00e7ue par mail. Si \u00e7a ne fonctionne pas, demandez la r\u00e9initialisation de votre mot de passe \u00e0 kakik.amath@gmail.com.<\/p>\n<p><strong>&gt; Si vous \u00eates nouvel adh\u00e9rent, renseignez tous les champs du formulaire \u00ab\u00a0Commencer l&rsquo;inscription\u00a0\u00bb<\/strong> ci-dessous et joignez les pi\u00e8ces suivantes :<\/p>\n<ul>\n<li><strong>Pour les personnes mineures<\/strong>, compl\u00e9tez le <a href=\"https:\/\/www.kananas.com\/amathkakikouka1466\/wp-content\/uploads\/sites\/413\/2022\/05\/Questionnaire-de-sante-FFV-a-remplir.pdf\">Questionnaire de sant\u00e9 FFV Mineur<\/a>, sans nous le transmettre car c&rsquo;est un document confidentiel,\n<ul>\n<li>si vos cochez non \u00e0 toutes les cases, transmettez-nous simplement <a href=\"https:\/\/www.kananas.com\/amathkakikouka1466\/wp-content\/uploads\/sites\/413\/2023\/06\/Attestation-Mineur-Note_information_Remplacement_certificat_questionnaire_mineurs.pdf\">cette attestation pour les mineurs<\/a><\/li>\n<li><strong>si vous cochez oui \u00e0 l&rsquo;une des cases, vous devez nous transmettre un certificat m\u00e9dical<\/strong> de non contre-indication de pratique de la voile en comp\u00e9tition (au cas o\u00f9 vous participiez \u00e0 une r\u00e9gate) de moins de 6 mois<\/li>\n<li>ce questionnaire suffit \u00e0 l&rsquo;obtention d&rsquo;une licence comp\u00e9tition pour les mineurs<\/li>\n<\/ul>\n<\/li>\n<li><strong>Pour les personnes majeures<\/strong>, compl\u00e9tez le <a href=\"https:\/\/www.kananas.com\/amathkakikouka1466\/wp-content\/uploads\/sites\/413\/2023\/06\/Majeur-Questionnaire-sante-FFV-a-completer-signer.pdf\">Questionnaire de sant\u00e9 FFV Majeur<\/a>, sans nous le transmettre car c&rsquo;est un document confidentiel,\n<ul>\n<li>si vos cochez non \u00e0 toutes les cases, transmettez-nous simplement <a href=\"https:\/\/www.kananas.com\/amathkakikouka1466\/wp-content\/uploads\/sites\/413\/2023\/06\/Attestation-Majeur-Questionnaire-sante-FFV-a-completer-signer.pdf\">cette attestation pour les majeurs<\/a><\/li>\n<li><span style=\"text-decoration: underline\">si vous cochez oui \u00e0 l&rsquo;une des cases<\/span>, vous devez nous transmettre un certificat m\u00e9dical de non contre-indication de pratique de la voile en comp\u00e9tition de moins de 6 mois<\/li>\n<li><span style=\"text-decoration: underline\">ATTENTION : pour une licence adulte comp\u00e9tition, il faut obligatoirement un certificat m\u00e9dical<\/span><\/li>\n<\/ul>\n<\/li>\n<\/ul>\n<p>Pour plus d&rsquo;informations sur le questionnaire de sant\u00e9 et le certificat m\u00e9dical, vous pouvez consulter la page d\u00e9di\u00e9e du site internet de la FFV : <a href=\"https:\/\/www.ffvoile.fr\/ffv\/web\/services\/medical\/FAQ_Certificat.asp\">https:\/\/www.ffvoile.fr\/ffv\/web\/services\/medical\/FAQ_Certificat.asp<\/a><\/p>\n<p>&nbsp;<\/p>\n<p>&nbsp;<\/p>\n<h4><span style=\"text-decoration: underline\">Pour \u00eatre valable, votre pr\u00e9inscription doit vous \u00eatre confirm\u00e9e par mail et ne sera consid\u00e9r\u00e9e compl\u00e8te qu&rsquo;\u00e0 r\u00e9ception du paiement et des cautions\u00a0 :<\/span><\/h4>\n<ul>\n<li>Paiement de la cotisation et de la licence en ligne depuis votre espace personnel.<\/li>\n<li>D\u00e9p\u00f4t des ch\u00e8ques de cautions de mat\u00e9riel (150\u20ac) et de b\u00e9n\u00e9volat (50\u20ac) ; le premier ch\u00e8que n\u2019est encaiss\u00e9 qu\u2019en cas de casse de mat\u00e9riel, le second, si vous ne contribuez pas \u00e0 minima \u00e0 une action de b\u00e9n\u00e9volat dans l\u2019ann\u00e9e.<\/li>\n<\/ul>\n<p>Si votre pr\u00e9inscription ne vous est pas confirm\u00e9e dans un d\u00e9lai d&rsquo;une semaine, \u00e9crivez \u00e0 <a href=\"mailto:kakik.amath@gmail.com\">kakik.amath@gmail.com<\/a>.<\/p>\n<hr \/>\n<h2>Licenci\u00e9s non pratiquants<\/h2>\n<p>Il est possible de prendre sa licence \u00e0 l&rsquo;Amath pour sans participer aux cours du samedi. Le tarif est le m\u00eame que pour les adh\u00e9rents, soit:<\/p>\n<ul>\n<li>37\u20ac pour un enfant<\/li>\n<li>75\u20ac pour un adulte<\/li>\n<\/ul>\n<p>Pour en faire la demande, <a href=\"https:\/\/www.kananas.com\/association\/evenement\/amath-kakikouka\/achat-d-une-licence-adulte-1466-525.html\">c&rsquo;est par ici, rendez-vous sur la billetterie<\/a>.<\/p>\n<hr \/>\n<h2>Les tarifs 2025-2026<\/h2>\n<p><strong>Jeune -12 ans : <\/strong>Cotisation 373\u20ac + Licence 37\u20ac = 410\u20ac<\/p>\n<p><strong>Adolescent 12-17 ans : <\/strong><\/p>\n<ul>\n<li>Cotisation avec pr\u00eat mat\u00e9riel 393\u20ac + Licence 37\u20ac = 430\u20ac<\/li>\n<li>Cotisation sans pr\u00eat mat\u00e9riel 223\u20ac + Licence 37\u20ac = 260\u20ac<\/li>\n<\/ul>\n<p><strong>Adulte + 18 ans : <\/strong><\/p>\n<ul>\n<li>Cotisation avec pr\u00eat mat\u00e9riel 412\u20ac + Licence 75\u20ac = 487\u20ac<\/li>\n<li>Cotisation sans pr\u00eat mat\u00e9riel 232\u20ac + Licence 75\u20ac = 307\u20ac<\/li>\n<\/ul>\n<hr \/>\n<h2>S\u00e9ance d&rsquo;essai<\/h2>\n<p>Vous n&rsquo;\u00eates pas certain.e de vouloir vous engager : fa\u00eetes une s\u00e9ance d&rsquo;essai en remplissant le formulaire d&rsquo;inscription en bas de page. Le cout est celui d&rsquo;un PASS&rsquo;voile ou d&rsquo;une licence \u00e0 la journ\u00e9e et ne peut \u00eatre d\u00e9duit du coup d&rsquo;une inscription \u00e0 l&rsquo;ann\u00e9e.<\/p>\n<hr \/>\n<h2>Formulaire d&rsquo;adh\u00e9sion et Engagement des adh\u00e9rents et de leur repr\u00e9sentant l\u00e9gal<\/h2>\n<p>Votre adh\u00e9sion via le formulaire ci-dessous vous engage \u00e0 respecter les formalit\u00e9s d&rsquo;inscription suivantes :<\/p>\n<ul>\n<li>Pr\u00e9venir l&rsquo;Amath Kakikouka de toute absence de pr\u00e9f\u00e9rence via le groupe WhatsApp cr\u00e9\u00e9 par le moniteur.trice ou par courriel ;<\/li>\n<li>Fournir un certificat m\u00e9dical de non contre-indication \u00e0 la pratique de la voile y compris en comp\u00e9tition sous peine d\u2019interdiction de pratiquer ;<\/li>\n<li>Autoriser la prise de photographies et sa diffusion sur les r\u00e9seaux du club ;<\/li>\n<li>Respecter le mat\u00e9riel : toute perte, d\u00e9gradation ou casse due \u00e0 une mauvaise utilisation du mat\u00e9riel \u00e0 remplacer sera \u00e0 la charge de l\u2019adh\u00e9rent ;<\/li>\n<li>Vous conformer au r\u00e8glement int\u00e9rieur disponible sur le site internet <a href=\"https:\/\/www.kananas.com\/amathkakikouka1466\/\">https:\/\/www.kananas.com\/amathkakikouka1466\/<\/a>, rubrique Association ;<\/li>\n<li>Autoriser les moniteurs.trices \u00e0 prendre \u00e0 ma place toutes les dispositions qu\u2019ils jugeront n\u00e9cessaire en cas d\u2019accident au cours de la s\u00e9ance ;<\/li>\n<li>Autorise le m\u00e9decin consult\u00e9 en cas d\u2019urgence \u00e0 toute intervention m\u00e9dicale, chirurgicale ou d\u2019anesth\u00e9sie que le n\u00e9cessiterait mon \u00e9tat de sant\u00e9.<\/li>\n<\/ul>\n\n<!-- iframe plugin v.6.0 wordpress.org\/plugins\/iframe\/ -->\n<iframe loading=\"lazy\" src=\"https:\/\/backoffice.kananas.com\/action_manager.php?event=hire&#038;id=1466\" frameborder=\"0\" width=\"100%\" height=\"840\" scrolling=\"no\" class=\"iframe-class\"><\/iframe>\n\n<h6>Les informations recueillies sur ce formulaire sont enregistr\u00e9es dans un fichier informatis\u00e9 par l&rsquo;Amath Kakikouka<strong>\u00a0<\/strong>pour effectuer votre inscription. Les donn\u00e9es collect\u00e9es seront communiqu\u00e9es aux seuls destinataires suivants : les membres du bureau.\u00a0Les donn\u00e9es sont conserv\u00e9es pendant un an. Vous pouvez acc\u00e9der aux donn\u00e9es vous concernant, les rectifier, demander leur effacement ou exercer votre droit \u00e0 la limitation du traitement de vos donn\u00e9es, directement via l&rsquo;espace personnel cr\u00e9\u00e9 sur le logiciel Kananas et pour lequel vous recevez vos identifiants par mail. Consultez le site cnil.fr pour plus d\u2019informations sur vos droits.\u00a0Pour exercer ces droits ou pour toute question sur le traitement de vos donn\u00e9es dans ce dispositif, vous pouvez contacter le bureau de l&rsquo;association \u00e0 l&rsquo;adresse mail suivante : kakik.amath@gmail.com.\u00a0Si vous estimez, apr\u00e8s nous avoir contact\u00e9s, que vos droits \u00ab\u00a0Informatique et Libert\u00e9s\u00a0\u00bb ne sont pas respect\u00e9s, vous pouvez adresser une r\u00e9clamation \u00e0 la CNIL.<\/h6>\n","protected":false},"excerpt":{"rendered":"<p>Pour naviguer avec les kakis en 2025-2026, c&rsquo;est tr\u00e8s simple : &gt; Si vous \u00eates d\u00e9j\u00e0 adh\u00e9rent.e, acc\u00e9dez ci-dessus \u00e0 l&rsquo;onglet \u00ab\u00a0espace perso\u00a0\u00bb pour remplir votre dossier existant en ligne. Dans l&rsquo;onglet \u00ab\u00a0Planning\u00a0\u00bb choissez votre activit\u00e9 et proc\u00e9dez au paiement en ligne. Vous pouvez aussi suivre la fiche d&rsquo;aide re\u00e7ue par mail. Si \u00e7a ne [&hellip;]<\/p>\n","protected":false},"author":423,"featured_media":0,"parent":0,"menu_order":0,"comment_status":"closed","ping_status":"closed","template":"","meta":{"_crdt_document":"","footnotes":""},"class_list":["post-3","page","type-page","status-publish","hentry"],"_links":{"self":[{"href":"https:\/\/www.kananas.com\/amathkakikouka1466\/wp-json\/wp\/v2\/pages\/3","targetHints":{"allow":["GET"]}}],"collection":[{"href":"https:\/\/www.kananas.com\/amathkakikouka1466\/wp-json\/wp\/v2\/pages"}],"about":[{"href":"https:\/\/www.kananas.com\/amathkakikouka1466\/wp-json\/wp\/v2\/types\/page"}],"author":[{"embeddable":true,"href":"https:\/\/www.kananas.com\/amathkakikouka1466\/wp-json\/wp\/v2\/users\/423"}],"replies":[{"embeddable":true,"href":"https:\/\/www.kananas.com\/amathkakikouka1466\/wp-json\/wp\/v2\/comments?post=3"}],"version-history":[{"count":10,"href":"https:\/\/www.kananas.com\/amathkakikouka1466\/wp-json\/wp\/v2\/pages\/3\/revisions"}],"predecessor-version":[{"id":1946,"href":"https:\/\/www.kananas.com\/amathkakikouka1466\/wp-json\/wp\/v2\/pages\/3\/revisions\/1946"}],"wp:attachment":[{"href":"https:\/\/www.kananas.com\/amathkakikouka1466\/wp-json\/wp\/v2\/media?parent=3"}],"curies":[{"name":"wp","href":"https:\/\/api.w.org\/{rel}","templated":true}]}}