{"id":774,"date":"2016-08-24T20:30:01","date_gmt":"2016-08-24T18:30:01","guid":{"rendered":"http:\/\/amath-kakikouka.com\/voile\/?page_id=774"},"modified":"2022-05-26T22:07:08","modified_gmt":"2022-05-26T20:07:08","slug":"informations-pratiques-2","status":"publish","type":"page","link":"https:\/\/www.kananas.com\/amathkakikouka1466\/lassociation\/informations-pratiques-2\/","title":{"rendered":"Questions fr\u00e9quentes"},"content":{"rendered":"<h2>Equipement n\u00e9cessaire ?<\/h2>\n<div>L&rsquo;\u00e9quipement n\u00e9cessaire est le suivant:<\/div>\n<div>&#8211; combinaison en n\u00e9opr\u00e8ne chaude d&rsquo;au moins 4 mm (voir 5mm)<\/div>\n<div>&#8211; un bonnet<\/div>\n<div>&#8211; des gants si possibles en n\u00e9opr\u00e8ne<\/div>\n<div>&#8211; des bottines en n\u00e9opr\u00e8ne (si possible montantes)<\/div>\n<div>&#8211; lunettes de soleil<\/div>\n<div>&#8211; cr\u00e8me solaire<\/div>\n<div>&#8211; id\u00e9alement un coupe vent (sauf pour la planche \u00e0 voile)<\/div>\n<div><\/div>\n<div>Le gilet de sauvetage \u00e9tant fourni.<\/div>\n<div><\/div>\n<h2>Dates des sessions d&rsquo;automne ?<\/h2>\n<p><strong>Cours du samedi<\/strong> =&gt; du 2\u00e8me samedi de septembre au dernier samedi de d\u00e9cembre. <strong>Le premier samedi des vacances scolaires d&rsquo;automne est inclus<\/strong> mais pas les deux autres.<\/p>\n<p><strong>Cours du mercredi<\/strong>, r\u00e9serv\u00e9 au groupe planche r\u00e9gate =&gt; du 2\u00e8me mercredi de septembre au dernier mercredi de d\u00e9cembre, <strong>vacances scolaires exclues.<\/strong><\/p>\n<p>&nbsp;<\/p>\n<h2>Date des sessions de printemps ?<\/h2>\n<p><strong>Cours du samedi<\/strong> =&gt; du premier samedi suivant les vacances scolaires d&rsquo;hiver au 2\u00e8me samedi du mois de juin. <strong>Le premier samedi des vacances scolaires de printemps est inclus<\/strong> mais pas les deux autres.<\/p>\n<p><strong>Cours du mercredi<\/strong>, r\u00e9serv\u00e9 au groupe planche r\u00e9gate =&gt; du premier mercredi suivant les vacances scolaires d&rsquo;hiver au 2\u00e8me mercredi du mois de juin, <strong>vacances scolaires de printemps exclues.<\/strong><\/p>\n<p>&nbsp;<\/p>\n<h2>Horaires des sessions ?<\/h2>\n<p>Le samedi matin de 9h30 \u00e0 12h30<\/p>\n<p>Le samedi apr\u00e8s-midi de 14h \u00e0 17h<\/p>\n<h2>Que dois-je fournir \u00e0 l&rsquo;Amath pour l&rsquo;inscription ?<\/h2>\n<p>Merci de vous rendre dans l&rsquo;onglet \u00ab\u00a0Adh\u00e9sion\u00a0\u00bb du site, tout y est indiqu\u00e9.<\/p>\n<h2>Un coup de vent est annonc\u00e9 pour samedi. Comment vais-je savoir si la session est maintenue ?<\/h2>\n<p>Vous serez pr\u00e9venus <strong>par mail<\/strong> la veille au soir (vers 19h) pour le samedi matin et au plus tard le samedi matin pour le samedi apr\u00e8s-midi.<\/p>\n<h2>Je ne trouve pas la r\u00e9ponse \u00e0 ma question&#8230;<\/h2>\n<p><a href=\"mailto:kakik.amath@gmail.com\">J&rsquo;\u00e9cris \u00e0 l&rsquo;Amath.<\/a><\/p>\n","protected":false},"excerpt":{"rendered":"<p>Equipement n\u00e9cessaire ? L&rsquo;\u00e9quipement n\u00e9cessaire est le suivant: &#8211; combinaison en n\u00e9opr\u00e8ne chaude d&rsquo;au moins 4 mm (voir 5mm) &#8211; un bonnet &#8211; des gants si possibles en n\u00e9opr\u00e8ne &#8211; des bottines en n\u00e9opr\u00e8ne (si possible montantes) &#8211; lunettes de soleil &#8211; cr\u00e8me solaire &#8211; id\u00e9alement un coupe vent (sauf pour la planche \u00e0 voile) [&hellip;]<\/p>\n","protected":false},"author":423,"featured_media":0,"parent":1183,"menu_order":0,"comment_status":"closed","ping_status":"closed","template":"","meta":{"_crdt_document":"","footnotes":""},"class_list":["post-774","page","type-page","status-publish","hentry"],"_links":{"self":[{"href":"https:\/\/www.kananas.com\/amathkakikouka1466\/wp-json\/wp\/v2\/pages\/774","targetHints":{"allow":["GET"]}}],"collection":[{"href":"https:\/\/www.kananas.com\/amathkakikouka1466\/wp-json\/wp\/v2\/pages"}],"about":[{"href":"https:\/\/www.kananas.com\/amathkakikouka1466\/wp-json\/wp\/v2\/types\/page"}],"author":[{"embeddable":true,"href":"https:\/\/www.kananas.com\/amathkakikouka1466\/wp-json\/wp\/v2\/users\/423"}],"replies":[{"embeddable":true,"href":"https:\/\/www.kananas.com\/amathkakikouka1466\/wp-json\/wp\/v2\/comments?post=774"}],"version-history":[{"count":16,"href":"https:\/\/www.kananas.com\/amathkakikouka1466\/wp-json\/wp\/v2\/pages\/774\/revisions"}],"predecessor-version":[{"id":1834,"href":"https:\/\/www.kananas.com\/amathkakikouka1466\/wp-json\/wp\/v2\/pages\/774\/revisions\/1834"}],"up":[{"embeddable":true,"href":"https:\/\/www.kananas.com\/amathkakikouka1466\/wp-json\/wp\/v2\/pages\/1183"}],"wp:attachment":[{"href":"https:\/\/www.kananas.com\/amathkakikouka1466\/wp-json\/wp\/v2\/media?parent=774"}],"curies":[{"name":"wp","href":"https:\/\/api.w.org\/{rel}","templated":true}]}}