{"id":15,"date":"2012-12-13T18:30:00","date_gmt":"2012-12-13T17:30:00","guid":{"rendered":"http:\/\/www.aphrapnautes.fr\/wordpress\/?page_id=15"},"modified":"2020-10-13T19:39:11","modified_gmt":"2020-10-13T17:39:11","slug":"protection-sante","status":"publish","type":"page","link":"https:\/\/www.kananas.com\/aphrap2844\/protection-sante\/","title":{"rendered":"Protection sant\u00e9 (GPS)"},"content":{"rendered":"<p><strong>&#8211;<\/strong> Le<span style=\"color: #000080\"><strong> GPS<\/strong><\/span> (<span style=\"color: #000080\"><strong>G<\/strong><\/span>roupe<span style=\"color: #000080\"><strong> P<\/strong><\/span>rotection<span style=\"color: #000080\"><strong> S<\/strong><\/span>ant\u00e9) de l&rsquo;APHRAP est compos\u00e9 de six membres (*) avec comme fondateurs d\u00e9termin\u00e9s et actifs Pierre CARLES, Bernard LACHAMP, Jean-Michel VIGLIANO et comme animateur Jean-Claude DERVYN .<\/p>\n<p>(*) <em>Nadia ARPAJA,\u00a0Pierre CARLES, <strong>Jean-Claude DERVYN<\/strong>, Bernard LACHAMP, G\u00e9rard RIOU, Jean-Michel VIGLIANO<\/em><\/p>\n<p>&nbsp;<\/p>\n<p><strong>&#8211;<\/strong> La mission du GPS est de mener \u00e0 bien les relations et actions avec les compl\u00e9mentaires sant\u00e9 : Mutuelles du Soleil (MdS) &amp; Bayer\/GFP.<\/p>\n","protected":false},"excerpt":{"rendered":"<p>&#8211; Le GPS (Groupe Protection Sant\u00e9) de l&rsquo;APHRAP est compos\u00e9 de six membres (*) avec comme fondateurs d\u00e9termin\u00e9s et actifs Pierre CARLES, Bernard LACHAMP, Jean-Michel VIGLIANO et comme animateur Jean-Claude DERVYN . (*) Nadia ARPAJA,\u00a0Pierre CARLES, Jean-Claude DERVYN, Bernard LACHAMP, &hellip; <a href=\"https:\/\/www.kananas.com\/aphrap2844\/protection-sante\/\">Continuer la lecture <span class=\"meta-nav\">&rarr;<\/span><\/a><\/p>\n","protected":false},"author":856,"featured_media":0,"parent":0,"menu_order":5,"comment_status":"closed","ping_status":"closed","template":"","meta":{"_crdt_document":"","footnotes":""},"class_list":["post-15","page","type-page","status-publish","hentry"],"_links":{"self":[{"href":"https:\/\/www.kananas.com\/aphrap2844\/wp-json\/wp\/v2\/pages\/15","targetHints":{"allow":["GET"]}}],"collection":[{"href":"https:\/\/www.kananas.com\/aphrap2844\/wp-json\/wp\/v2\/pages"}],"about":[{"href":"https:\/\/www.kananas.com\/aphrap2844\/wp-json\/wp\/v2\/types\/page"}],"author":[{"embeddable":true,"href":"https:\/\/www.kananas.com\/aphrap2844\/wp-json\/wp\/v2\/users\/856"}],"replies":[{"embeddable":true,"href":"https:\/\/www.kananas.com\/aphrap2844\/wp-json\/wp\/v2\/comments?post=15"}],"version-history":[{"count":1,"href":"https:\/\/www.kananas.com\/aphrap2844\/wp-json\/wp\/v2\/pages\/15\/revisions"}],"predecessor-version":[{"id":26029,"href":"https:\/\/www.kananas.com\/aphrap2844\/wp-json\/wp\/v2\/pages\/15\/revisions\/26029"}],"wp:attachment":[{"href":"https:\/\/www.kananas.com\/aphrap2844\/wp-json\/wp\/v2\/media?parent=15"}],"curies":[{"name":"wp","href":"https:\/\/api.w.org\/{rel}","templated":true}]}}