{"id":1748,"date":"2013-04-20T18:53:36","date_gmt":"2013-04-20T17:53:36","guid":{"rendered":"http:\/\/www.aphrapnautes.fr\/wordpress\/?page_id=1748"},"modified":"2026-04-01T07:15:00","modified_gmt":"2026-04-01T05:15:00","slug":"cotisations","status":"publish","type":"page","link":"https:\/\/www.kananas.com\/aphrap2844\/espace-adherent\/finances\/cotisations\/","title":{"rendered":"Cotisations"},"content":{"rendered":"<h1>2026 :<\/h1>\n<h2><span style=\"text-decoration: underline\"><strong>Membre de Droit :<\/strong><\/span><\/h2>\n<ul>\n<li>\n<h3>Nouvel adh\u00e9rent et renouvellement :<\/h3>\n<ul>\n<li>\n<h3>Individuel, 18 \u20ac<\/h3>\n<\/li>\n<li>\n<h3>Couple, 28 \u20ac<\/h3>\n<\/li>\n<\/ul>\n<\/li>\n<\/ul>\n<h2>\u00a0<span style=\"text-decoration: underline\"><strong>Membre Affili\u00e9 (Conjoint de Membre de Droit) :<\/strong><\/span><\/h2>\n<ul>\n<li>\n<h3>Nouvel adh\u00e9rent et renouvellement, 18 \u20ac<\/h3>\n<\/li>\n<\/ul>\n<h2><span style=\"text-decoration: underline\"><strong>Membre Affili\u00e9 (Ami(e) de l&rsquo;APHRAP) :<\/strong><\/span><\/h2>\n<ul>\n<li>\n<h3>Nouvel adh\u00e9rent et renouvellement :<\/h3>\n<ul>\n<li>\n<h3>Individuel, 18 \u20ac<\/h3>\n<\/li>\n<li>\n<h3>Couple, 28 \u20ac<\/h3>\n<\/li>\n<\/ul>\n<\/li>\n<\/ul>\n<h5><span style=\"color: #ff0000\">Nota : Les adh\u00e9rents au contrat groupe Mutuelles du Soleil qui couvrent leur conjoint doivent acquitter une cotisation couple de 28 \u20ac.<\/span><\/h5>\n<p><strong>\u00a0<\/strong><strong>Les cotisations sont \u00e0 r\u00e9gler par un des moyens mentionn\u00e9 \u00e0 la page d\u00e9di\u00e9e :<\/strong><\/p>\n<h3><a href=\"http:\/\/www.kananas.com\/aphrap2844\/espace-adherent\/finances\/cotisations\/comment-payer-sa-cotisation\/\">Comment effectuer un paiement \u00e0 l\u2019Association<\/a><\/h3>\n<p>&nbsp;<\/p>\n<p>&nbsp;<\/p>\n","protected":false},"excerpt":{"rendered":"<p>2026 : Membre de Droit : Nouvel adh\u00e9rent et renouvellement : Individuel, 18 \u20ac Couple, 28 \u20ac \u00a0Membre Affili\u00e9 (Conjoint de Membre de Droit) : Nouvel adh\u00e9rent et renouvellement, 18 \u20ac Membre Affili\u00e9 (Ami(e) de l&rsquo;APHRAP) : Nouvel adh\u00e9rent et &hellip; <a href=\"https:\/\/www.kananas.com\/aphrap2844\/espace-adherent\/finances\/cotisations\/\">Continuer la lecture <span class=\"meta-nav\">&rarr;<\/span><\/a><\/p>\n","protected":false},"author":856,"featured_media":0,"parent":1190,"menu_order":1,"comment_status":"closed","ping_status":"closed","template":"","meta":{"_crdt_document":"","footnotes":""},"class_list":["post-1748","page","type-page","status-publish","hentry"],"_links":{"self":[{"href":"https:\/\/www.kananas.com\/aphrap2844\/wp-json\/wp\/v2\/pages\/1748","targetHints":{"allow":["GET"]}}],"collection":[{"href":"https:\/\/www.kananas.com\/aphrap2844\/wp-json\/wp\/v2\/pages"}],"about":[{"href":"https:\/\/www.kananas.com\/aphrap2844\/wp-json\/wp\/v2\/types\/page"}],"author":[{"embeddable":true,"href":"https:\/\/www.kananas.com\/aphrap2844\/wp-json\/wp\/v2\/users\/856"}],"replies":[{"embeddable":true,"href":"https:\/\/www.kananas.com\/aphrap2844\/wp-json\/wp\/v2\/comments?post=1748"}],"version-history":[{"count":10,"href":"https:\/\/www.kananas.com\/aphrap2844\/wp-json\/wp\/v2\/pages\/1748\/revisions"}],"predecessor-version":[{"id":30046,"href":"https:\/\/www.kananas.com\/aphrap2844\/wp-json\/wp\/v2\/pages\/1748\/revisions\/30046"}],"up":[{"embeddable":true,"href":"https:\/\/www.kananas.com\/aphrap2844\/wp-json\/wp\/v2\/pages\/1190"}],"wp:attachment":[{"href":"https:\/\/www.kananas.com\/aphrap2844\/wp-json\/wp\/v2\/media?parent=1748"}],"curies":[{"name":"wp","href":"https:\/\/api.w.org\/{rel}","templated":true}]}}