{"id":19,"date":"2012-12-13T18:36:07","date_gmt":"2012-12-13T17:36:07","guid":{"rendered":"http:\/\/www.aphrapnautes.fr\/wordpress\/?page_id=19"},"modified":"2021-09-03T15:15:51","modified_gmt":"2021-09-03T13:15:51","slug":"information","status":"publish","type":"page","link":"https:\/\/www.kananas.com\/aphrap2844\/information\/","title":{"rendered":"Informations"},"content":{"rendered":"<p><span style=\"color: #0000ff\"><strong>Publications \/ Communications<\/strong><\/span><\/p>\n<p style=\"color: #444444;font-family: Georgia, 'Bitstream Charter', serif;line-height: 1.5;font-size: 16px;margin-bottom: 24px;font-style: normal;font-variant: normal;font-weight: normal;letter-spacing: normal;text-align: start;text-indent: 0px;text-transform: none\">Depuis la cr\u00e9ation de votre association (ann\u00e9e 2000), il a \u00e9t\u00e9 diffus\u00e9 divers types de publications ayant pour but de vous informer r\u00e9guli\u00e8rement.<\/p>\n<p style=\"color: #444444;font-family: Georgia, 'Bitstream Charter', serif;line-height: 1.5;font-size: 16px;margin-bottom: 24px;font-style: normal;font-variant: normal;font-weight: normal;letter-spacing: normal;text-align: start;text-indent: 0px;text-transform: none\">Initialement, cette diffusion se faisait \u00a0uniquement par courrier, sur papier.<\/p>\n<p style=\"color: #444444;font-family: Georgia, 'Bitstream Charter', serif;line-height: 1.5;font-size: 16px;margin-bottom: 24px;font-style: normal;font-variant: normal;font-weight: normal;letter-spacing: normal;text-align: start;text-indent: 0px;text-transform: none\">Actuellement elle est double, soit sur papier et par courrier, soit par voie \u00e9lectronique pour les internautes (Aphrapnautes).<\/p>\n<p style=\"color: #444444;font-family: Georgia, 'Bitstream Charter', serif;line-height: 1.5;font-size: 16px;margin-bottom: 24px;font-style: normal;font-variant: normal;font-weight: normal;letter-spacing: normal;text-align: start;text-indent: 0px;text-transform: none\">Vous retrouverez dans cette rubrique l&rsquo;ensemble de celles-ci\u00a0:<\/p>\n<p><span style=\"color: #000000\"><b style=\"color: #000000;font-family: Georgia, 'Bitstream Charter', serif;line-height: 1.5;font-weight: bold !important\"><span style=\"color: #000080;font-family: Georgia, 'Bitstream Charter', serif;line-height: 1.5\">\u00a0 \u00a0&#8211; Sp\u00e9cial <\/span><\/b><span style=\"font-family: Georgia, 'Bitstream Charter', serif;line-height: 1.5\">(diffusion essentiellement cibl\u00e9e, exceptionnellement g\u00e9n\u00e9rale) : sp\u00e9cifique de certains sujets.<\/span><\/span><\/p>\n<p><span style=\"color: #0000ff\">\u00a0 <strong>&#8211;<\/strong> <b style=\"color: #000000;font-family: Georgia, 'Bitstream Charter', serif;line-height: 1.5;font-weight: bold !important\">Lettre APHRAP<\/b>\u00a0<\/span><span style=\"color: #000000\">(diffusion g\u00e9n\u00e9rale) : informations sur la globalit\u00e9 des sujets.<strong style=\"font-family: Georgia, 'Bitstream Charter', serif;line-height: 1.5;font-weight: bold !important\"><em style=\"font-family: Georgia, 'Bitstream Charter', serif;line-height: 1.5;border: none;font-style: italic\">\u00a0<\/em><\/strong><\/span><\/p>\n<p><span style=\"color: #0000ff\">\u00a0 <strong>&#8211;<\/strong> <b style=\"color: #000000;font-family: Georgia, 'Bitstream Charter', serif;line-height: 1.5;font-weight: bold !important\">Flash Infos de l&rsquo;A<\/b><b style=\"color: #000000;font-family: Georgia, 'Bitstream Charter', serif;line-height: 1.5;font-weight: bold !important\">PHRAP<\/b><span class=\"Apple-converted-space\" style=\"color: #000000\"> (diffusion g\u00e9n\u00e9rale) : a \u00e9t\u00e9 un certain moment le compromis des deux.<\/span><\/span><\/p>\n<p><strong> &#8211;<\/strong><strong style=\"color: #000000;font-family: Georgia, 'Bitstream Charter', serif;line-height: 1.5;font-weight: bold !important\"><span style=\"color: #000080;font-family: Georgia, 'Bitstream Charter', serif;line-height: 1.5\"> Lettre P<\/span><\/strong><strong style=\"color: #000000;font-family: Georgia, 'Bitstream Charter', serif;line-height: 1.5;font-weight: bold !important\"><span style=\"color: #000080;font-family: Georgia, 'Bitstream Charter', serif;line-height: 1.5\">\u00e9riodique d&rsquo;Inform<\/span><\/strong><strong style=\"color: #000000;font-family: Georgia, 'Bitstream Charter', serif;line-height: 1.5;font-weight: bold !important\"><span style=\"color: #000080;font-family: Georgia, 'Bitstream Charter', serif;line-height: 1.5\">ation (LPI)<\/span><\/strong>exclusivement destin\u00e9e aux Aphrapnautes pour les informer de comment naviguer dans leur site.<\/p>\n<p><strong>\u00a0 &#8211; Infos NTIC<\/strong>\u00a0(diffusion exclusive aux Aphrapnautes):<\/p>\n<p style=\"color: #444444;font-family: Georgia, 'Bitstream Charter', serif;line-height: 1.5;font-size: 16px;margin-bottom: 24px;font-style: normal;font-variant: normal;font-weight: normal;letter-spacing: normal;text-align: start;text-indent: 0px;text-transform: none\">\n","protected":false},"excerpt":{"rendered":"<p>Publications \/ Communications Depuis la cr\u00e9ation de votre association (ann\u00e9e 2000), il a \u00e9t\u00e9 diffus\u00e9 divers types de publications ayant pour but de vous informer r\u00e9guli\u00e8rement. Initialement, cette diffusion se faisait \u00a0uniquement par courrier, sur papier. Actuellement elle est double, &hellip; <a href=\"https:\/\/www.kananas.com\/aphrap2844\/information\/\">Continuer la lecture <span class=\"meta-nav\">&rarr;<\/span><\/a><\/p>\n","protected":false},"author":856,"featured_media":0,"parent":0,"menu_order":6,"comment_status":"closed","ping_status":"closed","template":"","meta":{"_crdt_document":"","footnotes":""},"class_list":["post-19","page","type-page","status-publish","hentry"],"_links":{"self":[{"href":"https:\/\/www.kananas.com\/aphrap2844\/wp-json\/wp\/v2\/pages\/19","targetHints":{"allow":["GET"]}}],"collection":[{"href":"https:\/\/www.kananas.com\/aphrap2844\/wp-json\/wp\/v2\/pages"}],"about":[{"href":"https:\/\/www.kananas.com\/aphrap2844\/wp-json\/wp\/v2\/types\/page"}],"author":[{"embeddable":true,"href":"https:\/\/www.kananas.com\/aphrap2844\/wp-json\/wp\/v2\/users\/856"}],"replies":[{"embeddable":true,"href":"https:\/\/www.kananas.com\/aphrap2844\/wp-json\/wp\/v2\/comments?post=19"}],"version-history":[{"count":3,"href":"https:\/\/www.kananas.com\/aphrap2844\/wp-json\/wp\/v2\/pages\/19\/revisions"}],"predecessor-version":[{"id":26495,"href":"https:\/\/www.kananas.com\/aphrap2844\/wp-json\/wp\/v2\/pages\/19\/revisions\/26495"}],"wp:attachment":[{"href":"https:\/\/www.kananas.com\/aphrap2844\/wp-json\/wp\/v2\/media?parent=19"}],"curies":[{"name":"wp","href":"https:\/\/api.w.org\/{rel}","templated":true}]}}