{"id":26,"date":"2012-12-13T18:29:41","date_gmt":"2012-12-13T17:29:41","guid":{"rendered":"http:\/\/www.aphrapnautes.fr\/wordpress\/?page_id=12"},"modified":"2025-08-28T14:39:26","modified_gmt":"2025-08-28T12:39:26","slug":"activites-gala","status":"publish","type":"page","link":"https:\/\/www.kananas.com\/aphrap2844\/activites-gala\/","title":{"rendered":"GALA"},"content":{"rendered":"<p id=\"docs-internal-guid-390c3a72-c6f6-fac1-8b8e-7bc3e5e921d1\" dir=\"ltr\">\u00a0GALA : Groupe Activit\u00e9s Loisir APHRAP<\/p>\n<p dir=\"ltr\">Votre participation aux balades, sorties, voyages et autres mus\u00e9es ou visites ainsi que le retour de vos avis toujours positifs, nous encouragent \u00e0 vous proposer des animations encore \u00a0plus ambitieuses et originales .<\/p>\n<p dir=\"ltr\">En souhaitant que le programme 2025 vous donne pleine satisfaction.<\/p>\n","protected":false},"excerpt":{"rendered":"<p>\u00a0GALA : Groupe Activit\u00e9s Loisir APHRAP Votre participation aux balades, sorties, voyages et autres mus\u00e9es ou visites ainsi que le retour de vos avis toujours positifs, nous encouragent \u00e0 vous proposer des animations encore \u00a0plus ambitieuses et originales . En &hellip; <a href=\"https:\/\/www.kananas.com\/aphrap2844\/activites-gala\/\">Continuer la lecture <span class=\"meta-nav\">&rarr;<\/span><\/a><\/p>\n","protected":false},"author":856,"featured_media":0,"parent":0,"menu_order":3,"comment_status":"closed","ping_status":"closed","template":"","meta":{"_crdt_document":"","footnotes":""},"class_list":["post-26","page","type-page","status-publish","hentry"],"_links":{"self":[{"href":"https:\/\/www.kananas.com\/aphrap2844\/wp-json\/wp\/v2\/pages\/26","targetHints":{"allow":["GET"]}}],"collection":[{"href":"https:\/\/www.kananas.com\/aphrap2844\/wp-json\/wp\/v2\/pages"}],"about":[{"href":"https:\/\/www.kananas.com\/aphrap2844\/wp-json\/wp\/v2\/types\/page"}],"author":[{"embeddable":true,"href":"https:\/\/www.kananas.com\/aphrap2844\/wp-json\/wp\/v2\/users\/856"}],"replies":[{"embeddable":true,"href":"https:\/\/www.kananas.com\/aphrap2844\/wp-json\/wp\/v2\/comments?post=26"}],"version-history":[{"count":4,"href":"https:\/\/www.kananas.com\/aphrap2844\/wp-json\/wp\/v2\/pages\/26\/revisions"}],"predecessor-version":[{"id":29655,"href":"https:\/\/www.kananas.com\/aphrap2844\/wp-json\/wp\/v2\/pages\/26\/revisions\/29655"}],"wp:attachment":[{"href":"https:\/\/www.kananas.com\/aphrap2844\/wp-json\/wp\/v2\/media?parent=26"}],"curies":[{"name":"wp","href":"https:\/\/api.w.org\/{rel}","templated":true}]}}