{"id":26930,"date":"2022-01-26T17:33:52","date_gmt":"2022-01-26T16:33:52","guid":{"rendered":"http:\/\/www.kananas.com\/aphrap2844\/?page_id=26930"},"modified":"2026-04-01T07:29:26","modified_gmt":"2026-04-01T05:29:26","slug":"site-partenaire-2ab","status":"publish","type":"page","link":"https:\/\/www.kananas.com\/aphrap2844\/site-partenaire-2ab\/","title":{"rendered":"Site partenaire 2AB"},"content":{"rendered":"<p><b>ASSOCIATION des ANCIENS de BAYER \u00ab\u00a02 AB\u00a0\u00bb<\/b><\/p>\n<p>Cr\u00e9\u00e9e en 2005, en 2025 elle comptait 290 adh\u00e9rents r\u00e9partis dans toute la France.<\/p>\n<p><b>Son but :<br \/>\n<\/b><\/p>\n<ul>\n<li>Cr\u00e9er un lien de solidarit\u00e9 et d\u2019amiti\u00e9 entre tous les adh\u00e9rents; Assurer la d\u00e9fense du statut de retrait\u00e9; Faire circuler l\u2019information entre les membres; Approcher les diff\u00e9rentes associations d\u2019Anciens, afin de cr\u00e9er une communaut\u00e9 la plus large possible; D\u00e9ployer des activit\u00e9s en r\u00e9gion pour r\u00e9pondre aux attentes des adh\u00e9rents r\u00e9partis sur le territoire<\/li>\n<\/ul>\n<p>G\u00e9rard EYRIES, en est actuellement le Pr\u00e9sident.<\/p>\n<p>Les 2AB proposent aux autres associations un rapprochement \u00e0 travers leur site Internet. Tout est accessible par ceux qui disposent d\u2019un acc\u00e8s priv\u00e9 et chaque association a un espace d\u00e9di\u00e9.<\/p>\n<p>Outre les <b>2AB<\/b> et l&rsquo;<strong>APHRAP<\/strong>, une autre association participe au site : <b>Les 4 saisons<\/b>.<\/p>\n<p>Le site est enti\u00e8rement priv\u00e9 \u00e0 la diff\u00e9rence du notre \u00ab\u00a0Les Aphrapnautes\u00a0\u00bb qui a une partie publique.<\/p>\n<p>Si vous d\u00e9sirez y acc\u00e9der vous devez nous fournir vos noms, pr\u00e9noms et adresses mails.<\/p>\n<p>Une fois inscrit vous recevrez les instructions pour <b>vous connecter au site 2AB :<\/b><\/p>\n<p style=\"padding-left: 40px\"><strong><em>&#8211; connexion au site 2AB<\/em><\/strong> \u00a0<strong><a href=\"https:\/\/ass2ab.net\/wp-login.php?redirect_to=https%3A%2F%2Fass2ab.net%2F&amp;reauth=1\">cliquer sur ce lien<\/a><\/strong><\/p>\n<p><strong>Pour obtenir l&rsquo;identifiant et le mot de passe nous contacter\u00a0 par mail \u00e0 l&rsquo;adresse suivante &lt;association.aphrap@gmail.com&gt;<\/strong><\/p>\n","protected":false},"excerpt":{"rendered":"<p>ASSOCIATION des ANCIENS de BAYER \u00ab\u00a02 AB\u00a0\u00bb Cr\u00e9\u00e9e en 2005, en 2025 elle comptait 290 adh\u00e9rents r\u00e9partis dans toute la France. Son but : Cr\u00e9er un lien de solidarit\u00e9 et d\u2019amiti\u00e9 entre tous les adh\u00e9rents; Assurer la d\u00e9fense du statut &hellip; <a href=\"https:\/\/www.kananas.com\/aphrap2844\/site-partenaire-2ab\/\">Continuer la lecture <span class=\"meta-nav\">&rarr;<\/span><\/a><\/p>\n","protected":false},"author":896,"featured_media":0,"parent":0,"menu_order":0,"comment_status":"closed","ping_status":"closed","template":"","meta":{"_crdt_document":"","footnotes":""},"class_list":["post-26930","page","type-page","status-publish","hentry"],"_links":{"self":[{"href":"https:\/\/www.kananas.com\/aphrap2844\/wp-json\/wp\/v2\/pages\/26930","targetHints":{"allow":["GET"]}}],"collection":[{"href":"https:\/\/www.kananas.com\/aphrap2844\/wp-json\/wp\/v2\/pages"}],"about":[{"href":"https:\/\/www.kananas.com\/aphrap2844\/wp-json\/wp\/v2\/types\/page"}],"author":[{"embeddable":true,"href":"https:\/\/www.kananas.com\/aphrap2844\/wp-json\/wp\/v2\/users\/896"}],"replies":[{"embeddable":true,"href":"https:\/\/www.kananas.com\/aphrap2844\/wp-json\/wp\/v2\/comments?post=26930"}],"version-history":[{"count":10,"href":"https:\/\/www.kananas.com\/aphrap2844\/wp-json\/wp\/v2\/pages\/26930\/revisions"}],"predecessor-version":[{"id":30050,"href":"https:\/\/www.kananas.com\/aphrap2844\/wp-json\/wp\/v2\/pages\/26930\/revisions\/30050"}],"wp:attachment":[{"href":"https:\/\/www.kananas.com\/aphrap2844\/wp-json\/wp\/v2\/media?parent=26930"}],"curies":[{"name":"wp","href":"https:\/\/api.w.org\/{rel}","templated":true}]}}