{"id":27814,"date":"2023-07-14T19:17:30","date_gmt":"2023-07-14T17:17:30","guid":{"rendered":"https:\/\/www.kananas.com\/aphrap2844\/?page_id=27814"},"modified":"2026-03-25T19:23:27","modified_gmt":"2026-03-25T18:23:27","slug":"assemblees-generales","status":"publish","type":"page","link":"https:\/\/www.kananas.com\/aphrap2844\/espace-adherent\/assemblees-generales\/","title":{"rendered":"Assembl\u00e9es G\u00e9n\u00e9rales"},"content":{"rendered":"<p><em><strong>AG du 10\u00a0 mars 2026 : <a href=\"https:\/\/www.kananas.com\/aphrap2844\/wp-content\/uploads\/sites\/830\/2026\/03\/SPECIAL-292-AG-2026.pdf\">Compte-rendu de l&rsquo;AG<\/a><\/strong><\/em><\/p>\n<p><em><strong>AG du 4\u00a0 mars 2025 : <\/strong><a href=\"https:\/\/www.kananas.com\/aphrap2844\/wp-content\/uploads\/sites\/830\/2025\/03\/SPECIAL-274-AG-2025.pdf\">Compte-rendu de l&rsquo;AG<\/a><\/em><\/p>\n<p><em><strong>AG du 12\u00a0 mars 2024 : <\/strong><a href=\"https:\/\/www.kananas.com\/aphrap2844\/wp-content\/uploads\/sites\/830\/2024\/04\/SPECIAL-254-AG-2024-1.pdf\">Compte-rendu de l&rsquo;AG<\/a><strong><br \/>\n<\/strong><\/em><\/p>\n<p><em><strong>AG du 17\u00a0 mars 2023 : <\/strong><a href=\"https:\/\/www.kananas.com\/aphrap2844\/wp-content\/uploads\/sites\/830\/2023\/04\/Special-238-AG-2023.pdf\">Compte-rendu de l&rsquo;AG<\/a><\/em><\/p>\n<p><em><strong>AG du 28\u00a0 avril 2022 : <\/strong><a href=\"https:\/\/www.kananas.com\/aphrap2844\/wp-content\/uploads\/sites\/830\/2022\/05\/Special-224-AG-2022-CR.pdf\">Compte-rendu de l&rsquo;AG<\/a><\/em><\/p>\n<p><em><strong>AG du 25\u00a0 mai 2021 : <\/strong><a href=\"https:\/\/www.kananas.com\/aphrap2844\/wp-content\/uploads\/sites\/830\/2021\/06\/Special-208-AG-2021-CR.pdf\">R\u00e9sultats votes en Visioconf\u00e9rence<\/a><\/em> &#8211;\u00a0<span style=\"color: #3366ff\"><a style=\"color: #3366ff\" href=\"https:\/\/www.kananas.com\/aphrap2844\/wp-content\/uploads\/sites\/830\/2021\/05\/Rapports-AG-2021.pdf\"><em><span style=\"color: #3366ff\"><span style=\"color: #00ccff\">Rapports soumis au vote<\/span><\/span><\/em><\/a><\/span><\/p>\n<p><em><strong>AG du 6\u00a0 f\u00e9vrier 2020 : <\/strong><a href=\"https:\/\/www.kananas.com\/aphrap2844\/wp-content\/uploads\/sites\/830\/2020\/10\/Special-197-Assemblee-Generale-CR.pdf\">Compte-rendu de l&rsquo;AG<\/a><\/em><\/p>\n<p><em><strong>AG du 7\u00a0 f\u00e9vrier 2019 : <\/strong><a href=\"https:\/\/www.kananas.com\/aphrap2844\/wp-content\/uploads\/sites\/830\/2020\/10\/Special-181-AG-2019-CR-complet.pdf\">Compte-rendu de l&rsquo;AG<\/a><\/em><\/p>\n<p><em><strong>AG du 8\u00a0 f\u00e9vrier 2018 : <\/strong><a href=\"https:\/\/www.kananas.com\/aphrap2844\/wp-content\/uploads\/sites\/830\/2020\/10\/Special-165-AG-2017-CR-complet-diff.pdf\">Compte-rendu de l&rsquo;AG<\/a><\/em><\/p>\n<p><em><strong>AG du 2\u00a0 f\u00e9vrier 2017 : <\/strong><a href=\"https:\/\/www.kananas.com\/aphrap2844\/wp-content\/uploads\/sites\/830\/2020\/10\/Special-148-AG-2016-CR-complet-Diff.pdf\">Compte-rendu de l&rsquo;AG<\/a><\/em><\/p>\n<p><em><strong>AG du 28\u00a0 janvier 2016 : <\/strong><a href=\"https:\/\/www.kananas.com\/aphrap2844\/wp-content\/uploads\/sites\/830\/2020\/08\/Special-131-AG-2015-16.583-CR-diff.pdf\">Compte-rendu de l&rsquo;AG<\/a><\/em><\/p>\n<p><em><strong>AG du 29\u00a0 janvier 2015 : <\/strong><a href=\"https:\/\/www.kananas.com\/aphrap2844\/wp-content\/uploads\/sites\/830\/2020\/10\/Special-112-AG-2014-14.547-CR-diff.pdf\">Compte-rendu de l&rsquo;AG<\/a><\/em><\/p>\n<p><em><strong>AG du 16\u00a0 janvier 2014 : <\/strong><a href=\"https:\/\/www.kananas.com\/aphrap2844\/wp-content\/uploads\/sites\/830\/2020\/10\/Special-94-AG-2013-14.500-CR-diff.pdf\">Compte-rendu de l&rsquo;AG<\/a><\/em><\/p>\n<p><em><strong>AG du 7\u00a0 f\u00e9vrier 2013 : <\/strong><a href=\"https:\/\/www.kananas.com\/aphrap2844\/wp-content\/uploads\/sites\/830\/2020\/10\/13.462-CR-de-AG-2012-Special-78-diff2.pdf\">Compte-rendu de l&rsquo;AG<\/a><\/em><\/p>\n<p><em><strong>AG du 9\u00a0 f\u00e9vrier 2012 : <\/strong><a href=\"https:\/\/www.kananas.com\/aphrap2844\/wp-content\/uploads\/sites\/830\/2023\/07\/12.426-CR-de-AG-2012.diff_.pdf\">Compte-rendu de l&rsquo;AG<\/a><\/em><\/p>\n<p><em><strong>AG du 11\u00a0 f\u00e9vrier 2011 : <\/strong><a href=\"https:\/\/www.kananas.com\/aphrap2844\/wp-content\/uploads\/sites\/830\/2023\/07\/11.361-CR-AG-2011-11.02.11-.diff_.pdf\">Compte-rendu de l&rsquo;AG<\/a><\/em><\/p>\n<p><em><strong>AG du 4\u00a0 f\u00e9vrier 2010 : <\/strong><a href=\"https:\/\/www.kananas.com\/aphrap2844\/wp-content\/uploads\/sites\/830\/2023\/06\/10.290-CR-de-AG-4-fevrier-2010.diff_.pdf\">Compte-rendu de l&rsquo;AG<\/a><\/em><\/p>\n<p><em><strong>AG du 5\u00a0 f\u00e9vrier 2009 :<\/strong><\/em> <a href=\"https:\/\/www.kananas.com\/aphrap2844\/wp-content\/uploads\/sites\/830\/2023\/06\/09242-CR-AG-du-05.fevrier.2009-diff.pdf\">Compte-rendu de l&rsquo;AG<\/a><\/p>\n<p><em><strong>AG du 7\u00a0 f\u00e9vrier 2008 :<\/strong><\/em> <a href=\"https:\/\/www.kananas.com\/aphrap2844\/wp-content\/uploads\/sites\/830\/2023\/06\/08196-CR-AG-du-7.fevrier.2008-diff.pdf\">Compte-rendu de l&rsquo;AG<\/a><\/p>\n<p><em><strong>AG du 8\u00a0 f\u00e9vrier 2007 :<\/strong><\/em> <a href=\"https:\/\/www.kananas.com\/aphrap2844\/wp-content\/uploads\/sites\/830\/2023\/06\/07162-CR-de-lAG-du-8.fevrier.2007-diff.pdf\">Compte-rendu de l&rsquo;AG<\/a><\/p>\n<p><em><strong>AG du 9\u00a0 f\u00e9vrier 2006 :<\/strong><\/em> <a href=\"https:\/\/www.kananas.com\/aphrap2844\/wp-content\/uploads\/sites\/830\/2023\/06\/06111-CR-de-lAG-9.fevrier.2006.pdf\">Compte-rendu de l&rsquo;AG<\/a><\/p>\n<p><em><strong>AG du 24\u00a0 f\u00e9vrier 2005 :<\/strong><\/em> <a href=\"https:\/\/www.kananas.com\/aphrap2844\/wp-content\/uploads\/sites\/830\/2023\/06\/05069-CR-de-lAG-24.fevrier-2005.pdf\">Compte-rendu de l&rsquo;AG<\/a><\/p>\n<p><em><strong>AG du 19\u00a0 f\u00e9vrier 2004 :<\/strong><\/em> <a href=\"https:\/\/www.kananas.com\/aphrap2844\/wp-content\/uploads\/sites\/830\/2023\/06\/CR-AG-19-Fevrier-2004-dif.pdf\">Compte-rendu de l&rsquo;AG<\/a><\/p>\n<p><em><strong>AG du 11\u00a0 f\u00e9vrier 2003 :<\/strong><\/em> <a href=\"https:\/\/www.kananas.com\/aphrap2844\/wp-content\/uploads\/sites\/830\/2023\/06\/CR-AG-11_fevrier_2003.pdf\">Compte-rendu de l&rsquo;AG<\/a><\/p>\n<p><em><strong>AG du 21\u00a0 f\u00e9vrier 2002 :<\/strong><\/em> <a href=\"https:\/\/www.kananas.com\/aphrap2844\/wp-content\/uploads\/sites\/830\/2023\/06\/CR-AG-du-01-02-2001.pdf\">Compte<\/a>&#8211;<a href=\"https:\/\/www.kananas.com\/aphrap2844\/wp-content\/uploads\/sites\/830\/2023\/06\/CR-AG-du-21-fevrier-2002.pdf\">rendu de l&rsquo;AG<\/a><\/p>\n<p><em><strong>AG du 1er\u00a0 f\u00e9vrier 2001 :<\/strong><\/em> <a href=\"https:\/\/www.kananas.com\/aphrap2844\/wp-content\/uploads\/sites\/830\/2023\/06\/CR-AG-du-01-02-2001.pdf\">Compte-rendu de l&rsquo;AG<\/a><\/p>\n<p><em><strong>AG constitutive 13\u00a0 f\u00e9vrier 2000 :<\/strong> <\/em><a href=\"https:\/\/www.kananas.com\/aphrap2844\/wp-content\/uploads\/sites\/830\/2023\/06\/Invitation-reunion-du-13-01-2000.pdf\">Invitation \u00e0 la r\u00e9union<\/a><\/p>\n<ul>\n<li>Nota : Le proc\u00e8s-verbal de cette r\u00e9union n&rsquo;a pas \u00e9t\u00e9 produit. Un bref compte-rendu subsiste dans le <a href=\"https:\/\/www.kananas.com\/aphrap2844\/wp-content\/uploads\/sites\/830\/2023\/06\/Lettre-001janvier-2000-.pdf\">premier journal \u00e9dit\u00e9 par l&rsquo;association<\/a><\/li>\n<\/ul>\n","protected":false},"excerpt":{"rendered":"<p>AG du 10\u00a0 mars 2026 : Compte-rendu de l&rsquo;AG AG du 4\u00a0 mars 2025 : Compte-rendu de l&rsquo;AG AG du 12\u00a0 mars 2024 : Compte-rendu de l&rsquo;AG AG du 17\u00a0 mars 2023 : Compte-rendu de l&rsquo;AG AG du 28\u00a0 avril &hellip; <a href=\"https:\/\/www.kananas.com\/aphrap2844\/espace-adherent\/assemblees-generales\/\">Continuer la lecture <span class=\"meta-nav\">&rarr;<\/span><\/a><\/p>\n","protected":false},"author":2189,"featured_media":0,"parent":11,"menu_order":5,"comment_status":"closed","ping_status":"closed","template":"","meta":{"_crdt_document":"","footnotes":""},"class_list":["post-27814","page","type-page","status-publish","hentry"],"_links":{"self":[{"href":"https:\/\/www.kananas.com\/aphrap2844\/wp-json\/wp\/v2\/pages\/27814","targetHints":{"allow":["GET"]}}],"collection":[{"href":"https:\/\/www.kananas.com\/aphrap2844\/wp-json\/wp\/v2\/pages"}],"about":[{"href":"https:\/\/www.kananas.com\/aphrap2844\/wp-json\/wp\/v2\/types\/page"}],"author":[{"embeddable":true,"href":"https:\/\/www.kananas.com\/aphrap2844\/wp-json\/wp\/v2\/users\/2189"}],"replies":[{"embeddable":true,"href":"https:\/\/www.kananas.com\/aphrap2844\/wp-json\/wp\/v2\/comments?post=27814"}],"version-history":[{"count":10,"href":"https:\/\/www.kananas.com\/aphrap2844\/wp-json\/wp\/v2\/pages\/27814\/revisions"}],"predecessor-version":[{"id":30033,"href":"https:\/\/www.kananas.com\/aphrap2844\/wp-json\/wp\/v2\/pages\/27814\/revisions\/30033"}],"up":[{"embeddable":true,"href":"https:\/\/www.kananas.com\/aphrap2844\/wp-json\/wp\/v2\/pages\/11"}],"wp:attachment":[{"href":"https:\/\/www.kananas.com\/aphrap2844\/wp-json\/wp\/v2\/media?parent=27814"}],"curies":[{"name":"wp","href":"https:\/\/api.w.org\/{rel}","templated":true}]}}