{"id":2911,"date":"2025-12-23T15:57:01","date_gmt":"2025-12-23T14:57:01","guid":{"rendered":"http:\/\/www.aphrapnautes.fr\/wordpress\/?page_id=2911"},"modified":"2025-12-24T14:29:34","modified_gmt":"2025-12-24T13:29:34","slug":"connexion-1","status":"publish","type":"page","link":"https:\/\/www.kananas.com\/aphrap2844\/activites-gala\/connexion-1\/","title":{"rendered":"Connexion Espace adh\u00e9rent &#8211; Mot de passe"},"content":{"rendered":"<h4><strong><em>\u2013 Rappel : Votre identifiant est, le plus souvent, votre adresse mail et votre mot de passe est le mot de passe utilis\u00e9 pour Kananas.<\/em><\/strong><\/h4>\r\n<p><a class=\"wp-block-button__link has-black-color has-light-gray-background-color has-text-color has-background has-link-color wp-element-button\" href=\"https:\/\/backoffice.kananas.com\/action_manager.php?event=myaccount\">Cliquer ici pour acc\u00e9der \u00e0 votre compte<\/a><\/p>\r\n<h3><a href=\"https:\/\/www.kananas.com\/aphrap2844\/wp-content\/uploads\/sites\/830\/2025\/12\/Procedure-Modifier-son-mot-de-passe-bis.pdf\"><strong>Aide pour <\/strong><strong>Mot de passe oubli\u00e9<\/strong><strong>\u00a0<\/strong><\/a><\/h3>\r\n<h3><strong>\u2013 Vous avez oubli\u00e9 votre identifiant, demandez-<\/strong>le par courriel \u00e0 <strong>:\u00a0 <\/strong><a href=\"mailto:association.aphrap@gmail.com?subject=Identifiant perdu\"><strong>association.aphrap@gmail.com<\/strong><\/a><\/h3>\r\n\r\n<blockquote class=\"wp-block-quote is-layout-flow wp-block-quote-is-layout-flow\">\r\n<p class=\"wp-block-paragraph\">&nbsp;<\/p>\r\n<\/blockquote>\r\n\r\n\r\n\r\n<p class=\"wp-block-paragraph\">&nbsp;<\/p>\r\n","protected":false},"excerpt":{"rendered":"<p>\u2013 Rappel : Votre identifiant est, le plus souvent, votre adresse mail et votre mot de passe est le mot de passe utilis\u00e9 pour Kananas. Cliquer ici pour acc\u00e9der \u00e0 votre compte Aide pour Mot de passe oubli\u00e9\u00a0 \u2013 Vous &hellip; <a href=\"https:\/\/www.kananas.com\/aphrap2844\/activites-gala\/connexion-1\/\">Continuer la lecture <span class=\"meta-nav\">&rarr;<\/span><\/a><\/p>\n","protected":false},"author":856,"featured_media":0,"parent":26,"menu_order":0,"comment_status":"closed","ping_status":"closed","template":"onecolumn-page.php","meta":{"_crdt_document":"","footnotes":""},"class_list":["post-2911","page","type-page","status-publish","hentry"],"_links":{"self":[{"href":"https:\/\/www.kananas.com\/aphrap2844\/wp-json\/wp\/v2\/pages\/2911","targetHints":{"allow":["GET"]}}],"collection":[{"href":"https:\/\/www.kananas.com\/aphrap2844\/wp-json\/wp\/v2\/pages"}],"about":[{"href":"https:\/\/www.kananas.com\/aphrap2844\/wp-json\/wp\/v2\/types\/page"}],"author":[{"embeddable":true,"href":"https:\/\/www.kananas.com\/aphrap2844\/wp-json\/wp\/v2\/users\/856"}],"replies":[{"embeddable":true,"href":"https:\/\/www.kananas.com\/aphrap2844\/wp-json\/wp\/v2\/comments?post=2911"}],"version-history":[{"count":9,"href":"https:\/\/www.kananas.com\/aphrap2844\/wp-json\/wp\/v2\/pages\/2911\/revisions"}],"predecessor-version":[{"id":29864,"href":"https:\/\/www.kananas.com\/aphrap2844\/wp-json\/wp\/v2\/pages\/2911\/revisions\/29864"}],"up":[{"embeddable":true,"href":"https:\/\/www.kananas.com\/aphrap2844\/wp-json\/wp\/v2\/pages\/26"}],"wp:attachment":[{"href":"https:\/\/www.kananas.com\/aphrap2844\/wp-json\/wp\/v2\/media?parent=2911"}],"curies":[{"name":"wp","href":"https:\/\/api.w.org\/{rel}","templated":true}]}}