{"id":29621,"date":"2025-12-23T15:30:31","date_gmt":"2025-12-23T14:30:31","guid":{"rendered":"https:\/\/www.kananas.com\/aphrap2844\/?page_id=29621"},"modified":"2025-12-24T13:57:06","modified_gmt":"2025-12-24T12:57:06","slug":"connexion-espace-adherent","status":"publish","type":"page","link":"https:\/\/www.kananas.com\/aphrap2844\/activites-gala\/connexion-espace-adherent\/","title":{"rendered":"Connexion Espace Adh\u00e9rents"},"content":{"rendered":"<h4 style=\"text-align: left\"><strong><em>\u2013 Rappel : Votre identifiant est, le plus souvent, votre adresse mail et votre mot de passe est le mot de passe utilis\u00e9 pour Kananas.<\/em><\/strong><\/h4>\r\n<p><a class=\"wp-block-button__link has-black-color has-light-gray-background-color has-text-color has-background has-link-color wp-element-button\" href=\"https:\/\/backoffice.kananas.com\/action_manager.php?event=myaccount\"><span style=\"color: #003300\"><strong>Cliquer sur ce lien pour acc\u00e9der \u00e0 votre espace<\/strong><\/span><\/a><\/p>\r\n<h3 style=\"text-align: left\"><a href=\"https:\/\/www.kananas.com\/aphrap2844\/wp-content\/uploads\/sites\/830\/2025\/12\/Procedure-Modifier-son-mot-de-passe-bis.pdf\"><strong>Aide pour <\/strong><strong>Mot de passe oubli\u00e9<\/strong><strong>\u00a0<\/strong><\/a><\/h3>\r\n<h3 style=\"text-align: left\"><strong>\u2013 Vous avez oubli\u00e9 votre identifiant, demandez-<\/strong>le par courriel \u00e0 <strong>:\u00a0 <\/strong><a href=\"mailto:association.aphrap@gmail.com?subject=Identifiant perdu\"><strong>association.aphrap@gmail.com<\/strong><\/a><\/h3>\r\n\r\n<div class=\"wp-block-buttons is-content-justification-center is-layout-flex wp-container-core-buttons-is-layout-fe48e5de wp-block-buttons-is-layout-flex\"><\/div>\r\n\r\n\r\n\r\n<p class=\"wp-block-paragraph\">&nbsp;<\/p>\r\n","protected":false},"excerpt":{"rendered":"<p>\u2013 Rappel : Votre identifiant est, le plus souvent, votre adresse mail et votre mot de passe est le mot de passe utilis\u00e9 pour Kananas. Cliquer sur ce lien pour acc\u00e9der \u00e0 votre espace Aide pour Mot de passe oubli\u00e9\u00a0 &hellip; <a href=\"https:\/\/www.kananas.com\/aphrap2844\/activites-gala\/connexion-espace-adherent\/\">Continuer la lecture <span class=\"meta-nav\">&rarr;<\/span><\/a><\/p>\n","protected":false},"author":896,"featured_media":0,"parent":26,"menu_order":0,"comment_status":"closed","ping_status":"closed","template":"onecolumn-page.php","meta":{"_crdt_document":"","footnotes":""},"class_list":["post-29621","page","type-page","status-publish","hentry"],"_links":{"self":[{"href":"https:\/\/www.kananas.com\/aphrap2844\/wp-json\/wp\/v2\/pages\/29621","targetHints":{"allow":["GET"]}}],"collection":[{"href":"https:\/\/www.kananas.com\/aphrap2844\/wp-json\/wp\/v2\/pages"}],"about":[{"href":"https:\/\/www.kananas.com\/aphrap2844\/wp-json\/wp\/v2\/types\/page"}],"author":[{"embeddable":true,"href":"https:\/\/www.kananas.com\/aphrap2844\/wp-json\/wp\/v2\/users\/896"}],"replies":[{"embeddable":true,"href":"https:\/\/www.kananas.com\/aphrap2844\/wp-json\/wp\/v2\/comments?post=29621"}],"version-history":[{"count":9,"href":"https:\/\/www.kananas.com\/aphrap2844\/wp-json\/wp\/v2\/pages\/29621\/revisions"}],"predecessor-version":[{"id":29873,"href":"https:\/\/www.kananas.com\/aphrap2844\/wp-json\/wp\/v2\/pages\/29621\/revisions\/29873"}],"up":[{"embeddable":true,"href":"https:\/\/www.kananas.com\/aphrap2844\/wp-json\/wp\/v2\/pages\/26"}],"wp:attachment":[{"href":"https:\/\/www.kananas.com\/aphrap2844\/wp-json\/wp\/v2\/media?parent=29621"}],"curies":[{"name":"wp","href":"https:\/\/api.w.org\/{rel}","templated":true}]}}