{"id":3010,"date":"2024-01-03T19:25:11","date_gmt":"2024-01-03T18:25:11","guid":{"rendered":"http:\/\/www.aphrapnautes.fr\/wordpress\/?page_id=3010"},"modified":"2026-04-11T07:11:28","modified_gmt":"2026-04-11T05:11:28","slug":"activites-en-preparation-2014","status":"publish","type":"page","link":"https:\/\/www.kananas.com\/aphrap2844\/activites-gala\/activites-en-preparation-2014\/","title":{"rendered":"Programme GALA 2026"},"content":{"rendered":"<h3 style=\"text-align: left\"><b>Jeudi 15 janvier <\/b>: Expositions \u00e0 Marseille, Marcoville \u00e0 La Major et\u00a0 \u00a0 \u00a0 \u00a0 \u00a0 \u00a0 \u00a0 \u00a0 \u00a0 \u00a0 \u00a0 \u00a0 \u00a0 \u00a0 \u00a0 \u00a0 \u00a0 \u00a0 \u00a0 \u00a0 \u00a0 \u00a0 \u00a0 \u00a0 \u00a0 \u00a0 \u00a0 Photos anciennes Detaille<\/h3>\n<p><b>Jeudi 29 janvier\u00a0<\/b>: Balade \u00e0 G\u00e9menos ; le Gour de l\u2019Oule 7 km 100 m d\u00e9n.<\/p>\n<p><b>Jeudi 19 f\u00e9vrier :<\/b> Au d\u00e9part des 4 ch\u00eanes, la fontaine Guillandi\u00e8re \u00e0 Rougiers<\/p>\n<p><b>Mardi 10 mars\u00a0 \u00a0:<\/b><span style=\"color: #333333\"> AG<\/span><\/p>\n<p><b>Mardi 17 mars\u00a0 :<\/b> Exposition h\u00f4tel de Caumont \u00ab\u00a0Regards d\u2019un collectionneur\u00a0\u00bb<\/p>\n<p><b>Jeudi 23 avril\u00a0 : <\/b>Balade Peyrolles sentier Loubatas 7 km<\/p>\n<p><b>Jeudi 7 mai\u00a0 \u00a0 \u00a0: <\/b>Istres \u00ab entre ville et nature \u00bb 14 km<\/p>\n<p><b>Jeudi 4 juin\u00a0 \u00a0: <\/b>Journ\u00e9e boules \u00e0 Beaucaire<\/p>\n<p><b>Jeudi 18 juin\u00a0: <\/b>St Martin de Palli\u00e8re; balade ,visite cath\u00e9drale souterraine et ch\u00e2teau<\/p>\n<p><b>Jeudi 3 septembre : <\/b>Marseille, La Cit\u00e9 Radieuse (Le Corbusier) et expo Dubout (Mus\u00e9e\u00a0 \u00a0 \u00a0 \u00a0 \u00a0 \u00a0 \u00a0 \u00a0 \u00a0 \u00a0 \u00a0 \u00a0 \u00a0 \u00a0 \u00a0 \u00a0 \u00a0 \u00a0 \u00a0 \u00a0 \u00a0 \u00a0 \u00a0Regards de Provence)<\/p>\n<p><b>Jeudi 17 septembre\u00a0: <\/b>Mont Faron \u00e0 Toulon 10 km, 250 m den.<\/p>\n<p><b>Jeudi 15 octobre : <\/b>Tourves ; chapelle St Probace 8 km, 250 m den.<\/p>\n<p><b>Jeudi 12 novembre : <\/b>Cucuron, Vaugines ; visite des villages et Ermitage 10 km<\/p>\n<p><b>Jeudi 26 novembre\u00a0:<\/b> Grillades<\/p>\n<p><b>Jeudi 10 d\u00e9cembre :\u00a0<\/b>Balade Cadolive; le Mont Julien 6 km 200 m den.<\/p>\n<h1><span style=\"font-family: arial, helvetica, sans-serif;color: #000000\"><strong><span style=\"font-size: large\">\u00a0\u00a0\u00a0\u00a0\u00a0 \u00a0<span style=\"color: #008000\">\u00a0 S\u00e9jour\u00a0 2026 :<\/span><\/span><\/strong><\/span><\/h1>\n<p><b>S\u00e9jour S\u00e8te du 30 mars au 2 avril <\/b><\/p>\n<p><a href=\"https:\/\/drive.google.com\/file\/d\/1z0wP8Ui09vdO-eZ5XrlOXS74-JkI_AfC\/view?usp=sharing\"><b>S\u00e9jour dans le Lot du 18 au 23 mai<\/b><\/a><\/p>\n","protected":false},"excerpt":{"rendered":"<p>Jeudi 15 janvier : Expositions \u00e0 Marseille, Marcoville \u00e0 La Major et\u00a0 \u00a0 \u00a0 \u00a0 \u00a0 \u00a0 \u00a0 \u00a0 \u00a0 \u00a0 \u00a0 \u00a0 \u00a0 \u00a0 \u00a0 \u00a0 \u00a0 \u00a0 \u00a0 \u00a0 \u00a0 \u00a0 \u00a0 \u00a0 \u00a0 \u00a0 \u00a0 Photos anciennes &hellip; <a href=\"https:\/\/www.kananas.com\/aphrap2844\/activites-gala\/activites-en-preparation-2014\/\">Continuer la lecture <span class=\"meta-nav\">&rarr;<\/span><\/a><\/p>\n","protected":false},"author":856,"featured_media":0,"parent":26,"menu_order":1,"comment_status":"closed","ping_status":"closed","template":"","meta":{"_crdt_document":"","footnotes":""},"class_list":["post-3010","page","type-page","status-publish","hentry"],"_links":{"self":[{"href":"https:\/\/www.kananas.com\/aphrap2844\/wp-json\/wp\/v2\/pages\/3010","targetHints":{"allow":["GET"]}}],"collection":[{"href":"https:\/\/www.kananas.com\/aphrap2844\/wp-json\/wp\/v2\/pages"}],"about":[{"href":"https:\/\/www.kananas.com\/aphrap2844\/wp-json\/wp\/v2\/types\/page"}],"author":[{"embeddable":true,"href":"https:\/\/www.kananas.com\/aphrap2844\/wp-json\/wp\/v2\/users\/856"}],"replies":[{"embeddable":true,"href":"https:\/\/www.kananas.com\/aphrap2844\/wp-json\/wp\/v2\/comments?post=3010"}],"version-history":[{"count":12,"href":"https:\/\/www.kananas.com\/aphrap2844\/wp-json\/wp\/v2\/pages\/3010\/revisions"}],"predecessor-version":[{"id":30077,"href":"https:\/\/www.kananas.com\/aphrap2844\/wp-json\/wp\/v2\/pages\/3010\/revisions\/30077"}],"up":[{"embeddable":true,"href":"https:\/\/www.kananas.com\/aphrap2844\/wp-json\/wp\/v2\/pages\/26"}],"wp:attachment":[{"href":"https:\/\/www.kananas.com\/aphrap2844\/wp-json\/wp\/v2\/media?parent=3010"}],"curies":[{"name":"wp","href":"https:\/\/api.w.org\/{rel}","templated":true}]}}