{"id":3943,"date":"2014-02-22T06:53:09","date_gmt":"2014-02-22T05:53:09","guid":{"rendered":"http:\/\/www.aphrapnautes.fr\/wordpress\/?page_id=3943"},"modified":"2022-01-27T11:11:47","modified_gmt":"2022-01-27T10:11:47","slug":"lettre-periodique-dinformation-bibliotheque","status":"publish","type":"page","link":"https:\/\/www.kananas.com\/aphrap2844\/information\/lettre-periodique-dinformation-bibliotheque\/","title":{"rendered":"Lettre P\u00e9riodique d&rsquo;Information (Biblioth\u00e8que)"},"content":{"rendered":"<p>&nbsp;<\/p>\n<p><span class=\"Apple-style-span\" style=\"font-size: 16px;font-family: Georgia, 'Bitstream Charter', serif;line-height: 24px\"><em><span style=\"color: #0000ff\">Ce nouvel \u00e9l\u00e9ment d&rsquo;information (LPI = Newsletter) exclusivement destin\u00e9 aux Aphrapnautes est une aide \u00e0 la bonne utilisation\/navigation sur notre site. \u00a0 \u00a0 \u00a0 \u00a0 \u00a0 \u00a0 \u00a0 \u00a0 \u00a0 \u00a0 \u00a0 \u00a0 \u00a0 \u00a0 \u00a0 \u00a0 \u00a0 \u00a0 \u00a0 (Classement ante-chronologique)<\/span><\/em><\/span><\/p>\n<p><a href=\"http:\/\/www.kananas.com\/aphrap2844\/wp-content\/uploads\/sites\/830\/2021\/05\/LPI-12-mai-Zoom-AG-2021.pdf\"><strong>LPI &#8211; 12 mai 2021<\/strong><\/a> (cliquez)<\/p>\n<p><span style=\"color: #ff00ff\">T\u00e9l\u00e9charger et installer ZOOM<\/span><\/p>\n<p><a href=\"http:\/\/www.kananas.com\/aphrap2844\/wp-content\/uploads\/sites\/830\/2021\/05\/LPI-Signal-5-mai-SIGNAL-AG-2021.pdf\"><strong>LPI &#8211; 5 mai 2021<\/strong><\/a> (cliquez)<\/p>\n<p><span style=\"color: #ff00ff\">T\u00e9l\u00e9charger et installer SIGNAL<\/span><\/p>\n<p><a href=\"http:\/\/www.kananas.com\/aphrap2844\/wp-content\/uploads\/sites\/830\/2020\/10\/LPI-19-decembre-2018.pdf\"><strong>LPI &#8211; 19 d\u00e9cembre 2018<\/strong><\/a> (cliquez)<\/p>\n<p><span style=\"color: #ff00ff\">Modifier son mot se passe ou mot de passe oubli\u00e9<\/span><\/p>\n<p>&nbsp;<\/p>\n<p>&nbsp;<\/p>\n","protected":false},"excerpt":{"rendered":"<p>&nbsp; Ce nouvel \u00e9l\u00e9ment d&rsquo;information (LPI = Newsletter) exclusivement destin\u00e9 aux Aphrapnautes est une aide \u00e0 la bonne utilisation\/navigation sur notre site. \u00a0 \u00a0 \u00a0 \u00a0 \u00a0 \u00a0 \u00a0 \u00a0 \u00a0 \u00a0 \u00a0 \u00a0 \u00a0 \u00a0 \u00a0 \u00a0 \u00a0 \u00a0 &hellip; <a href=\"https:\/\/www.kananas.com\/aphrap2844\/information\/lettre-periodique-dinformation-bibliotheque\/\">Continuer la lecture <span class=\"meta-nav\">&rarr;<\/span><\/a><\/p>\n","protected":false},"author":856,"featured_media":0,"parent":19,"menu_order":4,"comment_status":"closed","ping_status":"closed","template":"","meta":{"_crdt_document":"","footnotes":""},"class_list":["post-3943","page","type-page","status-publish","hentry"],"_links":{"self":[{"href":"https:\/\/www.kananas.com\/aphrap2844\/wp-json\/wp\/v2\/pages\/3943","targetHints":{"allow":["GET"]}}],"collection":[{"href":"https:\/\/www.kananas.com\/aphrap2844\/wp-json\/wp\/v2\/pages"}],"about":[{"href":"https:\/\/www.kananas.com\/aphrap2844\/wp-json\/wp\/v2\/types\/page"}],"author":[{"embeddable":true,"href":"https:\/\/www.kananas.com\/aphrap2844\/wp-json\/wp\/v2\/users\/856"}],"replies":[{"embeddable":true,"href":"https:\/\/www.kananas.com\/aphrap2844\/wp-json\/wp\/v2\/comments?post=3943"}],"version-history":[{"count":10,"href":"https:\/\/www.kananas.com\/aphrap2844\/wp-json\/wp\/v2\/pages\/3943\/revisions"}],"predecessor-version":[{"id":26940,"href":"https:\/\/www.kananas.com\/aphrap2844\/wp-json\/wp\/v2\/pages\/3943\/revisions\/26940"}],"up":[{"embeddable":true,"href":"https:\/\/www.kananas.com\/aphrap2844\/wp-json\/wp\/v2\/pages\/19"}],"wp:attachment":[{"href":"https:\/\/www.kananas.com\/aphrap2844\/wp-json\/wp\/v2\/media?parent=3943"}],"curies":[{"name":"wp","href":"https:\/\/api.w.org\/{rel}","templated":true}]}}