{"id":40,"date":"2012-12-13T18:48:14","date_gmt":"2012-12-13T17:48:14","guid":{"rendered":"http:\/\/www.aphrapnautes.fr\/wordpress\/?page_id=40"},"modified":"2026-03-31T18:04:15","modified_gmt":"2026-03-31T16:04:15","slug":"presentation-de-lassociation","status":"publish","type":"page","link":"https:\/\/www.kananas.com\/aphrap2844\/accueil\/presentation-de-lassociation\/","title":{"rendered":"Pr\u00e9sentation de l&rsquo;association"},"content":{"rendered":"<p><span style=\"color: #444444\"><span style=\"font-family: 'Times New Roman', serif\"><span style=\"font-size: medium\">Votre association cr\u00e9\u00e9e en 2000 qui est r\u00e9gie par la loi du 1er juillet 1901 et le d\u00e9cret du 16 ao\u00fbt 1901, compte aujourd&rsquo;hui plus de 270 membres (de droit et affili\u00e9s).<\/span><\/span><\/span><\/p>\n<p><span style=\"color: #0000ff\"><strong><span style=\"font-family: 'Times New Roman', serif\"><span style=\"font-size: medium\"><b>Elle a \u00e9t\u00e9 initi\u00e9e par une motivation sociale<\/b><\/span><\/span><\/strong><\/span><span style=\"color: #444444\"><span style=\"font-family: 'Times New Roman', serif\"><span style=\"font-size: medium\">\u00a0(suivi des Garanties de Ressources et Compl\u00e9mentaire Sant\u00e9)\u00a0<\/span><\/span><\/span><span style=\"color: #0000ff\"><strong><span style=\"font-family: 'Times New Roman', serif\"><span style=\"font-size: medium\"><b>mais aussi pour un aspect important qui est le maintien de l\u2019\u00e9quilibre sur le plan amical et convivial.<\/b><\/span><\/span><\/strong><\/span><\/p>\n<p><span style=\"color: #444444\"><span style=\"font-family: 'Times New Roman', serif\"><span style=\"font-size: medium\">Beaucoup d\u2019entre nous ont travaill\u00e9 pendant de nombreuses ann\u00e9es au sein de la soci\u00e9t\u00e9 (qui a connu divers noms) et souhaiteraient reprendre contact avec d\u2019ancien(ne)s coll\u00e8gues.<\/span><\/span><\/span><\/p>\n<p><span style=\"color: #0000ff\"><strong><span style=\"font-family: 'Times New Roman', serif\"><span style=\"font-size: medium\"><b>L\u2019association qui offre un certain nombre d\u2019activit\u00e9s, est aussi un lieu d\u2019\u00e9changes et de rencontre.<\/b><\/span><\/span><\/strong><\/span><\/p>\n<p><span style=\"color: #444444\"><span style=\"font-family: 'Times New Roman', serif\"><span style=\"font-size: medium\">Elle peut aussi vous apporter des renseignements au niveau de la Compl\u00e9mentaire Sant\u00e9 (contrat collectif) ou de la Retraite.<\/span><\/span><\/span><\/p>\n<p><span style=\"color: #444444\"><span style=\"font-family: 'Times New Roman', serif\"><span style=\"font-size: medium\">Depuis 2025, suite \u00e0 la modification de nos statuts, nos adh\u00e9rents peuvent appartenir \u00e0 deux coll\u00e8ges :<\/span><\/span><\/span><\/p>\n<p><span style=\"color: #444444\"><span style=\"font-family: 'Times New Roman', serif\"><span style=\"font-size: medium\"><b>1 \/\u00a0<\/b><\/span><\/span><\/span><span style=\"color: #000000\"><span style=\"font-family: 'Times New Roman', serif\"><span style=\"font-size: medium\"><span style=\"text-decoration: underline\"><b>Coll\u00e8ge 1\u00a0&#8211;\u00a0<\/b><\/span><\/span><\/span><\/span><span style=\"color: #0000ff\"><strong><span style=\"font-family: 'Times New Roman', serif\"><span style=\"font-size: medium\"><span style=\"text-decoration: underline\"><b>Membres de droit<\/b><\/span><\/span><\/span><\/strong><\/span><span style=\"color: #000000\"><span style=\"font-family: 'Times New Roman', serif\"><span style=\"font-size: medium\">\u00a0:<\/span><\/span><\/span><\/p>\n<p>Les anciens retrait\u00e9s, pr\u00e9-retrait\u00e9s, en invalidit\u00e9, encore en activit\u00e9 ou inactifs, de<br \/>\nProcida, Hoechst, Roussel, AgrEvo, ProdeTech.<\/p>\n<p>Les conjoints, veuves, veufs et personnes reconnues comme attach\u00e9es \u00e0 un<br \/>\nmembre de droit au sein de l\u2019association.<\/p>\n<p>Sur proposition du Bureau, tout Membre affili\u00e9 ami depuis au moins 5 ans, peut<br \/>\nacc\u00e9der au statut de Membre de droit.<\/p>\n<p><span style=\"color: #000000\"><span style=\"font-family: 'Times New Roman', serif\"><span style=\"font-size: medium\"><b>2\/\u00a0<\/b><\/span><\/span><\/span><span style=\"color: #000000\"><span style=\"font-family: 'Times New Roman', serif\"><span style=\"font-size: medium\"><span style=\"text-decoration: underline\"><b>Coll\u00e8ge 2 &#8211;\u00a0<\/b><\/span><\/span><\/span><\/span><span style=\"color: #0000ff\"><strong><span style=\"font-family: 'Times New Roman', serif\"><span style=\"font-size: medium\"><span style=\"text-decoration: underline\"><b>Membres affili\u00e9s<\/b><\/span><\/span><\/span><\/strong><span style=\"font-family: 'Times New Roman', serif\"><span style=\"font-size: medium\"><b>\u00a0<\/b><\/span><\/span><\/span><span style=\"color: #000000\"><span style=\"font-family: 'Times New Roman', serif\"><span style=\"font-size: medium\">:<\/span><\/span><\/span><\/p>\n<p>Les amis des membres du Coll\u00e8ge 1 pr\u00e9sent\u00e9s par un parrain du Coll\u00e8ge 1 et<br \/>\napr\u00e8s accord d\u00e9lib\u00e9r\u00e9 par le Bureau. <span style=\"color: #444444\"><span style=\"font-family: 'Times New Roman', serif\"><span style=\"font-size: medium\"><span style=\"font-family: georgia, palatino, serif;font-size: 12pt\">La proportion maximale de Membres affili\u00e9s amis dans l\u2019association est de 20% du nombre des Membres de droit. Chaque Membre de droit ne peut proposer que deux (2) Membres affili\u00e9s amis<\/span>.<\/span><\/span><\/span><strong><span style=\"color: #444444\"><span style=\"font-family: 'Times New Roman', serif\"><span style=\"font-size: medium\"><b><br \/>\n<\/b><\/span><\/span><\/span><\/strong><\/p>\n<p>&nbsp;<\/p>\n","protected":false},"excerpt":{"rendered":"<p>Votre association cr\u00e9\u00e9e en 2000 qui est r\u00e9gie par la loi du 1er juillet 1901 et le d\u00e9cret du 16 ao\u00fbt 1901, compte aujourd&rsquo;hui plus de 270 membres (de droit et affili\u00e9s). Elle a \u00e9t\u00e9 initi\u00e9e par une motivation sociale\u00a0(suivi &hellip; <a href=\"https:\/\/www.kananas.com\/aphrap2844\/accueil\/presentation-de-lassociation\/\">Continuer la lecture <span class=\"meta-nav\">&rarr;<\/span><\/a><\/p>\n","protected":false},"author":856,"featured_media":0,"parent":9,"menu_order":2,"comment_status":"closed","ping_status":"closed","template":"","meta":{"_crdt_document":"","footnotes":""},"class_list":["post-40","page","type-page","status-publish","hentry"],"_links":{"self":[{"href":"https:\/\/www.kananas.com\/aphrap2844\/wp-json\/wp\/v2\/pages\/40","targetHints":{"allow":["GET"]}}],"collection":[{"href":"https:\/\/www.kananas.com\/aphrap2844\/wp-json\/wp\/v2\/pages"}],"about":[{"href":"https:\/\/www.kananas.com\/aphrap2844\/wp-json\/wp\/v2\/types\/page"}],"author":[{"embeddable":true,"href":"https:\/\/www.kananas.com\/aphrap2844\/wp-json\/wp\/v2\/users\/856"}],"replies":[{"embeddable":true,"href":"https:\/\/www.kananas.com\/aphrap2844\/wp-json\/wp\/v2\/comments?post=40"}],"version-history":[{"count":7,"href":"https:\/\/www.kananas.com\/aphrap2844\/wp-json\/wp\/v2\/pages\/40\/revisions"}],"predecessor-version":[{"id":30045,"href":"https:\/\/www.kananas.com\/aphrap2844\/wp-json\/wp\/v2\/pages\/40\/revisions\/30045"}],"up":[{"embeddable":true,"href":"https:\/\/www.kananas.com\/aphrap2844\/wp-json\/wp\/v2\/pages\/9"}],"wp:attachment":[{"href":"https:\/\/www.kananas.com\/aphrap2844\/wp-json\/wp\/v2\/media?parent=40"}],"curies":[{"name":"wp","href":"https:\/\/api.w.org\/{rel}","templated":true}]}}