{"id":78,"date":"2012-12-13T19:16:17","date_gmt":"2012-12-13T18:16:17","guid":{"rendered":"http:\/\/www.aphrapnautes.fr\/wordpress\/?page_id=78"},"modified":"2026-01-13T10:20:29","modified_gmt":"2026-01-13T09:20:29","slug":"mutuelles-du-soleil-mds","status":"publish","type":"page","link":"https:\/\/www.kananas.com\/aphrap2844\/protection-sante\/mutuelles-du-soleil-mds\/","title":{"rendered":"Mutuelles du Soleil"},"content":{"rendered":"<p>Consultez les <a href=\"http:\/\/www.kananas.com\/aphrap2844\/wp-content\/uploads\/sites\/830\/2021\/01\/Prestations-2021.pdf\">Prestations<\/a> (cliquez)<\/p>\n<p>Voir les tarifs :<\/p>\n<p>&#8211;<a href=\"https:\/\/www.kananas.com\/aphrap2844\/wp-content\/uploads\/sites\/830\/2026\/01\/fiche-tarifaire-Pro3000-2026.pdf\"> PRO 3000<\/a> (cliquez)<\/p>\n<p>&#8211; <a href=\"https:\/\/www.kananas.com\/aphrap2844\/wp-content\/uploads\/sites\/830\/2026\/01\/Fiche-tarifaire-Pro4000-2026.pdf\">PRO 4000<\/a> (cliquez)<\/p>\n<p>Le <a href=\"http:\/\/www.kananas.com\/aphrap2844\/wp-content\/uploads\/sites\/830\/2020\/08\/MEMENTO-ADHERENT-INDIVIDUEL_2019.pdf\">M\u00e9mento\u00a0 de l&rsquo;adh\u00e9rent<\/a> (cliquez)<\/p>\n<p>Le <a href=\"http:\/\/www.kananas.com\/aphrap2844\/wp-content\/uploads\/sites\/830\/2020\/08\/Le-100-sante.pdf\">100% sant\u00e9<\/a> (cliquez)<\/p>\n<p>La <a href=\"http:\/\/www.kananas.com\/aphrap2844\/wp-content\/uploads\/sites\/830\/2020\/08\/FLYER-TCM-2020-1.pdf\">T\u00e9l\u00e9consultation M\u00e9dicale<\/a> (cliquez)<\/p>\n<p>Les <a href=\"https:\/\/www.mutuellesdusoleil.fr\/agences-mutuelles-du-soleil.html\">Agences<\/a> (cliquez)<\/p>\n<h2><\/h2>\n<h2><\/h2>\n","protected":false},"excerpt":{"rendered":"<p>Consultez les Prestations (cliquez) Voir les tarifs : &#8211; PRO 3000 (cliquez) &#8211; PRO 4000 (cliquez) Le M\u00e9mento\u00a0 de l&rsquo;adh\u00e9rent (cliquez) Le 100% sant\u00e9 (cliquez) La T\u00e9l\u00e9consultation M\u00e9dicale (cliquez) Les Agences (cliquez)<\/p>\n","protected":false},"author":856,"featured_media":0,"parent":15,"menu_order":2,"comment_status":"closed","ping_status":"closed","template":"","meta":{"_crdt_document":"","footnotes":""},"class_list":["post-78","page","type-page","status-publish","hentry"],"_links":{"self":[{"href":"https:\/\/www.kananas.com\/aphrap2844\/wp-json\/wp\/v2\/pages\/78","targetHints":{"allow":["GET"]}}],"collection":[{"href":"https:\/\/www.kananas.com\/aphrap2844\/wp-json\/wp\/v2\/pages"}],"about":[{"href":"https:\/\/www.kananas.com\/aphrap2844\/wp-json\/wp\/v2\/types\/page"}],"author":[{"embeddable":true,"href":"https:\/\/www.kananas.com\/aphrap2844\/wp-json\/wp\/v2\/users\/856"}],"replies":[{"embeddable":true,"href":"https:\/\/www.kananas.com\/aphrap2844\/wp-json\/wp\/v2\/comments?post=78"}],"version-history":[{"count":11,"href":"https:\/\/www.kananas.com\/aphrap2844\/wp-json\/wp\/v2\/pages\/78\/revisions"}],"predecessor-version":[{"id":29901,"href":"https:\/\/www.kananas.com\/aphrap2844\/wp-json\/wp\/v2\/pages\/78\/revisions\/29901"}],"up":[{"embeddable":true,"href":"https:\/\/www.kananas.com\/aphrap2844\/wp-json\/wp\/v2\/pages\/15"}],"wp:attachment":[{"href":"https:\/\/www.kananas.com\/aphrap2844\/wp-json\/wp\/v2\/media?parent=78"}],"curies":[{"name":"wp","href":"https:\/\/api.w.org\/{rel}","templated":true}]}}