{"id":81,"date":"2012-12-13T19:16:49","date_gmt":"2012-12-13T18:16:49","guid":{"rendered":"http:\/\/www.aphrapnautes.fr\/wordpress\/?page_id=81"},"modified":"2024-06-27T08:03:55","modified_gmt":"2024-06-27T06:03:55","slug":"micils","status":"publish","type":"page","link":"https:\/\/www.kananas.com\/aphrap2844\/protection-sante\/micils\/","title":{"rendered":"NoveoCare (Mutuelle BAYER)"},"content":{"rendered":"\r\n<p class=\"wp-block-paragraph\">Nous avons toujours des membres de l\u2019APHRAP qui ont conserv\u00e9 leur adh\u00e9sion \u00e0 cette mutuelle.<\/p>\r\n\r\n\r\n\r\n<p class=\"wp-block-paragraph\">Depuis le 1<sup>er<\/sup> Janvier 2016, BAYER a souscrit un contrat \u00ab frais de sant\u00e9 \u00bb aupr\u00e8s d\u2019Harmonie Mutuelle dont la gestion est confi\u00e9e \u00e0 NoveoCare aujourd\u2019hui.<\/p>\r\n\r\n\r\n\r\n<p class=\"wp-block-paragraph\">L\u2019APHRAP n\u2019a pas de contact direct avec BAYER sur ce contrat mais le groupe GPS est en relation avec Michel ANDRE (ancien PROCIDA \u2013 responsable chez BAYER de ce dossier ) qui nous permet d\u2019\u00e9changer nos informations.<\/p>\r\n\r\n\r\n\r\n<div class=\"wp-block-buttons is-layout-flex wp-block-buttons-is-layout-flex\">\r\n<div class=\"wp-block-button has-custom-font-size is-style-outline has-medium-font-size is-style-outline--1\"><a class=\"wp-block-button__link has-black-color has-very-light-gray-to-cyan-bluish-gray-gradient-background has-text-color has-background has-link-color wp-element-button\" href=\"https:\/\/www.kananas.com\/aphrap2844\/wp-content\/uploads\/sites\/830\/2024\/03\/GUIDE_Mutuelle_BAYER_sante_2024.pdf\"><strong>Les nouvelles Garanties<\/strong><\/a><\/div>\r\n<\/div>\r\n","protected":false},"excerpt":{"rendered":"<p>Nous avons toujours des membres de l\u2019APHRAP qui ont conserv\u00e9 leur adh\u00e9sion \u00e0 cette mutuelle. Depuis le 1er Janvier 2016, BAYER a souscrit un contrat \u00ab frais de sant\u00e9 \u00bb aupr\u00e8s d\u2019Harmonie Mutuelle dont la gestion est confi\u00e9e \u00e0 NoveoCare &hellip; <a href=\"https:\/\/www.kananas.com\/aphrap2844\/protection-sante\/micils\/\">Continuer la lecture <span class=\"meta-nav\">&rarr;<\/span><\/a><\/p>\n","protected":false},"author":856,"featured_media":0,"parent":15,"menu_order":2,"comment_status":"closed","ping_status":"closed","template":"","meta":{"_crdt_document":"","footnotes":""},"class_list":["post-81","page","type-page","status-publish","hentry"],"_links":{"self":[{"href":"https:\/\/www.kananas.com\/aphrap2844\/wp-json\/wp\/v2\/pages\/81","targetHints":{"allow":["GET"]}}],"collection":[{"href":"https:\/\/www.kananas.com\/aphrap2844\/wp-json\/wp\/v2\/pages"}],"about":[{"href":"https:\/\/www.kananas.com\/aphrap2844\/wp-json\/wp\/v2\/types\/page"}],"author":[{"embeddable":true,"href":"https:\/\/www.kananas.com\/aphrap2844\/wp-json\/wp\/v2\/users\/856"}],"replies":[{"embeddable":true,"href":"https:\/\/www.kananas.com\/aphrap2844\/wp-json\/wp\/v2\/comments?post=81"}],"version-history":[{"count":13,"href":"https:\/\/www.kananas.com\/aphrap2844\/wp-json\/wp\/v2\/pages\/81\/revisions"}],"predecessor-version":[{"id":28809,"href":"https:\/\/www.kananas.com\/aphrap2844\/wp-json\/wp\/v2\/pages\/81\/revisions\/28809"}],"up":[{"embeddable":true,"href":"https:\/\/www.kananas.com\/aphrap2844\/wp-json\/wp\/v2\/pages\/15"}],"wp:attachment":[{"href":"https:\/\/www.kananas.com\/aphrap2844\/wp-json\/wp\/v2\/media?parent=81"}],"curies":[{"name":"wp","href":"https:\/\/api.w.org\/{rel}","templated":true}]}}