{"id":926,"date":"2013-01-28T14:48:57","date_gmt":"2013-01-28T13:48:57","guid":{"rendered":"http:\/\/www.aphrapnautes.fr\/wordpress\/?page_id=926"},"modified":"2025-12-09T17:53:09","modified_gmt":"2025-12-09T16:53:09","slug":"lettre-aphrap-bibliotheque-en-preparation","status":"publish","type":"page","link":"https:\/\/www.kananas.com\/aphrap2844\/information\/special\/lettre-aphrap-bibliotheque-en-preparation\/","title":{"rendered":"Lettre APHRAP (Biblioth\u00e8que)"},"content":{"rendered":"<h5><\/h5>\n<h5><em><span style=\"color: #0000ff\">Cette publication dont la fr\u00e9quence est g\u00e9n\u00e9ralement bis-annuelle a pour but de faire un r\u00e9capitulatif des sujets qui int\u00e9ressent les membres de l&rsquo;Association. Elle est l&rsquo;\u00e9l\u00e9ment essentiel d&rsquo;information pour les non-internautes.<\/span><\/em><\/h5>\n<h5><em><span style=\"color: #0000ff\"><strong>Pour plus de d\u00e9tails, cliquez sur <span style=\"text-decoration: underline\">l&rsquo;exemplaire qui vous int\u00e9resse<\/span>\u00a0 ! \u00a0<\/strong><\/span><\/em><\/h5>\n<h5><em><span style=\"color: #0000ff\">\u00a0 \u00a0 (<\/span><\/em><em><span style=\"color: #0000ff\">Classement ante-chronologique par groupe d&rsquo;ann\u00e9es)<\/span><\/em><\/h5>\n<p><i><b>Ann\u00e9es 2025 \u2013 2026<\/b><\/i><\/p>\n<p><a href=\"https:\/\/www.kananas.com\/aphrap2844\/wp-content\/uploads\/sites\/830\/2025\/12\/Lettre-64.pdf\"><i>&#8211; Lettre n\u00b064 (d\u00e9cembre 2025)<\/i><\/a><\/p>\n<p><a href=\"https:\/\/www.kananas.com\/aphrap2844\/wp-content\/uploads\/sites\/830\/2025\/06\/Lettre-63.pdf\"><i>&#8211; Lettre n\u00b063 (juin 2025)<\/i><\/a><\/p>\n<p><span style=\"text-decoration: underline\"><i><b>Ann\u00e9es 2023 \u2013 2024<\/b><\/i><\/span><\/p>\n<p><a href=\"https:\/\/www.kananas.com\/aphrap2844\/wp-content\/uploads\/sites\/830\/2024\/12\/Lettre-62.pdf\"><i>&#8211; Lettre n\u00b062 (d\u00e9cembre 2024)<\/i><\/a><\/p>\n<p><i><a href=\"https:\/\/www.kananas.com\/aphrap2844\/wp-content\/uploads\/sites\/830\/2024\/06\/LETTRE-61.pdf\">&#8211; Lettre n\u00b061 (juin 2024)<\/a><\/i><\/p>\n<p><i> &#8211; <a href=\"https:\/\/www.kananas.com\/aphrap2844\/wp-content\/uploads\/sites\/830\/2023\/12\/LETTRE-60.pdf\">Lettre n\u00b060 (d\u00e9cembre 2023)<\/a><\/i><\/p>\n<p><a href=\"https:\/\/www.kananas.com\/aphrap2844\/wp-content\/uploads\/sites\/830\/2023\/06\/lettre_59.pdf\"><i>&#8211; Lettre n\u00b059 (juin 2023)<\/i><\/a><\/p>\n<p><span style=\"text-decoration: underline\"><i><b>Ann\u00e9es 2022 \u2013 2021<\/b><\/i><\/span><\/p>\n<p><em><a href=\"https:\/\/www.kananas.com\/aphrap2844\/wp-content\/uploads\/sites\/830\/2022\/12\/La-Lettre-58-.pdf\"><span style=\"text-decoration: underline\"> &#8211; Lettre n\u00b058 (d\u00e9c.22)<\/span><\/a><\/em><\/p>\n<p><em><a href=\"https:\/\/www.kananas.com\/aphrap2844\/wp-content\/uploads\/sites\/830\/2022\/06\/La-Lettre-57-.pdf\"><span style=\"text-decoration: underline\">&#8211; Lettre n\u00b0 57 (juill.22)<\/span><\/a><\/em><\/p>\n<p><em><a href=\"http:\/\/www.kananas.com\/aphrap2844\/wp-content\/uploads\/sites\/830\/2021\/12\/La-Lettre-56-.pdf\"><span style=\"text-decoration: underline\"> &#8211; Lettre n\u00b0 56 (d\u00e9c.21)<\/span><\/a><\/em><\/p>\n<p><a href=\"http:\/\/www.kananas.com\/aphrap2844\/wp-content\/uploads\/sites\/830\/2021\/07\/La-Lettre-55-.pdf\"><em>&#8211; Lettre n\u00b0 55 (juill.21<\/em>)<\/a><\/p>\n<p><span style=\"text-decoration: underline\"><i><b>Ann\u00e9es 2020 \u2013 2019<\/b><\/i><\/span><\/p>\n<p><a href=\"http:\/\/www.kananas.com\/aphrap2844\/wp-content\/uploads\/sites\/830\/2020\/12\/La-Lettre-54-.pdf\"><em>&#8211; Lettre n\u00b0 54 (d\u00e9c.20)<\/em><\/a><\/p>\n<p><em><a href=\"http:\/\/www.kananas.com\/aphrap2844\/wp-content\/uploads\/sites\/830\/2020\/06\/La-Lettre-53-.pdf\"><span style=\"text-decoration: underline\">&#8211; Lettre n\u00b0 53 (juin 20)<\/span><\/a><\/em><\/p>\n<p><em><a href=\"http:\/\/www.kananas.com\/aphrap2844\/wp-content\/uploads\/sites\/830\/2020\/08\/La-Lettre-52-.pdf\">&#8211; Lettre n\u00b0 52 (d\u00e9c. 19)<\/a><\/em><\/p>\n<p><em><span style=\"text-decoration: underline\"> &#8211;<a href=\"http:\/\/www.kananas.com\/aphrap2844\/wp-content\/uploads\/sites\/830\/2019\/07\/La-Lettre-51.pdf\"> Lettre n\u00b0 51 (juill.19)<\/a><\/span><\/em><\/p>\n<p><span style=\"text-decoration: underline\"><i><b>Ann\u00e9es 2018 \u2013 2017<\/b><\/i><\/span><\/p>\n<p><em>&#8211; <a href=\"http:\/\/www.kananas.com\/aphrap2844\/wp-content\/uploads\/sites\/830\/2018\/12\/La-Lettre-50-.pdf\">Lettre n\u00b0 50 (d\u00e9c. 18)<\/a><\/em><\/p>\n<p><em>&#8211; <a href=\"http:\/\/www.kananas.com\/aphrap2844\/wp-content\/uploads\/sites\/830\/2018\/07\/La-Lettre-49.pdf\">Lettre n\u00b0 49 (juill. 18)<\/a><\/em><\/p>\n<p><em>&#8211; <a href=\"http:\/\/www.kananas.com\/aphrap2844\/wp-content\/uploads\/sites\/830\/2017\/12\/La-Lettre-48-Diff.pdf\">Lettre n\u00b0 48 (d\u00e9c. 17)<\/a><\/em><\/p>\n<p><em>&#8211;<a href=\"http:\/\/www.kananas.com\/aphrap2844\/wp-content\/uploads\/sites\/830\/2020\/10\/La-Lettre-47-Diff.pdf\"> Lettre n\u00b0 47 (juill. 17)<\/a><\/em><\/p>\n<p><span style=\"text-decoration: underline\"><i><b>Ann\u00e9es 2016 &#8211; 2015<\/b><\/i><\/span><\/p>\n<p><em>&#8211;\u00a0<a href=\"http:\/\/www.kananas.com\/aphrap2844\/wp-content\/uploads\/sites\/830\/2020\/08\/Lettre-46-diff2.pdf\">Lettre n\u00b0 46 (d\u00e9c. 16)<\/a><\/em><\/p>\n<p><em>&#8211; <a href=\"http:\/\/www.kananas.com\/aphrap2844\/wp-content\/uploads\/sites\/830\/2016\/07\/La-Lettre-45-Diff.pdf\">Lettre n\u00b0 45 (juill. 16)<\/a><\/em><\/p>\n<p><em>&#8211; <a href=\"http:\/\/www.kananas.com\/aphrap2844\/wp-content\/uploads\/sites\/830\/2015\/12\/La-Lettre-44-diff.pdf\">Lettre n\u00b0 44 (d\u00e9c. 15)<\/a><\/em><\/p>\n<p><em>&#8211; <a href=\"http:\/\/www.kananas.com\/aphrap2844\/wp-content\/uploads\/sites\/830\/2015\/11\/Lettre-43-diff.pdf\">Lettre n\u00b0 43 (juill. 15)<\/a><\/em><\/p>\n<p><span style=\"text-decoration: underline\"><i style=\"font-style: italic\"><b style=\"color: #000000;text-decoration: underline\">Ann\u00e9es 2014 \u2013 2013<\/b><\/i><\/span><span style=\"font-size: small\"><i><b><span style=\"text-decoration: underline\">\u00a0<\/span>:<\/b><\/i><\/span><\/p>\n<p><em>&#8211; <a href=\"http:\/\/www.kananas.com\/aphrap2844\/wp-content\/uploads\/sites\/830\/2020\/08\/La-Lettre-42b-diff.pdf\">Lettre n\u00b042 (d\u00e9c. 14)<\/a><\/em><\/p>\n<p><em>&#8211; <span style=\"color: #008080\"><a style=\"color: #008080\" href=\"http:\/\/www.kananas.com\/aphrap2844\/wp-content\/uploads\/sites\/830\/2020\/08\/La-Lettre-41-diff.pdf\">Lettre n\u00b0 41 (juill. 14)<\/a><\/span><\/em><\/p>\n<p><em>&#8211; <a href=\"http:\/\/www.kananas.com\/aphrap2844\/wp-content\/uploads\/sites\/830\/2022\/01\/Lettre-40.pdf\">Lettre n\u00b0 40 (d\u00e9c. 13)<\/a><\/em><\/p>\n<p><em>&#8211; <a href=\"http:\/\/www.kananas.com\/aphrap2844\/wp-content\/uploads\/sites\/830\/2022\/01\/Lettre-39.pdf\">Lettre n\u00b0 39 (juill. 13)<\/a><\/em><\/p>\n<p><span style=\"text-decoration: underline\"><i style=\"font-style: italic\"><b style=\"color: #000000;text-decoration: underline\">Ann\u00e9es 2012 \u2013 2010<\/b><\/i><\/span><span style=\"font-size: small\"><i><b><span style=\"text-decoration: underline\">\u00a0<\/span>:<\/b><\/i><\/span><\/p>\n<p><em><span style=\"font-size: 12pt\">&#8211; <span style=\"color: #000080\"><span style=\"text-decoration: underline\"><a href=\"http:\/\/www.kananas.com\/aphrap2844\/wp-content\/uploads\/sites\/830\/2022\/01\/Lettre-38.pdf\">Lettre n\u00b0 38 (d\u00e9c. 12)<\/a><\/span><\/span><\/span><\/em><\/p>\n<p><em><span style=\"font-size: 12pt\">&#8211; <span style=\"color: #000080\"><span style=\"text-decoration: underline\"><a href=\"http:\/\/www.kananas.com\/aphrap2844\/wp-content\/uploads\/sites\/830\/2022\/01\/Lettre-37.pdf\">Lettre n\u00b0 37\u00a0 (juin 12)<\/a><\/span><\/span><\/span><\/em><\/p>\n<p><em><span style=\"font-size: 12pt\">&#8211; <span style=\"color: #000080\"><span style=\"text-decoration: underline\"><a href=\"http:\/\/www.kananas.com\/aphrap2844\/wp-content\/uploads\/sites\/830\/2022\/01\/Lettre-36.pdf\">Lettre n\u00b0 36 (d\u00e9c. 11)<\/a><\/span><\/span><\/span><\/em><\/p>\n<p><em><span style=\"font-size: 12pt\">&#8211; <span style=\"color: #000080\"><span style=\"text-decoration: underline\"><a href=\"http:\/\/www.kananas.com\/aphrap2844\/wp-content\/uploads\/sites\/830\/2022\/01\/Lettre-35.pdf\">Lettre n\u00b0 35 (juin 11)<\/a><\/span><\/span><\/span><\/em><\/p>\n<p><em><span style=\"font-size: 12pt\">&#8211; <span style=\"color: #000080\"><span style=\"text-decoration: underline\"><a href=\"http:\/\/www.kananas.com\/aphrap2844\/wp-content\/uploads\/sites\/830\/2022\/01\/Lettre-34.pdf\">Lettre n\u00b0 34 (d\u00e9c. 10)<\/a><\/span><\/span><\/span><\/em><\/p>\n<p><em><span style=\"font-size: 12pt\">&#8211; <span style=\"color: #000080\"><span style=\"text-decoration: underline\"><a href=\"http:\/\/www.kananas.com\/aphrap2844\/wp-content\/uploads\/sites\/830\/2022\/01\/Lettre-33.pdf\">Lettre n\u00b0 33 (juillet 10)<\/a><\/span><\/span><\/span><\/em><\/p>\n<p><span style=\"text-decoration: underline\"><i style=\"font-style: italic\"><b style=\"color: #000000;text-decoration: underline\">Ann\u00e9es 2009 \u2013 2008<\/b><\/i><\/span><span style=\"font-size: small\"><i><b><span style=\"text-decoration: underline\">\u00a0<\/span>:<\/b><\/i><\/span><\/p>\n<p><em><span style=\"font-size: 12pt\">&#8211; <a href=\"http:\/\/www.kananas.com\/aphrap2844\/wp-content\/uploads\/sites\/830\/2022\/01\/Lettre-32.pdf\">Lettre n\u00b0 32\u00a0(d\u00e9c. 09)<\/a><\/span><\/em><\/p>\n<p><em><span style=\"font-size: 12pt\">&#8211; <span style=\"color: #000080\"><span style=\"text-decoration: underline\"><a href=\"http:\/\/www.kananas.com\/aphrap2844\/wp-content\/uploads\/sites\/830\/2022\/01\/Lettre-31.pdf\">Lettre n\u00b0 31 (juin 09)<\/a><\/span><\/span><\/span><\/em><\/p>\n<p><em><span style=\"font-size: 12pt\">&#8211; <span style=\"color: #000080\"><span style=\"text-decoration: underline\"><a href=\"http:\/\/www.kananas.com\/aphrap2844\/wp-content\/uploads\/sites\/830\/2022\/01\/Lettre-30.pdf\">Lettre n\u00b0 30 (nov. 08)<\/a><\/span><\/span><\/span><\/em><\/p>\n<p><em><span style=\"font-size: 12pt\">&#8211; <span style=\"color: #000080\"><span style=\"text-decoration: underline\"><a href=\"http:\/\/www.kananas.com\/aphrap2844\/wp-content\/uploads\/sites\/830\/2022\/01\/Lettre-29.pdf\">Lettre n\u00b0 29 (juin 08)<\/a><\/span><\/span><\/span><\/em><\/p>\n<p><em><span style=\"font-size: 12pt\">&#8211; <span style=\"color: #000080\"><span style=\"text-decoration: underline\"><a href=\"http:\/\/www.kananas.com\/aphrap2844\/wp-content\/uploads\/sites\/830\/2022\/01\/Lettre-28.pdf\">Lettre n\u00b0 28 (jan. 08)<\/a><\/span><\/span><\/span><\/em><\/p>\n<p><i><b>Ann\u00e9es 2003 \u2013 2007 <\/b><\/i><i><b>:<\/b><\/i><\/p>\n<p><em>&#8211; Durant cette p\u00e9riode La Lettre est remplac\u00e9e par le \u00ab\u00a0Flash infos du num\u00e9ro 01 \u00e0 27\u00a0\u00bb<\/em><\/p>\n<p><span style=\"font-size: medium\"><i><span style=\"text-decoration: underline\"><b>Ann\u00e9es 2002 \u2013 2000<\/b><\/span><\/i><\/span><span style=\"font-size: medium\"><i><b>\u00a0:<\/b><\/i><\/span><\/p>\n<p><em><span style=\"font-size: 12pt\">&#8211; <a href=\"http:\/\/www.kananas.com\/aphrap2844\/wp-content\/uploads\/sites\/830\/2022\/01\/Lettre-08.pdf\">Lettre n\u00b0 8\u00a0(nov. 02)<\/a><\/span><\/em><\/p>\n<p><em><span style=\"font-size: 12pt\">&#8211; <span style=\"color: #000080\"><span style=\"text-decoration: underline\"><a href=\"http:\/\/www.kananas.com\/aphrap2844\/wp-content\/uploads\/sites\/830\/2022\/01\/Lettre-07.pdf\">Lettre n\u00b0 7 (avr. 02)<\/a><\/span><\/span><\/span><\/em><\/p>\n<p><em><span style=\"font-size: 12pt\">&#8211; <span style=\"color: #000080\"><span style=\"text-decoration: underline\"><a href=\"http:\/\/www.kananas.com\/aphrap2844\/wp-content\/uploads\/sites\/830\/2022\/01\/Lettre-06.pdf\">Lettre n\u00b0 6 (d\u00e9c. 01)<\/a><\/span><\/span><\/span><\/em><\/p>\n<p><em><span style=\"font-size: 12pt\">&#8211; <span style=\"color: #000080\"><span style=\"text-decoration: underline\"><a href=\"http:\/\/www.kananas.com\/aphrap2844\/wp-content\/uploads\/sites\/830\/2022\/01\/Lettre-05.pdf\">Lettre n\u00b0 5 (juin 01)<\/a><\/span><\/span><\/span><\/em><\/p>\n<p><em><span style=\"font-size: 12pt\">&#8211; <a href=\"http:\/\/www.kananas.com\/aphrap2844\/wp-content\/uploads\/sites\/830\/2022\/01\/Lettre-04.pdf\"><span style=\"color: #000080\"><span style=\"text-decoration: underline\">Lettre n\u00b0 4 (f\u00e9v. 01)<\/span><\/span><\/a><\/span><\/em><\/p>\n<p><em><span style=\"font-size: 12pt\">&#8211; <span style=\"color: #000080\"><span style=\"text-decoration: underline\"><a href=\"http:\/\/www.kananas.com\/aphrap2844\/wp-content\/uploads\/sites\/830\/2022\/01\/Lettre-03.pdf\">Lettre n\u00b0 3 (d\u00e9c. 00)<\/a><\/span><\/span><\/span><\/em><\/p>\n<p><em><span style=\"font-size: 12pt\">&#8211; <span style=\"color: #000080\"><span style=\"text-decoration: underline\"><a href=\"http:\/\/www.kananas.com\/aphrap2844\/wp-content\/uploads\/sites\/830\/2022\/01\/Lettre-02.pdf\">Lettre n\u00b0 2\u00a0(mai 00)<\/a><\/span><\/span><\/span><\/em><\/p>\n<p><em><span style=\"font-size: 12pt\">&#8211; <span style=\"color: #000080\"><span style=\"text-decoration: underline\"><a href=\"http:\/\/www.kananas.com\/aphrap2844\/wp-content\/uploads\/sites\/830\/2022\/01\/Lettre-01.pdf\">Lettre n\u00b0 1 (\u00a0jan. 00)<\/a><\/span><\/span><\/span><\/em><\/p>\n","protected":false},"excerpt":{"rendered":"<p>Cette publication dont la fr\u00e9quence est g\u00e9n\u00e9ralement bis-annuelle a pour but de faire un r\u00e9capitulatif des sujets qui int\u00e9ressent les membres de l&rsquo;Association. Elle est l&rsquo;\u00e9l\u00e9ment essentiel d&rsquo;information pour les non-internautes. Pour plus de d\u00e9tails, cliquez sur l&rsquo;exemplaire qui vous &hellip; <a href=\"https:\/\/www.kananas.com\/aphrap2844\/information\/special\/lettre-aphrap-bibliotheque-en-preparation\/\">Continuer la lecture <span class=\"meta-nav\">&rarr;<\/span><\/a><\/p>\n","protected":false},"author":856,"featured_media":0,"parent":975,"menu_order":1,"comment_status":"closed","ping_status":"closed","template":"","meta":{"_crdt_document":"","footnotes":""},"class_list":["post-926","page","type-page","status-publish","hentry"],"_links":{"self":[{"href":"https:\/\/www.kananas.com\/aphrap2844\/wp-json\/wp\/v2\/pages\/926","targetHints":{"allow":["GET"]}}],"collection":[{"href":"https:\/\/www.kananas.com\/aphrap2844\/wp-json\/wp\/v2\/pages"}],"about":[{"href":"https:\/\/www.kananas.com\/aphrap2844\/wp-json\/wp\/v2\/types\/page"}],"author":[{"embeddable":true,"href":"https:\/\/www.kananas.com\/aphrap2844\/wp-json\/wp\/v2\/users\/856"}],"replies":[{"embeddable":true,"href":"https:\/\/www.kananas.com\/aphrap2844\/wp-json\/wp\/v2\/comments?post=926"}],"version-history":[{"count":13,"href":"https:\/\/www.kananas.com\/aphrap2844\/wp-json\/wp\/v2\/pages\/926\/revisions"}],"predecessor-version":[{"id":29775,"href":"https:\/\/www.kananas.com\/aphrap2844\/wp-json\/wp\/v2\/pages\/926\/revisions\/29775"}],"up":[{"embeddable":true,"href":"https:\/\/www.kananas.com\/aphrap2844\/wp-json\/wp\/v2\/pages\/975"}],"wp:attachment":[{"href":"https:\/\/www.kananas.com\/aphrap2844\/wp-json\/wp\/v2\/media?parent=926"}],"curies":[{"name":"wp","href":"https:\/\/api.w.org\/{rel}","templated":true}]}}