{"id":935,"date":"2013-01-28T15:43:30","date_gmt":"2013-01-28T14:43:30","guid":{"rendered":"http:\/\/www.aphrapnautes.fr\/wordpress\/?page_id=935"},"modified":"2023-07-16T15:08:43","modified_gmt":"2023-07-16T13:08:43","slug":"flash-infos-bibliotheque-en-preparation","status":"publish","type":"page","link":"https:\/\/www.kananas.com\/aphrap2844\/information\/flash-infos-bibliotheque-en-preparation\/","title":{"rendered":"Flash Infos (Biblioth\u00e8que)"},"content":{"rendered":"<h5><span style=\"color: #0000ff\"><strong><em>Cliquez sur le <span style=\"text-decoration: underline\">sujet qui vous int\u00e9resse<\/span> pour plus de d\u00e9tails ! \u00a0<\/em><\/strong><\/span><span style=\"color: #0000ff\"><strong><em>\u00a0<\/em><\/strong>(Classement ante-chronologique par ann\u00e9e)<\/span><\/h5>\n<p><span style=\"font-size: 14pt\"><em><span style=\"text-decoration: underline\"><b>Ann\u00e9e 2007<\/b><\/span><\/em><\/span><\/p>\n<p><span style=\"font-size: 12pt\"><em>&#8211; Flash Infos n\u00b0 27\u00a0(oct.)\u00a0: <a href=\"http:\/\/www.kananas.com\/aphrap2844\/wp-content\/uploads\/sites\/830\/2022\/01\/Flash-Infos-27.pdf\">Siou-Blanc + divers<\/a><\/em><\/span><\/p>\n<p><span style=\"font-size: 12pt\"><em>&#8211; Flash Infos n\u00b0 26\u00a0(avr.)\u00a0: <a href=\"http:\/\/www.kananas.com\/aphrap2844\/wp-content\/uploads\/sites\/830\/2022\/01\/Flash-Infos-26-.pdf\">Dentelles de Montmirail + divers<\/a><\/em><\/span><\/p>\n<p><span style=\"font-size: 12pt\"><em>&#8211; Flash Infos n\u00b0 25\u00a0(mars)\u00a0: <a href=\"http:\/\/www.kananas.com\/aphrap2844\/wp-content\/uploads\/sites\/830\/2022\/01\/Flash-Infos-25.pdf\">Visite Aix\/Prov. + Balcons de Ceyreste + AG<\/a><\/em><\/span><\/p>\n<p><span style=\"font-size: 12pt\"><em>&#8211; Flash Infos n\u00b0 24\u00a0(jan.)\u00a0: <a href=\"http:\/\/www.kananas.com\/aphrap2844\/wp-content\/uploads\/sites\/830\/2022\/01\/Flash-Infos-24.pdf\">Cha\u00eene de l&rsquo;Etoile + divers<\/a><\/em><\/span><\/p>\n<p>&nbsp;<\/p>\n<p><span style=\"font-size: 14pt\"><em><span style=\"text-decoration: underline\"><b>Ann\u00e9e 2006<\/b><\/span><\/em><\/span><\/p>\n<p><span style=\"font-size: 12pt\"><em>&#8211; Flash Infos n\u00b0 23\u00a0(nov.)\u00a0: <a href=\"http:\/\/www.kananas.com\/aphrap2844\/wp-content\/uploads\/sites\/830\/2022\/01\/Flash-Infos-23.pdf\">Divers<\/a><\/em><\/span><\/p>\n<p><span style=\"font-size: 12pt\"><em>&#8211; Flash Infos n\u00b0 22\u00a0(sept.)\u00a0:<a href=\"http:\/\/www.kananas.com\/aphrap2844\/wp-content\/uploads\/sites\/830\/2022\/01\/Flash-Infos-22.pdf\"> Boulbon + Abbaye de Frigolet<\/a><\/em><\/span><\/p>\n<p><span style=\"font-size: 12pt\"><em>&#8211; Flash Infos n\u00b0 21\u00a0(juin)\u00a0: <a href=\"http:\/\/www.kananas.com\/aphrap2844\/wp-content\/uploads\/sites\/830\/2022\/01\/Flash-Infos-21.pdf\">Divers<\/a><\/em><\/span><\/p>\n<p><span style=\"font-size: 12pt\"><em>&#8211; Flash Infos n\u00b0 20\u00a0(mai)\u00a0: <a href=\"http:\/\/www.kananas.com\/aphrap2844\/wp-content\/uploads\/sites\/830\/2022\/01\/Flash-Infos-20.pdf\">Presqu&rsquo;\u00eele de Giens + Journ\u00e9e Boules \u00e0 Bc + divers<\/a><\/em><\/span><\/p>\n<p><span style=\"font-size: 12pt\"><em>&#8211; Flash Infos n\u00b0 19\u00a0(mars)\u00a0: <a href=\"http:\/\/www.kananas.com\/aphrap2844\/wp-content\/uploads\/sites\/830\/2022\/01\/Flash-Infos-19.pdf\">Marais du Vigueirat + divers<\/a><\/em><\/span><\/p>\n<p><span style=\"font-size: 12pt\"><em>&#8211; Flash Infos n\u00b0 18\u00a0(f\u00e9v.)\u00a0: <a href=\"http:\/\/www.kananas.com\/aphrap2844\/wp-content\/uploads\/sites\/830\/2022\/01\/Flash-Infos-18.pdf\">AG + divers<\/a><\/em><\/span><\/p>\n<p>&nbsp;<\/p>\n<p><span style=\"font-size: 14pt\"><em><span style=\"text-decoration: underline\"><b>Ann\u00e9e 2005<\/b><\/span><\/em><\/span><\/p>\n<p><span style=\"font-size: 12pt\"><em>&#8211; Flash Infos n\u00b0 17\u00a0(d\u00e9c.)\u00a0: <a href=\"http:\/\/www.kananas.com\/aphrap2844\/wp-content\/uploads\/sites\/830\/2022\/01\/Flash-Infos-17.pdf\">AG + divers<\/a><\/em><\/span><\/p>\n<p><span style=\"font-size: 12pt\"><em>&#8211; Flash Infos n\u00b0 16\u00a0(sept.)\u00a0: <a href=\"http:\/\/www.kananas.com\/aphrap2844\/wp-content\/uploads\/sites\/830\/2022\/01\/Flash-Infos-16.pdf\">Vieux-Marseille + Pic du Taoum\u00e9 + divers<\/a><\/em><\/span><\/p>\n<p><span style=\"font-size: 12pt\"><em>&#8211; Flash Infos n\u00b0 15\u00a0(mai)\u00a0: <a href=\"http:\/\/www.kananas.com\/aphrap2844\/wp-content\/uploads\/sites\/830\/2022\/01\/Flash-Infos-15.pdf\">Anduze + Port d&rsquo;Alon + Journ\u00e9e Boules \u00e0 Nans\/Pins + divers<\/a><\/em><\/span><\/p>\n<p><span style=\"font-size: 12pt\"><em>&#8211; Flash Infos n\u00b0 14\u00a0(mars)\u00a0: <a href=\"http:\/\/www.kananas.com\/aphrap2844\/wp-content\/uploads\/sites\/830\/2022\/01\/Flash-Infos-14.pdf\">St R\u00e9my de Prov. + Anduze + AG 2004 (aper\u00e7u)<\/a><\/em><\/span><\/p>\n<p><span style=\"font-size: 12pt\"><em>&#8211; Flash Infos n\u00b0 13\u00a0(jan.)\u00a0: <a href=\"http:\/\/www.kananas.com\/aphrap2844\/wp-content\/uploads\/sites\/830\/2022\/01\/Flash-Infos-13.pdf\">Divers<\/a><\/em><\/span><\/p>\n<p>&nbsp;<\/p>\n<p><span style=\"font-size: 14pt\"><em><span style=\"text-decoration: underline\"><b>Ann\u00e9e 2004<\/b><\/span><\/em><\/span><\/p>\n<p><span style=\"font-size: 12pt\"><em>&#8211; Flash Infos n\u00b0 12\u00a0(oct.)\u00a0: <a href=\"http:\/\/www.kananas.com\/aphrap2844\/wp-content\/uploads\/sites\/830\/2022\/01\/Flash-Infos-12.pdf\">Taureau \u00e0 la broche \u00e0 Bc + Mont des Marseillais + divers<\/a><\/em><\/span><\/p>\n<p><span style=\"font-size: 12pt\"><em>&#8211; Flash Infos n\u00b0 11\u00a0(juin)\u00a0: <a href=\"http:\/\/www.kananas.com\/aphrap2844\/wp-content\/uploads\/sites\/830\/2022\/01\/Flash-Infos-11.pdf\">Taureau \u00e0 la broche \u00e0 Bc + divers<\/a><\/em><\/span><\/p>\n<p><span style=\"font-size: 12pt\"><em>&#8211; Flash Infos n\u00b0 10\u00a0(mai )\u00a0: <a href=\"http:\/\/www.kananas.com\/aphrap2844\/wp-content\/uploads\/sites\/830\/2022\/01\/Flash-Infos-10.pdf\">Pic des Mouches + divers<\/a><\/em><\/span><\/p>\n<p><span style=\"font-size: 12pt\"><em>&#8211; Flash Infos n\u00b0 9\u00a0 (avr.)\u00a0: <a href=\"http:\/\/www.kananas.com\/aphrap2844\/wp-content\/uploads\/sites\/830\/2022\/01\/Flash-Infos-09.pdf\">Sainte-Victoire + divers<\/a><\/em><\/span><\/p>\n<p><span style=\"font-size: 12pt\"><em>&#8211; Flash Infos n\u00b0 8\u00a0 (mars)\u00a0: <a href=\"http:\/\/www.kananas.com\/aphrap2844\/wp-content\/uploads\/sites\/830\/2022\/01\/Flash-Infos-08.pdf\">Cath\u00e9drale d&rsquo;images\u00a0: Alexandrie (Baux de Prov.)<\/a><\/em><\/span><\/p>\n<p><span style=\"font-size: 12pt\"><em>&#8211; Flash Infos n\u00b0 7\u00a0 (mars)\u00a0: <a href=\"http:\/\/www.kananas.com\/aphrap2844\/wp-content\/uploads\/sites\/830\/2022\/01\/Flash-Infos-07.pdf\">Sainte-Beaume + AG 2003 (CR)<\/a><\/em><\/span><\/p>\n<p><span style=\"font-size: 12pt\"><em>&#8211; Flash Infos n\u00b0 6\u00a0 (f\u00e9v.)\u00a0: <a href=\"http:\/\/www.kananas.com\/aphrap2844\/wp-content\/uploads\/sites\/830\/2022\/01\/Flash-Infos-06.pdf\">AG 2003 (convocation + divers)<\/a><\/em><\/span><\/p>\n<p><span style=\"font-size: 12pt\"><em>&#8211; Flash Infos n\u00b0 5 \u00a0(f\u00e9v.)\u00a0:\u00a0<a href=\"http:\/\/www.kananas.com\/aphrap2844\/wp-content\/uploads\/sites\/830\/2022\/01\/Flash-Infos-05.pdf\">AG + divers<\/a><\/em><\/span><\/p>\n<p>&nbsp;<\/p>\n<p><span style=\"font-size: 14pt\"><em><span style=\"text-decoration: underline\"><b>Ann\u00e9e 2003<\/b><\/span><\/em><\/span><\/p>\n<p><span style=\"font-size: 12pt\"><em>&#8211; Flash Infos n\u00b0 4\u00a0 (oct.)\u00a0: <a href=\"http:\/\/www.kananas.com\/aphrap2844\/wp-content\/uploads\/sites\/830\/2022\/01\/Flash-Infos-04.pdf\">Chateau de l&rsquo;Emp\u00e9ri + Siou-Blanc + divers<\/a><\/em><\/span><\/p>\n<p><span style=\"font-size: 12pt\"><em>&#8211; Flash Infos n\u00b0 3\u00a0 (sept.)\u00a0: <a href=\"http:\/\/www.kananas.com\/aphrap2844\/wp-content\/uploads\/sites\/830\/2022\/01\/Flash-Infos-03.pdf\">Mont Saint-Cyr + divers<\/a><\/em><\/span><\/p>\n<p><span style=\"font-size: 12pt\"><em>&#8211; Flash Infos n\u00b0 2\u00a0 (mai)\u00a0: <a href=\"http:\/\/www.kananas.com\/aphrap2844\/wp-content\/uploads\/sites\/830\/2022\/01\/Flash-Infos-02.pdf\">Le Latay + divers<\/a><\/em><\/span><\/p>\n<p><span style=\"font-size: 12pt\"><em>&#8211; Flash Infos n\u00b0 1\u00a0 (avr.)\u00a0: <a href=\"http:\/\/www.kananas.com\/aphrap2844\/wp-content\/uploads\/sites\/830\/2022\/01\/Flash-Infos-01.pdf\">AG + Animations 2003 + divers<\/a><\/em><\/span><\/p>\n<p>&nbsp;<\/p>\n","protected":false},"excerpt":{"rendered":"<p>Cliquez sur le sujet qui vous int\u00e9resse pour plus de d\u00e9tails ! \u00a0\u00a0(Classement ante-chronologique par ann\u00e9e) Ann\u00e9e 2007 &#8211; Flash Infos n\u00b0 27\u00a0(oct.)\u00a0: Siou-Blanc + divers &#8211; Flash Infos n\u00b0 26\u00a0(avr.)\u00a0: Dentelles de Montmirail + divers &#8211; Flash Infos n\u00b0 &hellip; <a href=\"https:\/\/www.kananas.com\/aphrap2844\/information\/flash-infos-bibliotheque-en-preparation\/\">Continuer la lecture <span class=\"meta-nav\">&rarr;<\/span><\/a><\/p>\n","protected":false},"author":856,"featured_media":0,"parent":19,"menu_order":2,"comment_status":"closed","ping_status":"closed","template":"","meta":{"_crdt_document":"","footnotes":""},"class_list":["post-935","page","type-page","status-publish","hentry"],"_links":{"self":[{"href":"https:\/\/www.kananas.com\/aphrap2844\/wp-json\/wp\/v2\/pages\/935","targetHints":{"allow":["GET"]}}],"collection":[{"href":"https:\/\/www.kananas.com\/aphrap2844\/wp-json\/wp\/v2\/pages"}],"about":[{"href":"https:\/\/www.kananas.com\/aphrap2844\/wp-json\/wp\/v2\/types\/page"}],"author":[{"embeddable":true,"href":"https:\/\/www.kananas.com\/aphrap2844\/wp-json\/wp\/v2\/users\/856"}],"replies":[{"embeddable":true,"href":"https:\/\/www.kananas.com\/aphrap2844\/wp-json\/wp\/v2\/comments?post=935"}],"version-history":[{"count":5,"href":"https:\/\/www.kananas.com\/aphrap2844\/wp-json\/wp\/v2\/pages\/935\/revisions"}],"predecessor-version":[{"id":27845,"href":"https:\/\/www.kananas.com\/aphrap2844\/wp-json\/wp\/v2\/pages\/935\/revisions\/27845"}],"up":[{"embeddable":true,"href":"https:\/\/www.kananas.com\/aphrap2844\/wp-json\/wp\/v2\/pages\/19"}],"wp:attachment":[{"href":"https:\/\/www.kananas.com\/aphrap2844\/wp-json\/wp\/v2\/media?parent=935"}],"curies":[{"name":"wp","href":"https:\/\/api.w.org\/{rel}","templated":true}]}}