{"id":172,"date":"2019-03-08T22:16:46","date_gmt":"2019-03-08T21:16:46","guid":{"rendered":"http:\/\/www.kananas.com\/associationacdelagardonnenque3123\/?page_id=172"},"modified":"2026-03-29T12:26:57","modified_gmt":"2026-03-29T10:26:57","slug":"contacts","status":"publish","type":"page","link":"https:\/\/www.kananas.com\/associationacdelagardonnenque3123\/","title":{"rendered":"Contacts"},"content":{"rendered":"<h1 style=\"text-align: left\">Si vous voulez nous contacter<\/h1>\n<div><span style=\"color: #000000\"><strong>Permanence t\u00e9l\u00e9phonique et physique<\/strong>.<\/span><\/div>\n<div><\/div>\n<div><span style=\"color: #000000\">Durant la saison d&rsquo;ouverture de la piscine, nous r\u00e9pondrons \u00e0 vos questions<\/span><\/div>\n<div><\/div>\n<div style=\"text-align: center\"><span style=\"color: #000000\"><strong>du mardi au samedi de 14h \u00e0 18h <\/strong><\/span><\/div>\n<div><\/div>\n<div style=\"text-align: center\"><span style=\"color: #000000\">en appelant\u00a0 le\u00a0<\/span><span style=\"color: #000000\"> <strong>07 57 57 15 25<\/strong><br \/>\n<\/span><\/p>\n<div><\/div>\n<\/div>\n<div><span style=\"color: #000000\">En dehors de ces cr\u00e9neaux horaires, vous pouvez laisser un message \u00e0 ce m\u00eame num\u00e9ro <\/span><span style=\"color: #000000\">ou \u00e9crire un mail \u00e0 l&rsquo;adresse ci-dessous, nous vous r\u00e9pondrons dans les 72 heures.<\/span><\/div>\n<div><\/div>\n<p><a href=\"mailto:ac.gardonnenque@gmail.com\" target=\"_blank\" rel=\"noopener noreferrer\">ac.gardonnenque@gmail.com<\/a><\/p>\n<p style=\"text-align: left\"><strong>Aquatique Club de la Gardonnenque<br \/>\n<\/strong>Rue du Lavoir<br \/>\n30190 Sauzet<\/p>\n<p>Suivez-nous aussi sur nos pages <a href=\"https:\/\/www.facebook.com\/PiscineSauzet\">Facebook<\/a> et <a href=\"https:\/\/www.instagram.com\/piscinesauzet\/\">Instagram<\/a><\/p>\n","protected":false},"excerpt":{"rendered":"<p>Si vous voulez nous contacter Permanence t\u00e9l\u00e9phonique et physique. Durant la saison d&rsquo;ouverture de la piscine, nous r\u00e9pondrons \u00e0 vos questions du mardi au samedi de 14h \u00e0 18h en appelant\u00a0 le\u00a0 07 57 57 15 25 En dehors de ces cr\u00e9neaux horaires, vous pouvez laisser un message \u00e0 ce m\u00eame num\u00e9ro ou \u00e9crire un mail \u00e0 l&rsquo;adresse ci-dessous, nous&#8230; <a href=\"https:\/\/www.kananas.com\/associationacdelagardonnenque3123\/\">Read more &raquo;<\/a><\/p>\n","protected":false},"author":1428,"featured_media":0,"parent":0,"menu_order":0,"comment_status":"closed","ping_status":"closed","template":"","meta":{"_crdt_document":"","footnotes":""},"class_list":["post-172","page","type-page","status-publish","hentry"],"_links":{"self":[{"href":"https:\/\/www.kananas.com\/associationacdelagardonnenque3123\/wp-json\/wp\/v2\/pages\/172","targetHints":{"allow":["GET"]}}],"collection":[{"href":"https:\/\/www.kananas.com\/associationacdelagardonnenque3123\/wp-json\/wp\/v2\/pages"}],"about":[{"href":"https:\/\/www.kananas.com\/associationacdelagardonnenque3123\/wp-json\/wp\/v2\/types\/page"}],"author":[{"embeddable":true,"href":"https:\/\/www.kananas.com\/associationacdelagardonnenque3123\/wp-json\/wp\/v2\/users\/1428"}],"replies":[{"embeddable":true,"href":"https:\/\/www.kananas.com\/associationacdelagardonnenque3123\/wp-json\/wp\/v2\/comments?post=172"}],"version-history":[{"count":10,"href":"https:\/\/www.kananas.com\/associationacdelagardonnenque3123\/wp-json\/wp\/v2\/pages\/172\/revisions"}],"predecessor-version":[{"id":841,"href":"https:\/\/www.kananas.com\/associationacdelagardonnenque3123\/wp-json\/wp\/v2\/pages\/172\/revisions\/841"}],"wp:attachment":[{"href":"https:\/\/www.kananas.com\/associationacdelagardonnenque3123\/wp-json\/wp\/v2\/media?parent=172"}],"curies":[{"name":"wp","href":"https:\/\/api.w.org\/{rel}","templated":true}]}}